{"id":973,"date":"2018-07-11T07:19:21","date_gmt":"2018-07-11T07:19:21","guid":{"rendered":"http:\/\/wmzpn1.home.pl\/autoinstalator\/wordpress1\/?page_id=973"},"modified":"2026-01-05T21:58:04","modified_gmt":"2026-01-05T21:58:04","slug":"zarzad","status":"publish","type":"page","link":"https:\/\/wmzpn.pl\/?page_id=973","title":{"rendered":"Zarz\u0105d"},"content":{"rendered":"<div class=\"wpb-content-wrapper\"><p>[vc_row][vc_column width=&#8221;2\/3&#8243;][vc_single_image image=&#8221;1141&#8243; img_size=&#8221;full&#8221; alignment=&#8221;center&#8221; onclick=&#8221;custom_link&#8221; css_animation=&#8221;fadeInDown&#8221; link=&#8221;http:\/\/wmzpn1.home.pl\/autoinstalator\/wordpress1\/?page_id=973&#8243;][vc_column_text css_animation=&#8221;none&#8221;]<img loading=\"lazy\" decoding=\"async\" class=\"alignnone size-full wp-image-1743\" src=\"http:\/\/wmzpn1.home.pl\/autoinstalator\/wordpress1\/wp-content\/uploads\/2018\/08\/marek-1.png\" alt=\"\" width=\"130\" height=\"155\" \/>Marek \u0141ukiewski \u2013 <em>Prezes<\/em><br \/>\n<img loading=\"lazy\" decoding=\"async\" class=\"alignnone size-full wp-image-1122\" src=\"http:\/\/wmzpn1.home.pl\/autoinstalator\/wordpress1\/wp-content\/uploads\/2018\/07\/PROFIL-2.png\" alt=\"\" width=\"130\" height=\"155\" \/> Leszek Kopiczy\u0144ski \u2013 <em>Wiceprezes\u00a0<\/em><\/p>\n<p><img loading=\"lazy\" decoding=\"async\" class=\"alignnone size-full wp-image-1122\" src=\"http:\/\/wmzpn1.home.pl\/autoinstalator\/wordpress1\/wp-content\/uploads\/2018\/07\/PROFIL-2.png\" alt=\"\" width=\"130\" height=\"155\" \/> Mariusz Niedzi\u00f3\u0142ka \u2013 Wiceprezes<\/p>\n<p><img loading=\"lazy\" decoding=\"async\" class=\"alignnone size-full wp-image-1122\" src=\"http:\/\/wmzpn1.home.pl\/autoinstalator\/wordpress1\/wp-content\/uploads\/2018\/07\/PROFIL-2.png\" alt=\"\" width=\"130\" height=\"155\" \/> Tomasz P\u0142oski \u2013 <em>Wiceprezes<\/em><br \/>\n<img loading=\"lazy\" decoding=\"async\" class=\"alignnone size-full wp-image-1122\" src=\"http:\/\/wmzpn1.home.pl\/autoinstalator\/wordpress1\/wp-content\/uploads\/2018\/07\/PROFIL-2.png\" alt=\"\" width=\"130\" height=\"155\" \/> Edward Szmul \u2013 <em>Wiceprezes<\/em><br \/>\n<img loading=\"lazy\" decoding=\"async\" class=\"alignnone size-full wp-image-1122\" src=\"http:\/\/wmzpn1.home.pl\/autoinstalator\/wordpress1\/wp-content\/uploads\/2018\/07\/PROFIL-2.png\" alt=\"\" width=\"130\" height=\"155\" \/> Krzysztof B\u0105czek<\/p>\n<p><img loading=\"lazy\" decoding=\"async\" class=\"alignnone size-full wp-image-1122\" src=\"http:\/\/wmzpn1.home.pl\/autoinstalator\/wordpress1\/wp-content\/uploads\/2018\/07\/PROFIL-2.png\" alt=\"\" width=\"130\" height=\"155\" \/> Krzysztof Fedak<br \/>\n<img loading=\"lazy\" decoding=\"async\" class=\"alignnone size-full wp-image-1122\" src=\"http:\/\/wmzpn1.home.pl\/autoinstalator\/wordpress1\/wp-content\/uploads\/2018\/07\/PROFIL-2.png\" alt=\"\" width=\"130\" height=\"155\" \/> Bogus\u0142aw Fijas<br \/>\n<img loading=\"lazy\" decoding=\"async\" class=\"alignnone size-full wp-image-1122\" src=\"http:\/\/wmzpn1.home.pl\/autoinstalator\/wordpress1\/wp-content\/uploads\/2018\/07\/PROFIL-2.png\" alt=\"\" width=\"130\" height=\"155\" \/> Jacek Jankowski<br \/>\n<img loading=\"lazy\" decoding=\"async\" class=\"alignnone size-full wp-image-1122\" src=\"http:\/\/wmzpn1.home.pl\/autoinstalator\/wordpress1\/wp-content\/uploads\/2018\/07\/PROFIL-2.png\" alt=\"\" width=\"130\" height=\"155\" \/> Kamil Koz\u0142owski<\/p>\n<p><img loading=\"lazy\" decoding=\"async\" class=\"alignnone size-full wp-image-1122\" src=\"http:\/\/wmzpn1.home.pl\/autoinstalator\/wordpress1\/wp-content\/uploads\/2018\/07\/PROFIL-2.png\" alt=\"\" width=\"130\" height=\"155\" \/> Karol Lizurej<br \/>\n<img loading=\"lazy\" decoding=\"async\" class=\"alignnone size-full wp-image-1122\" src=\"http:\/\/wmzpn1.home.pl\/autoinstalator\/wordpress1\/wp-content\/uploads\/2018\/07\/PROFIL-2.png\" alt=\"\" width=\"130\" height=\"155\" \/> Mariusz Miecznikowski<\/p>\n<p><img loading=\"lazy\" decoding=\"async\" class=\"alignnone size-full wp-image-1122\" src=\"http:\/\/wmzpn1.home.pl\/autoinstalator\/wordpress1\/wp-content\/uploads\/2018\/07\/PROFIL-2.png\" alt=\"\" width=\"130\" height=\"155\" \/> Emilia Nowica<br \/>\n<img loading=\"lazy\" decoding=\"async\" class=\"alignnone size-full wp-image-1122\" src=\"http:\/\/wmzpn1.home.pl\/autoinstalator\/wordpress1\/wp-content\/uploads\/2018\/07\/PROFIL-2.png\" alt=\"\" width=\"130\" height=\"155\" \/> Tomasz Rebell<br \/>\n<img loading=\"lazy\" decoding=\"async\" class=\"alignnone size-full wp-image-1122\" src=\"http:\/\/wmzpn1.home.pl\/autoinstalator\/wordpress1\/wp-content\/uploads\/2018\/07\/PROFIL-2.png\" alt=\"\" width=\"130\" height=\"155\" \/> Przemys\u0142aw Witkowski<br \/>\n<img loading=\"lazy\" decoding=\"async\" class=\"alignnone size-full wp-image-1122\" src=\"http:\/\/wmzpn1.home.pl\/autoinstalator\/wordpress1\/wp-content\/uploads\/2018\/07\/PROFIL-2.png\" alt=\"\" width=\"130\" height=\"155\" \/> Mieczys\u0142aw Zawistowski<\/p>\n<p><img loading=\"lazy\" decoding=\"async\" class=\"alignnone size-full wp-image-1122\" src=\"http:\/\/wmzpn1.home.pl\/autoinstalator\/wordpress1\/wp-content\/uploads\/2018\/07\/PROFIL-2.png\" alt=\"\" width=\"130\" height=\"155\" \/> Piotr \u017burawel<\/p>\n<p><img loading=\"lazy\" decoding=\"async\" class=\"alignnone size-full wp-image-1159\" src=\"http:\/\/wmzpn1.home.pl\/autoinstalator\/wordpress1\/wp-content\/uploads\/2018\/07\/FAKE.png\" alt=\"\" width=\"38\" height=\"34\" \/>[\/vc_column_text][\/vc_column][vc_column width=&#8221;1\/3&#8243;][vc_widget_sidebar sidebar_id=&#8221;td-default&#8221;][\/vc_column][\/vc_row]<\/p>\n<\/div>","protected":false},"excerpt":{"rendered":"<p>[vc_row][vc_column width=&#8221;2\/3&#8243;][vc_single_image image=&#8221;1141&#8243; img_size=&#8221;full&#8221; alignment=&#8221;center&#8221; onclick=&#8221;custom_link&#8221; css_animation=&#8221;fadeInDown&#8221; link=&#8221;http:\/\/wmzpn1.home.pl\/autoinstalator\/wordpress1\/?page_id=973&#8243;][vc_column_text css_animation=&#8221;none&#8221;]Marek \u0141ukiewski \u2013 Prezes Leszek Kopiczy\u0144ski \u2013 Wiceprezes\u00a0 Mariusz Niedzi\u00f3\u0142ka \u2013 Wiceprezes Tomasz P\u0142oski \u2013 Wiceprezes Edward Szmul \u2013 Wiceprezes Krzysztof B\u0105czek Krzysztof Fedak Bogus\u0142aw Fijas Jacek Jankowski Kamil Koz\u0142owski Karol Lizurej Mariusz Miecznikowski Emilia Nowica Tomasz Rebell Przemys\u0142aw Witkowski Mieczys\u0142aw Zawistowski Piotr \u017burawel [\/vc_column_text][\/vc_column][vc_column width=&#8221;1\/3&#8243;][vc_widget_sidebar sidebar_id=&#8221;td-default&#8221;][\/vc_column][\/vc_row]<\/p>\n","protected":false},"author":2,"featured_media":0,"parent":0,"menu_order":0,"comment_status":"closed","ping_status":"closed","template":"","meta":{"footnotes":""},"class_list":["post-973","page","type-page","status-publish","hentry"],"_links":{"self":[{"href":"https:\/\/wmzpn.pl\/index.php?rest_route=\/wp\/v2\/pages\/973","targetHints":{"allow":["GET"]}}],"collection":[{"href":"https:\/\/wmzpn.pl\/index.php?rest_route=\/wp\/v2\/pages"}],"about":[{"href":"https:\/\/wmzpn.pl\/index.php?rest_route=\/wp\/v2\/types\/page"}],"author":[{"embeddable":true,"href":"https:\/\/wmzpn.pl\/index.php?rest_route=\/wp\/v2\/users\/2"}],"replies":[{"embeddable":true,"href":"https:\/\/wmzpn.pl\/index.php?rest_route=%2Fwp%2Fv2%2Fcomments&post=973"}],"version-history":[{"count":69,"href":"https:\/\/wmzpn.pl\/index.php?rest_route=\/wp\/v2\/pages\/973\/revisions"}],"predecessor-version":[{"id":47945,"href":"https:\/\/wmzpn.pl\/index.php?rest_route=\/wp\/v2\/pages\/973\/revisions\/47945"}],"wp:attachment":[{"href":"https:\/\/wmzpn.pl\/index.php?rest_route=%2Fwp%2Fv2%2Fmedia&parent=973"}],"curies":[{"name":"wp","href":"https:\/\/api.w.org\/{rel}","templated":true}]}}