{"id":8305,"date":"2019-09-19T13:19:48","date_gmt":"2019-09-19T13:19:48","guid":{"rendered":"http:\/\/wmzpn.pl\/?page_id=8305"},"modified":"2019-09-20T09:55:43","modified_gmt":"2019-09-20T09:55:43","slug":"o-programie","status":"publish","type":"page","link":"https:\/\/wmzpn.pl\/?page_id=8305","title":{"rendered":"O Programie"},"content":{"rendered":"<div class=\"wpb-content-wrapper\"><p>[vc_row][vc_column][vc_separator color=&#8221;custom&#8221; style=&#8221;dotted&#8221; border_width=&#8221;5&#8243; accent_color=&#8221;#269e34&#8243;][\/vc_column][\/vc_row][vc_row][vc_column width=&#8221;1\/6&#8243;][vc_single_image image=&#8221;8255&#8243; img_size=&#8221;full&#8221; onclick=&#8221;custom_link&#8221; link=&#8221;http:\/\/wmzpn.pl\/?page_id=8163&#8243;][\/vc_column][vc_column width=&#8221;1\/6&#8243;][vc_separator color=&#8221;white&#8221; border_width=&#8221;5&#8243;][vc_single_image image=&#8221;8276&#8243; img_size=&#8221;full&#8221; onclick=&#8221;custom_link&#8221; link=&#8221;http:\/\/wmzpn.pl\/?page_id=8288&#8243;][\/vc_column][vc_column width=&#8221;1\/6&#8243;][vc_separator color=&#8221;white&#8221; border_width=&#8221;5&#8243;][vc_single_image image=&#8221;8277&#8243; img_size=&#8221;full&#8221; onclick=&#8221;custom_link&#8221; link=&#8221;http:\/\/wmzpn.pl\/?page_id=8305&#8243;][\/vc_column][vc_column width=&#8221;1\/6&#8243;][vc_separator color=&#8221;white&#8221; border_width=&#8221;5&#8243;][vc_single_image image=&#8221;8278&#8243; img_size=&#8221;full&#8221; onclick=&#8221;custom_link&#8221; link=&#8221;http:\/\/wmzpn.pl\/?page_id=8312&#8243;][\/vc_column][vc_column width=&#8221;1\/6&#8243;][vc_separator color=&#8221;white&#8221; border_width=&#8221;5&#8243;][vc_single_image image=&#8221;8283&#8243; img_size=&#8221;full&#8221; onclick=&#8221;custom_link&#8221; link=&#8221;http:\/\/wmzpn.pl\/?page_id=8293&#8243;][\/vc_column][vc_column width=&#8221;1\/6&#8243;][vc_separator color=&#8221;white&#8221; border_width=&#8221;5&#8243;][vc_single_image image=&#8221;8284&#8243; img_size=&#8221;full&#8221; onclick=&#8221;custom_link&#8221; link=&#8221;http:\/\/wmzpn.pl\/?page_id=8295&#8243;][\/vc_column][\/vc_row][vc_row][vc_column width=&#8221;2\/3&#8243;][vc_column_text]Program \u201eMaster Coach\u201d to innowacyjny projekt, w kt\u00f3rym 11 uczestnik\u00f3w na prze\u0142omie wrze\u015bnia i pa\u017adziernika b\u0119dzie rywalizowa\u0142o o tytu\u0142 najlepszego trenera Warmii i Mazur! <span id=\"more-7128\"><\/span><\/p>\n<p>B\u0119dzie to pierwszy tego typu program w Polsce, kt\u00f3ry jest organizowany przez Warmi\u0144sko-Mazurski Zwi\u0105zek Pi\u0142ki No\u017cnej oraz najwi\u0119kszy sklep pi\u0142karski w Polsce <a href=\"http:\/\/R-GOL.com\">R-GOL.com<\/a>. Partnerem medialnym jest wydawca czasopisma <a href=\"https:\/\/asystent-trenera.pl\/\" target=\"_blank\" rel=\"noopener\">Asystent Trenera<\/a>.<\/p>\n<p><strong>FORMAT<\/strong><\/p>\n<p>Projekt ma by\u0107 swojego rodzaju talent show \u2013 cho\u0107 nie w klasycznym \u2013 telewizyjnym znaczeniu tego formatu. Tutaj liczy\u0107 najbardziej b\u0119d\u0105 si\u0119 wiedza, umiej\u0119tno\u015bci trenerskie oraz warsztat.<\/p>\n<p>Trenerzy, kt\u00f3rzy zakwalifikuj\u0105 si\u0119 do programu, wezm\u0105 udzia\u0142 w trzech spotkaniach warsztatowych, podczas kt\u00f3rych b\u0119d\u0105 musieli wykaza\u0107 si\u0119 wiedz\u0105 teoretyczn\u0105 oraz praktyczn\u0105 z tematyki poruszanej na zaj\u0119ciach. Dodatkowo uczestnicy programu podczas ka\u017cdego warsztatu, wezm\u0105 udzia\u0142 w specjalnie przygotowanych zadaniach konkursowych. Celem programu jest zwr\u00f3cenie uwagi na potrzeb\u0119 ci\u0105g\u0142ego szkolenia i doskonalenia umiej\u0119tno\u015bci oraz wiedzy trenerskiej.<\/p>\n<p>Trener\u00f3w, kt\u00f3rzy b\u0119d\u0105 rywalizowa\u0107 o tytu\u0142 \u201eMaster Coacha\u201d oceni jury prowadz\u0105ce program, w sk\u0142adzie: Marcin Przybyli\u0144ski, kierownik ds. szkolenia WMZPN i Remigiusz Soboci\u0144ski, by\u0142y zawodnik klub\u00f3w takich jak Jagiellonia Bia\u0142ystok i \u015al\u0105sk Wroc\u0142aw. Na ka\u017cdym z trzech spotka\u0144 warsztatowych dodatkowymi cz\u0142onkami jury b\u0119d\u0105 go\u015bcie specjalni \u2013 trenerzy reprezentacji Polski!<\/p>\n<p>Zwie\u0144czeniem warsztat\u00f3w b\u0119dzie fina\u0142, kt\u00f3ry odb\u0119dzie si\u0119 w sklepie\u2026 a w\u0142a\u015bciwie w pi\u0142karskim centrum rozrywkowo-eventowo-szkoleniowym R-GOL.com, kt\u00f3re mie\u015bci si\u0119 w Warszawie przy ul. Pu\u0142awskiej 255.<\/p>\n<p>W finale we\u017amie udzia\u0142 trzech trener\u00f3w, kt\u00f3rzy zostan\u0105 wy\u0142onieni z jedenastki uczestnik\u00f3w, na podstawie punktacji zebranej podczas warsztat\u00f3w. Po ostatecznej ocenie jury warsztat\u00f3w prowadzonych przez finalist\u00f3w \u2013 poznamy trenera, kt\u00f3ry zdob\u0119dzie tytu\u0142 \u201eMaster Coacha\u201d!<\/p>\n<p><strong>NAGRODY<\/strong><\/p>\n<p>Sam tytu\u0142 to nie wszystko. Zwyci\u0119zca programu znajdzie si\u0119 na ok\u0142adce czasopisma \u201eAsystent Trenera\u201d, gdzie b\u0119dzie m\u00f3g\u0142 przeczyta\u0107 artyku\u0142 swojego autorstwa! Dodatkowo \u201eMaster Coach\u201d zostanie zaproszony w roli prelegenta na konferencj\u0119 trenersk\u0105 WMZPN oraz otrzyma voucher od firmy R-GOL na kwot\u0119 1 000 z\u0142. Nagrod\u0105 dla tr\u00f3jki finalist\u00f3w b\u0119dzie sta\u017c trenerski w jednym z czo\u0142owych polskich klub\u00f3w oraz roczna prenumerata czasopisma \u201eAsystent Trenera\u201d.<\/p>\n<p>Uczestnicy, kt\u00f3rzy zakwalifikuj\u0105 si\u0119 do programu otrzymaj\u0105 12 godzin w doszkalaniu trener\u00f3w wymaganych do licencji trenerskich.[\/vc_column_text][\/vc_column][vc_column width=&#8221;1\/3&#8243;][vc_separator color=&#8221;custom&#8221; style=&#8221;dotted&#8221; border_width=&#8221;5&#8243; accent_color=&#8221;#269e34&#8243;][vc_column_text css=&#8221;.vc_custom_1568920432424{margin-top: -10px !important;}&#8221;]<\/p>\n<p style=\"text-align: center;\"><strong>PRODUKCJA<\/strong><\/p>\n<p>[\/vc_column_text][vc_single_image image=&#8221;7882&#8243; img_size=&#8221;full&#8221; onclick=&#8221;custom_link&#8221; css=&#8221;.vc_custom_1568972894627{margin-top: -20px !important;}&#8221; link=&#8221;https:\/\/www.r-gol.com\/&#8221;][vc_single_image image=&#8221;8349&#8243; img_size=&#8221;full&#8221; css=&#8221;.vc_custom_1568920004873{margin-top: -20px !important;}&#8221;][vc_separator color=&#8221;custom&#8221; style=&#8221;dotted&#8221; border_width=&#8221;5&#8243; accent_color=&#8221;#269e34&#8243; css=&#8221;.vc_custom_1568920437812{margin-top: -10px !important;}&#8221;][vc_column_text css=&#8221;.vc_custom_1568920443484{margin-top: -10px !important;}&#8221;]<\/p>\n<p style=\"text-align: center;\"><strong>PARTNER MEDIALNY<br \/>\n<\/strong><\/p>\n<p>[\/vc_column_text][vc_single_image image=&#8221;8351&#8243; img_size=&#8221;full&#8221; onclick=&#8221;custom_link&#8221; css=&#8221;.vc_custom_1568972919320{margin-top: -40px !important;}&#8221; link=&#8221;https:\/\/asystent-trenera.pl\/&#8221;][vc_separator color=&#8221;custom&#8221; style=&#8221;dotted&#8221; border_width=&#8221;5&#8243; accent_color=&#8221;#269e34&#8243; css=&#8221;.vc_custom_1568920452592{margin-top: -10px !important;}&#8221;][vc_column_text css=&#8221;.vc_custom_1568920457990{margin-top: -10px !important;}&#8221;]<\/p>\n<p style=\"text-align: center;\"><strong>REALIZACJA<br \/>\n<\/strong><\/p>\n<p>[\/vc_column_text][vc_single_image image=&#8221;8353&#8243; img_size=&#8221;full&#8221; onclick=&#8221;custom_link&#8221; css=&#8221;.vc_custom_1568972969347{margin-top: -35px !important;}&#8221; link=&#8221;https:\/\/www.mlynstudio.pl\/&#8221;][vc_separator color=&#8221;custom&#8221; style=&#8221;dotted&#8221; border_width=&#8221;5&#8243; accent_color=&#8221;#269e34&#8243; css=&#8221;.vc_custom_1568920464423{margin-top: -10px !important;}&#8221;][vc_column_text css=&#8221;.vc_custom_1568920469827{margin-top: -10px !important;}&#8221;]<\/p>\n<p style=\"text-align: center;\"><strong>PROWADZ\u0104CA<\/strong><\/p>\n<p>[\/vc_column_text][vc_single_image image=&#8221;8357&#8243; img_size=&#8221;full&#8221; css=&#8221;.vc_custom_1568920271072{margin-top: -20px !important;}&#8221;][vc_column_text css=&#8221;.vc_custom_1568920249415{margin-top: -20px !important;}&#8221;]<\/p>\n<p style=\"text-align: center;\"><em>Martyna Lewandowska-Oliwa<\/em><\/p>\n<p>[\/vc_column_text][\/vc_column][\/vc_row][vc_row][vc_column][vc_separator color=&#8221;custom&#8221; style=&#8221;dotted&#8221; border_width=&#8221;5&#8243; accent_color=&#8221;#269e34&#8243;][\/vc_column][\/vc_row]<\/p>\n<\/div>","protected":false},"excerpt":{"rendered":"<p>[vc_row][vc_column][vc_separator color=&#8221;custom&#8221; style=&#8221;dotted&#8221; border_width=&#8221;5&#8243; accent_color=&#8221;#269e34&#8243;][\/vc_column][\/vc_row][vc_row][vc_column width=&#8221;1\/6&#8243;][vc_single_image image=&#8221;8255&#8243; img_size=&#8221;full&#8221; onclick=&#8221;custom_link&#8221; link=&#8221;http:\/\/wmzpn.pl\/?page_id=8163&#8243;][\/vc_column][vc_column width=&#8221;1\/6&#8243;][vc_separator color=&#8221;white&#8221; border_width=&#8221;5&#8243;][vc_single_image image=&#8221;8276&#8243; img_size=&#8221;full&#8221; onclick=&#8221;custom_link&#8221; link=&#8221;http:\/\/wmzpn.pl\/?page_id=8288&#8243;][\/vc_column][vc_column width=&#8221;1\/6&#8243;][vc_separator color=&#8221;white&#8221; border_width=&#8221;5&#8243;][vc_single_image image=&#8221;8277&#8243; img_size=&#8221;full&#8221; onclick=&#8221;custom_link&#8221; link=&#8221;http:\/\/wmzpn.pl\/?page_id=8305&#8243;][\/vc_column][vc_column width=&#8221;1\/6&#8243;][vc_separator color=&#8221;white&#8221; border_width=&#8221;5&#8243;][vc_single_image image=&#8221;8278&#8243; img_size=&#8221;full&#8221; onclick=&#8221;custom_link&#8221; link=&#8221;http:\/\/wmzpn.pl\/?page_id=8312&#8243;][\/vc_column][vc_column width=&#8221;1\/6&#8243;][vc_separator color=&#8221;white&#8221; border_width=&#8221;5&#8243;][vc_single_image image=&#8221;8283&#8243; img_size=&#8221;full&#8221; onclick=&#8221;custom_link&#8221; link=&#8221;http:\/\/wmzpn.pl\/?page_id=8293&#8243;][\/vc_column][vc_column width=&#8221;1\/6&#8243;][vc_separator color=&#8221;white&#8221; border_width=&#8221;5&#8243;][vc_single_image image=&#8221;8284&#8243; img_size=&#8221;full&#8221; onclick=&#8221;custom_link&#8221; link=&#8221;http:\/\/wmzpn.pl\/?page_id=8295&#8243;][\/vc_column][\/vc_row][vc_row][vc_column width=&#8221;2\/3&#8243;][vc_column_text]Program \u201eMaster Coach\u201d to innowacyjny projekt, w kt\u00f3rym 11 uczestnik\u00f3w [&hellip;]<\/p>\n","protected":false},"author":2,"featured_media":0,"parent":0,"menu_order":0,"comment_status":"closed","ping_status":"closed","template":"","meta":{"footnotes":""},"class_list":["post-8305","page","type-page","status-publish","hentry"],"_links":{"self":[{"href":"https:\/\/wmzpn.pl\/index.php?rest_route=\/wp\/v2\/pages\/8305","targetHints":{"allow":["GET"]}}],"collection":[{"href":"https:\/\/wmzpn.pl\/index.php?rest_route=\/wp\/v2\/pages"}],"about":[{"href":"https:\/\/wmzpn.pl\/index.php?rest_route=\/wp\/v2\/types\/page"}],"author":[{"embeddable":true,"href":"https:\/\/wmzpn.pl\/index.php?rest_route=\/wp\/v2\/users\/2"}],"replies":[{"embeddable":true,"href":"https:\/\/wmzpn.pl\/index.php?rest_route=%2Fwp%2Fv2%2Fcomments&post=8305"}],"version-history":[{"count":40,"href":"https:\/\/wmzpn.pl\/index.php?rest_route=\/wp\/v2\/pages\/8305\/revisions"}],"predecessor-version":[{"id":8405,"href":"https:\/\/wmzpn.pl\/index.php?rest_route=\/wp\/v2\/pages\/8305\/revisions\/8405"}],"wp:attachment":[{"href":"https:\/\/wmzpn.pl\/index.php?rest_route=%2Fwp%2Fv2%2Fmedia&parent=8305"}],"curies":[{"name":"wp","href":"https:\/\/api.w.org\/{rel}","templated":true}]}}