{"id":8295,"date":"2019-09-19T13:16:02","date_gmt":"2019-09-19T13:16:02","guid":{"rendered":"http:\/\/wmzpn.pl\/?page_id=8295"},"modified":"2019-10-29T12:15:35","modified_gmt":"2019-10-29T12:15:35","slug":"jury","status":"publish","type":"page","link":"https:\/\/wmzpn.pl\/?page_id=8295","title":{"rendered":"Jury"},"content":{"rendered":"<div class=\"wpb-content-wrapper\"><p>[vc_row][vc_column][vc_separator color=&#8221;custom&#8221; style=&#8221;dotted&#8221; border_width=&#8221;5&#8243; accent_color=&#8221;#269e34&#8243;][\/vc_column][\/vc_row][vc_row][vc_column width=&#8221;1\/6&#8243;][vc_single_image image=&#8221;8255&#8243; img_size=&#8221;full&#8221; onclick=&#8221;custom_link&#8221; link=&#8221;http:\/\/wmzpn.pl\/?page_id=8163&#8243;][\/vc_column][vc_column width=&#8221;1\/6&#8243;][vc_separator color=&#8221;white&#8221; border_width=&#8221;5&#8243;][vc_single_image image=&#8221;8276&#8243; img_size=&#8221;full&#8221; onclick=&#8221;custom_link&#8221; link=&#8221;http:\/\/wmzpn.pl\/?page_id=8288&#8243;][\/vc_column][vc_column width=&#8221;1\/6&#8243;][vc_separator color=&#8221;white&#8221; border_width=&#8221;5&#8243;][vc_single_image image=&#8221;8277&#8243; img_size=&#8221;full&#8221; onclick=&#8221;custom_link&#8221; link=&#8221;http:\/\/wmzpn.pl\/?page_id=8305&#8243;][\/vc_column][vc_column width=&#8221;1\/6&#8243;][vc_separator color=&#8221;white&#8221; border_width=&#8221;5&#8243;][vc_single_image image=&#8221;8278&#8243; img_size=&#8221;full&#8221; onclick=&#8221;custom_link&#8221; link=&#8221;http:\/\/wmzpn.pl\/?page_id=8312&#8243;][\/vc_column][vc_column width=&#8221;1\/6&#8243;][vc_separator color=&#8221;white&#8221; border_width=&#8221;5&#8243;][vc_single_image image=&#8221;8283&#8243; img_size=&#8221;full&#8221; onclick=&#8221;custom_link&#8221; link=&#8221;http:\/\/wmzpn.pl\/?page_id=8293&#8243;][\/vc_column][vc_column width=&#8221;1\/6&#8243;][vc_separator color=&#8221;white&#8221; border_width=&#8221;5&#8243;][vc_single_image image=&#8221;8284&#8243; img_size=&#8221;full&#8221; onclick=&#8221;custom_link&#8221; link=&#8221;http:\/\/wmzpn.pl\/?page_id=8295&#8243;][\/vc_column][\/vc_row][vc_row][vc_column width=&#8221;1\/3&#8243;][vc_single_image image=&#8221;8717&#8243; img_size=&#8221;full&#8221;][vc_column_text]<\/p>\n<p style=\"text-align: right;\"><strong><span class=\"_5yl5\">BART\u0141OMIEJ ZALEWSKI<\/span><\/strong><\/p>\n<p>[\/vc_column_text][vc_separator color=&#8221;green&#8221; style=&#8221;dotted&#8221; border_width=&#8221;5&#8243;][vc_column_text]<\/p>\n<p style=\"text-align: right;\">GO\u015a\u0106 SPECJALNY &#8211; WARSZTAT NR.1<\/p>\n<p style=\"text-align: right;\">Prac\u0119 w Ekstraklasie rozpocz\u0105\u0142 w Cracovii, gdzie zosta\u0142 trenerem dru\u017cyny M\u0142odej Ekstraklasy, a nast\u0119pnie drugim szkoleniowcem oraz trenerem przygotowania fizycznego pierwszej dru\u017cyny. W kolejnych latach pe\u0142ni\u0142 rol\u0119 asystenta Micha\u0142a Probierza w Jagiellonii Bia\u0142ystok, Arisie Saloniki, czy Wi\u015ble Krak\u00f3w. Od lat pracuje z m\u0142odzie\u017cowymi reprezentacjami Polski. Obecnie pe\u0142ni rol\u0119 selekcjonera reprezentacji Polski U-19. Ponadto jest Koordynatorem projektu Talent Pro, realizowanego przez Polski Zwi\u0105zek Pi\u0142ki No\u017cnej.<\/p>\n<p style=\"text-align: right;\"><span class=\"_5yl5\">\u00a0<\/span><\/p>\n<p>[\/vc_column_text][\/vc_column][vc_column width=&#8221;1\/3&#8243;][vc_single_image image=&#8221;8864&#8243; img_size=&#8221;full&#8221;][vc_column_text]<\/p>\n<p style=\"text-align: center;\"><strong><span class=\"_5yl5\">MAREK DRAGOSZ<\/span><\/strong><\/p>\n<p>[\/vc_column_text][vc_separator color=&#8221;green&#8221; style=&#8221;dotted&#8221; border_width=&#8221;5&#8243;][vc_column_text]<\/p>\n<p style=\"text-align: center;\">GO\u015a\u0106 SPECJALNY &#8211; WARSZTAT NR.2<\/p>\n<p style=\"text-align: center;\">Trener pi\u0142ki no\u017cnej UEFA A. Specjalista treningu bramkarskiego. Posiada certyfikaty federacji Holandii, Anglii i Irlandii. Prelegent wielu szkole\u0144 i kurs\u00f3w w Polsce i zagranic\u0105. Za\u0142o\u017cyciel &#8220;Goalkeepers Foundation&#8221; pomagaj\u0105cej m\u0142odym zawodnikom i trenerom na ca\u0142ym \u015bwiecie. Siedem lat temu powo\u0142a\u0142 pierwsz\u0105 Reprezentacj\u0119 Polski AMP Futbolu, z kt\u00f3r\u0105 zdoby\u0142 4 miejsce Mistrzostw \u015awiata w 2014 roku oraz br\u0105zowy medal Mistrzostw Europy w roku 2017. Ostatni sukces jego dru\u017cyny, kt\u00f3ra zawsze jest \u201ejedn\u0105 nog\u0105 w finale\u201d to zwyci\u0119stwo w tegorocznej edycji turnieju AMP FUTBOL CUP.<\/p>\n<p>[\/vc_column_text][\/vc_column][vc_column width=&#8221;1\/3&#8243;][vc_single_image image=&#8221;9176&#8243; img_size=&#8221;full&#8221;][vc_column_text]<\/p>\n<p style=\"text-align: left;\"><strong><span class=\"_5yl5\">MARCIN DORNA<\/span><\/strong><\/p>\n<p>[\/vc_column_text][vc_separator color=&#8221;green&#8221; style=&#8221;dotted&#8221; border_width=&#8221;5&#8243;][vc_column_text]<\/p>\n<p style=\"text-align: left;\">GO\u015a\u0106 SPECJALNY &#8211; WARSZTAT NR.3<\/p>\n<p>Od 11 lat pracuje w Polskim Zwi\u0105zku Pi\u0142ki No\u017cnej, gdzie prowadzi kolejne reprezentacje juniorskie. W 2012 roku z kadr\u0105 do lat 17 dotar\u0142 do p\u00f3\u0142fina\u0142u m\u0142odzie\u017cowych Mistrzostwach Europy. Nast\u0119pnie, jako selekcjoner prowadzi\u0142 reprezentacj\u0119 do lat 21. Obecnie pe\u0142ni funkcj\u0119 wicedyrektora sportowego ds. szkolenia PZPN oraz trenera Kadry Polski U-17.[\/vc_column_text][\/vc_column][\/vc_row][vc_row][vc_column width=&#8221;1\/2&#8243;][vc_single_image image=&#8221;8379&#8243; img_size=&#8221;full&#8221;][vc_column_text]<\/p>\n<p style=\"text-align: right;\"><strong><span class=\"_5yl5\">MARCIN PRZYBYLI\u0143SKI<\/span><\/strong><\/p>\n<p>[\/vc_column_text][vc_separator color=&#8221;green&#8221; style=&#8221;dotted&#8221; border_width=&#8221;5&#8243;][vc_column_text]<\/p>\n<p style=\"text-align: right;\"><span class=\"_5yl5\">Wychowanek Stomilu Olsztyn i m\u0142odzie\u017cowy Reprezentant Polski. Gra\u0142 w Polonii Lidzbark Warmi\u0144ski, Drw\u0119cy Nowe Miasto Lubawskie i Huraganie Mor\u0105g. Od 9 lat zwi\u0105zany z Warmi\u0144sko-Mazurskim Zwi\u0105zkiem Pi\u0142ki No\u017cnej, w kt\u00f3rym odpowiada za szeroko poj\u0119te szkolenie trener\u00f3w. Obecnie pe\u0142ni funkcj\u0119 Wojew\u00f3dzkiego Koordynatora Kszta\u0142cenia i Licencjonowania Trener\u00f3w.<\/span> Na co dzie\u0144 trenuje junior\u00f3w Warmii Olsztyn.<\/p>\n<p>[\/vc_column_text][\/vc_column][vc_column width=&#8221;1\/2&#8243;][vc_single_image image=&#8221;8380&#8243; img_size=&#8221;full&#8221;][vc_column_text]<\/p>\n<p style=\"text-align: left;\"><strong><span class=\"_5yl5\">REMIGIUSZ SOBOCI\u0143SKI<\/span><\/strong><\/p>\n<p>[\/vc_column_text][vc_separator color=&#8221;green&#8221; style=&#8221;dotted&#8221; border_width=&#8221;5&#8243;][vc_column_text]<span class=\"_5yl5\">Jeden z najwybitniejszych zawodnik\u00f3w Warmii i Mazur. Ma na swoim koncie ponad 200 rozegranych spotka\u0144 w ekstraklasie. Wyst\u0119powa\u0142 w Jagielloni Bia\u0142ystok, \u015al\u0105sku Wroc\u0142aw oraz w Amice Wronki, z kt\u00f3r\u0105 trzykrotnie zdoby\u0142 Puchar Polski i jeden Superpuchar Polski. Debiutowa\u0142 w i\u0142awskim Jezioraku. Nie zamierza zawiesza\u0107 but\u00f3w na ko\u0142ki i od kilku sezon\u00f3w gra w barwach GKSu Wikielec. To w\u0142a\u015bnie w tym klubie od 4 lat pe\u0142ni funkcj\u0119 trenera jednej z grup m\u0142odzie\u017cowych. <\/span>[\/vc_column_text][\/vc_column][\/vc_row][vc_row][vc_column][vc_separator color=&#8221;custom&#8221; style=&#8221;dotted&#8221; border_width=&#8221;5&#8243; accent_color=&#8221;#269e34&#8243;][\/vc_column][\/vc_row]<\/p>\n<\/div>","protected":false},"excerpt":{"rendered":"<p>[vc_row][vc_column][vc_separator color=&#8221;custom&#8221; style=&#8221;dotted&#8221; border_width=&#8221;5&#8243; accent_color=&#8221;#269e34&#8243;][\/vc_column][\/vc_row][vc_row][vc_column width=&#8221;1\/6&#8243;][vc_single_image image=&#8221;8255&#8243; img_size=&#8221;full&#8221; onclick=&#8221;custom_link&#8221; link=&#8221;http:\/\/wmzpn.pl\/?page_id=8163&#8243;][\/vc_column][vc_column width=&#8221;1\/6&#8243;][vc_separator color=&#8221;white&#8221; border_width=&#8221;5&#8243;][vc_single_image image=&#8221;8276&#8243; img_size=&#8221;full&#8221; onclick=&#8221;custom_link&#8221; link=&#8221;http:\/\/wmzpn.pl\/?page_id=8288&#8243;][\/vc_column][vc_column width=&#8221;1\/6&#8243;][vc_separator color=&#8221;white&#8221; border_width=&#8221;5&#8243;][vc_single_image image=&#8221;8277&#8243; img_size=&#8221;full&#8221; onclick=&#8221;custom_link&#8221; link=&#8221;http:\/\/wmzpn.pl\/?page_id=8305&#8243;][\/vc_column][vc_column width=&#8221;1\/6&#8243;][vc_separator color=&#8221;white&#8221; border_width=&#8221;5&#8243;][vc_single_image image=&#8221;8278&#8243; img_size=&#8221;full&#8221; onclick=&#8221;custom_link&#8221; link=&#8221;http:\/\/wmzpn.pl\/?page_id=8312&#8243;][\/vc_column][vc_column width=&#8221;1\/6&#8243;][vc_separator color=&#8221;white&#8221; border_width=&#8221;5&#8243;][vc_single_image image=&#8221;8283&#8243; img_size=&#8221;full&#8221; onclick=&#8221;custom_link&#8221; link=&#8221;http:\/\/wmzpn.pl\/?page_id=8293&#8243;][\/vc_column][vc_column width=&#8221;1\/6&#8243;][vc_separator color=&#8221;white&#8221; border_width=&#8221;5&#8243;][vc_single_image image=&#8221;8284&#8243; img_size=&#8221;full&#8221; onclick=&#8221;custom_link&#8221; link=&#8221;http:\/\/wmzpn.pl\/?page_id=8295&#8243;][\/vc_column][\/vc_row][vc_row][vc_column width=&#8221;1\/3&#8243;][vc_single_image image=&#8221;8717&#8243; img_size=&#8221;full&#8221;][vc_column_text] BART\u0141OMIEJ ZALEWSKI [\/vc_column_text][vc_separator color=&#8221;green&#8221; style=&#8221;dotted&#8221; border_width=&#8221;5&#8243;][vc_column_text] GO\u015a\u0106 [&hellip;]<\/p>\n","protected":false},"author":2,"featured_media":0,"parent":0,"menu_order":0,"comment_status":"closed","ping_status":"closed","template":"","meta":{"footnotes":""},"class_list":["post-8295","page","type-page","status-publish","hentry"],"_links":{"self":[{"href":"https:\/\/wmzpn.pl\/index.php?rest_route=\/wp\/v2\/pages\/8295","targetHints":{"allow":["GET"]}}],"collection":[{"href":"https:\/\/wmzpn.pl\/index.php?rest_route=\/wp\/v2\/pages"}],"about":[{"href":"https:\/\/wmzpn.pl\/index.php?rest_route=\/wp\/v2\/types\/page"}],"author":[{"embeddable":true,"href":"https:\/\/wmzpn.pl\/index.php?rest_route=\/wp\/v2\/users\/2"}],"replies":[{"embeddable":true,"href":"https:\/\/wmzpn.pl\/index.php?rest_route=%2Fwp%2Fv2%2Fcomments&post=8295"}],"version-history":[{"count":28,"href":"https:\/\/wmzpn.pl\/index.php?rest_route=\/wp\/v2\/pages\/8295\/revisions"}],"predecessor-version":[{"id":9183,"href":"https:\/\/wmzpn.pl\/index.php?rest_route=\/wp\/v2\/pages\/8295\/revisions\/9183"}],"wp:attachment":[{"href":"https:\/\/wmzpn.pl\/index.php?rest_route=%2Fwp%2Fv2%2Fmedia&parent=8295"}],"curies":[{"name":"wp","href":"https:\/\/api.w.org\/{rel}","templated":true}]}}