{"id":40627,"date":"2024-05-07T08:24:15","date_gmt":"2024-05-07T08:24:15","guid":{"rendered":"https:\/\/wmzpn.pl\/?page_id=40627"},"modified":"2025-08-18T11:22:00","modified_gmt":"2025-08-18T11:22:00","slug":"jezioranki-2","status":"publish","type":"page","link":"https:\/\/wmzpn.pl\/?page_id=40627","title":{"rendered":"KKP Jezioranki I\u0142awa"},"content":{"rendered":"<div class=\"wpb-content-wrapper\"><p>[vc_row content_placement=&#8221;middle&#8221;][vc_column][vc_separator border_width=&#8221;2&#8243;][\/vc_column][\/vc_row][vc_row][vc_column width=&#8221;1\/3&#8243;][vc_raw_html]JTVCd3BkcmVhbXNfYWpheHNlYXJjaGxpdGUlNUQ=[\/vc_raw_html][vc_raw_html]JTVCaWtzX21lbnUlMjBpZCUzRCUyMjEyMDE4JTIyJTVE[\/vc_raw_html][\/vc_column][vc_column width=&#8221;1\/3&#8243;][vc_single_image image=&#8221;38955&#8243; img_size=&#8221;full&#8221;][vc_text_separator title=&#8221;pobierz herb&#8221;][vc_row_inner][vc_column_inner width=&#8221;1\/2&#8243;][vc_btn title=&#8221;png&#8221; align=&#8221;center&#8221; button_block=&#8221;true&#8221; link=&#8221;url:https%3A%2F%2Fwmzpn.pl%2Fwp-content%2Fuploads%2F2023%2F12%2Flogo-jezioranki.png|target:_blank&#8221;][\/vc_column_inner][vc_column_inner width=&#8221;1\/2&#8243;][vc_btn title=&#8221;jpg&#8221; align=&#8221;center&#8221; button_block=&#8221;true&#8221; link=&#8221;url:http%3A%2F%2Fwmzpn.pl%2Fwp-content%2Fuploads%2F2020%2F05%2Fstomilanki-olsztyn-1.jpg||target:%20_blank|&#8221;][\/vc_column_inner][\/vc_row_inner][vc_separator][vc_gmaps link=&#8221;#E-8_JTNDaWZyYW1lJTIwc3JjJTNEJTIyaHR0cHMlM0ElMkYlMkZ3d3cuZ29vZ2xlLmNvbSUyRm1hcHMlMkZlbWJlZCUzRnBiJTNEJTIxMW0xOCUyMTFtMTIlMjExbTMlMjExZDM3ODg1LjY4Mzg2Mjg2MTI3JTIxMmQxOS41MTgyMDI2MjIwMTgxNDglMjEzZDUzLjU5NjA0NDUxMzczODY0JTIxMm0zJTIxMWYwJTIxMmYwJTIxM2YwJTIxM20yJTIxMWkxMDI0JTIxMmk3NjglMjE0ZjEzLjElMjEzbTMlMjExbTIlMjExczB4NDcxZDQxNzU5NjliZjBlNyUyNTNBMHhkMTRhNTllYzNiMDJkYWJmJTIxMnpTY1dDWVhkaCUyMTVlMCUyMTNtMiUyMTFzcGwlMjEyc3BsJTIxNHYxNzE1MDcxNzI3NDg2JTIxNW0yJTIxMXNwbCUyMTJzcGwlMjIlMjB3aWR0aCUzRCUyMjYwMCUyMiUyMGhlaWdodCUzRCUyMjQ1MCUyMiUyMHN0eWxlJTNEJTIyYm9yZGVyJTNBMCUzQiUyMiUyMGFsbG93ZnVsbHNjcmVlbiUzRCUyMiUyMiUyMGxvYWRpbmclM0QlMjJsYXp5JTIyJTIwcmVmZXJyZXJwb2xpY3klM0QlMjJuby1yZWZlcnJlci13aGVuLWRvd25ncmFkZSUyMiUzRSUzQyUyRmlmcmFtZSUzRQ==&#8221; size=&#8221;365&#8243;][\/vc_column][vc_column width=&#8221;1\/3&#8243;][vc_wp_text]<strong>Jezioranki I\u0142awa<\/strong><\/p>\n<p><strong>barwy: b\u0142\u0119kitno &#8211; bia\u0142e<\/strong><\/p>\n<p><strong>rok za\u0142o\u017cenia:\u00a0<\/strong>2021<\/p>\n<p><strong>adres:\u00a0<\/strong>ul. Jagiello\u0144czyka 45, 10-062 Olsztyn<\/p>\n<p><strong>e-mail: <a class=\"mailto-link\" href=\"mailto:kkpjeziorankiilawa@gmail.com\" target=\"_blank\" rel=\"noopener\">kkpjeziorankiilawa@gmail.com<\/a><\/strong><\/p>\n<p><strong>Prezes: <\/strong>\u0141ukasz Gurowski[\/vc_wp_text][vc_wp_text]<strong>Media klubu:\u00a0 \u00a0<\/strong>\u00a0 <a href=\"https:\/\/www.facebook.com\/Stomilanki.Olsztyn\/\" target=\"_blank\" rel=\"noopener noreferrer\"><img loading=\"lazy\" decoding=\"async\" class=\"alignnone wp-image-12846\" src=\"http:\/\/wmzpn.pl\/wp-content\/uploads\/2020\/04\/facebook2.png\" alt=\"https:\/\/www.facebook.com\/profile.php?id=100057135142905\" width=\"35\" height=\"35\" \/><\/a>[\/vc_wp_text][vc_separator][vc_message]<strong>Dane nieaktualne?<\/strong><br \/>\nNapisz do nas na email: <a href=\"mailto:kamil.zawalich@wmzpn.pl\"><span style=\"color: #56b0ee;\">kamil.zawalich@wmzpn.pl<\/span><\/a><br \/>\ni daj zna\u0107 co nale\u017cy poprawi\u0107![\/vc_message][\/vc_column][\/vc_row][vc_row][vc_column][vc_zigzag][\/vc_column][\/vc_row]<\/p>\n<\/div>","protected":false},"excerpt":{"rendered":"<p>[vc_row content_placement=&#8221;middle&#8221;][vc_column][vc_separator border_width=&#8221;2&#8243;][\/vc_column][\/vc_row][vc_row][vc_column width=&#8221;1\/3&#8243;][vc_raw_html]JTVCd3BkcmVhbXNfYWpheHNlYXJjaGxpdGUlNUQ=[\/vc_raw_html][vc_raw_html]JTVCaWtzX21lbnUlMjBpZCUzRCUyMjEyMDE4JTIyJTVE[\/vc_raw_html][\/vc_column][vc_column width=&#8221;1\/3&#8243;][vc_single_image image=&#8221;38955&#8243; img_size=&#8221;full&#8221;][vc_text_separator title=&#8221;pobierz herb&#8221;][vc_row_inner][vc_column_inner width=&#8221;1\/2&#8243;][vc_btn title=&#8221;png&#8221; align=&#8221;center&#8221; button_block=&#8221;true&#8221; link=&#8221;url:https%3A%2F%2Fwmzpn.pl%2Fwp-content%2Fuploads%2F2023%2F12%2Flogo-jezioranki.png|target:_blank&#8221;][\/vc_column_inner][vc_column_inner width=&#8221;1\/2&#8243;][vc_btn title=&#8221;jpg&#8221; align=&#8221;center&#8221; button_block=&#8221;true&#8221; link=&#8221;url:http%3A%2F%2Fwmzpn.pl%2Fwp-content%2Fuploads%2F2020%2F05%2Fstomilanki-olsztyn-1.jpg||target:%20_blank|&#8221;][\/vc_column_inner][\/vc_row_inner][vc_separator][vc_gmaps link=&#8221;#E-8_JTNDaWZyYW1lJTIwc3JjJTNEJTIyaHR0cHMlM0ElMkYlMkZ3d3cuZ29vZ2xlLmNvbSUyRm1hcHMlMkZlbWJlZCUzRnBiJTNEJTIxMW0xOCUyMTFtMTIlMjExbTMlMjExZDM3ODg1LjY4Mzg2Mjg2MTI3JTIxMmQxOS41MTgyMDI2MjIwMTgxNDglMjEzZDUzLjU5NjA0NDUxMzczODY0JTIxMm0zJTIxMWYwJTIxMmYwJTIxM2YwJTIxM20yJTIxMWkxMDI0JTIxMmk3NjglMjE0ZjEzLjElMjEzbTMlMjExbTIlMjExczB4NDcxZDQxNzU5NjliZjBlNyUyNTNBMHhkMTRhNTllYzNiMDJkYWJmJTIxMnpTY1dDWVhkaCUyMTVlMCUyMTNtMiUyMTFzcGwlMjEyc3BsJTIxNHYxNzE1MDcxNzI3NDg2JTIxNW0yJTIxMXNwbCUyMTJzcGwlMjIlMjB3aWR0aCUzRCUyMjYwMCUyMiUyMGhlaWdodCUzRCUyMjQ1MCUyMiUyMHN0eWxlJTNEJTIyYm9yZGVyJTNBMCUzQiUyMiUyMGFsbG93ZnVsbHNjcmVlbiUzRCUyMiUyMiUyMGxvYWRpbmclM0QlMjJsYXp5JTIyJTIwcmVmZXJyZXJwb2xpY3klM0QlMjJuby1yZWZlcnJlci13aGVuLWRvd25ncmFkZSUyMiUzRSUzQyUyRmlmcmFtZSUzRQ==&#8221; size=&#8221;365&#8243;][\/vc_column][vc_column width=&#8221;1\/3&#8243;][vc_wp_text]Jezioranki I\u0142awa barwy: b\u0142\u0119kitno &#8211; bia\u0142e rok za\u0142o\u017cenia:\u00a02021 adres:\u00a0ul. Jagiello\u0144czyka 45, 10-062 Olsztyn e-mail: kkpjeziorankiilawa@gmail.com Prezes: \u0141ukasz Gurowski[\/vc_wp_text][vc_wp_text]Media klubu:\u00a0 \u00a0\u00a0 [\/vc_wp_text][vc_separator][vc_message]Dane nieaktualne? Napisz do nas na email: kamil.zawalich@wmzpn.pl i daj zna\u0107 co nale\u017cy poprawi\u0107![\/vc_message][\/vc_column][\/vc_row][vc_row][vc_column][vc_zigzag][\/vc_column][\/vc_row]<\/p>\n","protected":false},"author":2,"featured_media":0,"parent":0,"menu_order":0,"comment_status":"closed","ping_status":"closed","template":"","meta":{"footnotes":""},"class_list":["post-40627","page","type-page","status-publish","hentry"],"_links":{"self":[{"href":"https:\/\/wmzpn.pl\/index.php?rest_route=\/wp\/v2\/pages\/40627","targetHints":{"allow":["GET"]}}],"collection":[{"href":"https:\/\/wmzpn.pl\/index.php?rest_route=\/wp\/v2\/pages"}],"about":[{"href":"https:\/\/wmzpn.pl\/index.php?rest_route=\/wp\/v2\/types\/page"}],"author":[{"embeddable":true,"href":"https:\/\/wmzpn.pl\/index.php?rest_route=\/wp\/v2\/users\/2"}],"replies":[{"embeddable":true,"href":"https:\/\/wmzpn.pl\/index.php?rest_route=%2Fwp%2Fv2%2Fcomments&post=40627"}],"version-history":[{"count":6,"href":"https:\/\/wmzpn.pl\/index.php?rest_route=\/wp\/v2\/pages\/40627\/revisions"}],"predecessor-version":[{"id":46578,"href":"https:\/\/wmzpn.pl\/index.php?rest_route=\/wp\/v2\/pages\/40627\/revisions\/46578"}],"wp:attachment":[{"href":"https:\/\/wmzpn.pl\/index.php?rest_route=%2Fwp%2Fv2%2Fmedia&parent=40627"}],"curies":[{"name":"wp","href":"https:\/\/api.w.org\/{rel}","templated":true}]}}