{"id":38910,"date":"2023-12-16T11:03:40","date_gmt":"2023-12-16T11:03:40","guid":{"rendered":"https:\/\/wmzpn.pl\/?page_id=38910"},"modified":"2024-02-29T09:45:07","modified_gmt":"2024-02-29T09:45:07","slug":"wosp-oddzial-ilawa","status":"publish","type":"page","link":"https:\/\/wmzpn.pl\/?page_id=38910","title":{"rendered":"WOSP &#8211; Oddzia\u0142 I\u0142awa"},"content":{"rendered":"\n<p>wkr\u00f3tce pojawi si\u0119 tu opis tego oddzia\u0142u WOSP<\/p>\n\n\n<ul>\n<li><strong>Podstawowe informacje o o\u015brodku<\/strong><\/li>\n<\/ul>\n<p>O\u015brodek powsta\u0142 1 wrze\u015bnia 2023 roku. Miejsce: 14-200 I\u0142awa, ul. Kopernika 8a, e-mail: zsilawa.pl<\/p>\n<p>Lokalizacja Google Maps: https:\/\/maps.app.goo.gl\/QPDTtwtKya4sPh2z6<\/p>\n<p>Liczba oddzia\u0142\u00f3w: 38 (w tym kl I lo oddzia\u0142 sportowy \u2013 26 uczni\u00f3w)<\/p>\n<p>Liczba uczni\u00f3w: 1025<\/p>\n<p>Baza: boisko treningowe ze sztuczn\u0105 nawierzchni\u0105 Stadionu Miejskiego w I\u0142awie przy <br \/>Sienkiewicza 1, dwie szkolne sale gimnastyczne, boisko wielofunkcyjne, si\u0142ownia, basen miejski przy ICSTiR w I\u0142awie<\/p>\n<div id='gallery-1' class='gallery galleryid-38910 gallery-columns-1 gallery-size-td_696x385'><figure class='gallery-item'>\n\t\t\t<div class='gallery-icon landscape'>\n\t\t\t\t<a href='https:\/\/wmzpn.pl\/wp-content\/uploads\/2024\/02\/PHOTO-2024-01-16-14-56-32.jpg'><img loading=\"lazy\" decoding=\"async\" width=\"696\" height=\"385\" src=\"https:\/\/wmzpn.pl\/wp-content\/uploads\/2024\/02\/PHOTO-2024-01-16-14-56-32-696x385.jpg\" class=\"attachment-td_696x385 size-td_696x385\" alt=\"\" \/><\/a>\n\t\t\t<\/div><\/figure>\n\t\t<\/div>\n\n<div id='gallery-2' class='gallery galleryid-38910 gallery-columns-1 gallery-size-td_696x385'><figure class='gallery-item'>\n\t\t\t<div class='gallery-icon landscape'>\n\t\t\t\t<a href='https:\/\/wmzpn.pl\/wp-content\/uploads\/2024\/02\/PHOTO-2024-01-16-15-17-14.jpg'><img loading=\"lazy\" decoding=\"async\" width=\"696\" height=\"385\" src=\"https:\/\/wmzpn.pl\/wp-content\/uploads\/2024\/02\/PHOTO-2024-01-16-15-17-14-696x385.jpg\" class=\"attachment-td_696x385 size-td_696x385\" alt=\"\" \/><\/a>\n\t\t\t<\/div><\/figure><figure class='gallery-item'>\n\t\t\t<div class='gallery-icon landscape'>\n\t\t\t\t<a href='https:\/\/wmzpn.pl\/wp-content\/uploads\/2024\/02\/PHOTO-2024-01-16-14-56-30-2.jpg'><img loading=\"lazy\" decoding=\"async\" width=\"696\" height=\"385\" src=\"https:\/\/wmzpn.pl\/wp-content\/uploads\/2024\/02\/PHOTO-2024-01-16-14-56-30-2-696x385.jpg\" class=\"attachment-td_696x385 size-td_696x385\" alt=\"\" \/><\/a>\n\t\t\t<\/div><\/figure><figure class='gallery-item'>\n\t\t\t<div class='gallery-icon landscape'>\n\t\t\t\t<a href='https:\/\/wmzpn.pl\/wp-content\/uploads\/2024\/02\/PHOTO-2024-01-16-14-56-27.jpg'><img loading=\"lazy\" decoding=\"async\" width=\"696\" height=\"385\" src=\"https:\/\/wmzpn.pl\/wp-content\/uploads\/2024\/02\/PHOTO-2024-01-16-14-56-27-696x385.jpg\" class=\"attachment-td_696x385 size-td_696x385\" alt=\"\" \/><\/a>\n\t\t\t<\/div><\/figure>\n\t\t<\/div>\n\n<p>Wsp\u00f3\u0142pracuj\u0105ce kluby: ,,Jeziorak\u201d I\u0142awa, ,,Unia\u201d Susz, GKS Wikielec, ,,Constract\u201d Lubawa, ,,Motor\u201d Lubawa, ,,Jezioranki\u201d I\u0142awa<\/p>\n<ul>\n<li><strong>Trenerzy:<\/strong><\/li>\n<\/ul>\n<p>Wojciech Tarnowski \u2013 klasa I lo &#8211; licencja UEFA A<\/p>\n<p>Kamil J\u0119drzejewski \u2013 klasa I lo &#8211;\u00a0 licencja UEFA B , UEFA Goalkeeper B<\/p>\n<ul>\n<li><strong>Zdj\u0119cie klasy<\/strong><\/li>\n<\/ul>\n<p><img decoding=\"async\" src=\"https:\/\/wmzpn.pl\/wp-content\/uploads\/2024\/02\/PHOTO-2024-01-10-14-20-43-1024x768.jpg\" alt=\"Obrazek posiada pusty atrybut alt; plik o nazwie PHOTO-2024-01-10-14-20-43-1024x768.jpg\" \/><\/p>\n<ul>\n<li><strong>Dane kontaktowe\/koordynator<\/strong><\/li>\n<\/ul>\n<p><u>Sekretariat szko\u0142y:<\/u> 89\u00a0649 13 12<\/p>\n<p><u>Koordynator o\u015brodka<\/u>: Wojciech Tarnowski 793\u00a0701 875<\/p>\n<p>\u00a0<\/p>","protected":false},"excerpt":{"rendered":"<p>wkr\u00f3tce pojawi si\u0119 tu opis tego oddzia\u0142u WOSP Podstawowe informacje o o\u015brodku O\u015brodek powsta\u0142 1 wrze\u015bnia 2023 roku. Miejsce: 14-200 I\u0142awa, ul. Kopernika 8a, e-mail: zsilawa.pl Lokalizacja Google Maps: https:\/\/maps.app.goo.gl\/QPDTtwtKya4sPh2z6 Liczba oddzia\u0142\u00f3w: 38 (w tym kl I lo oddzia\u0142 sportowy \u2013 26 uczni\u00f3w) Liczba uczni\u00f3w: 1025 Baza: boisko treningowe ze sztuczn\u0105 nawierzchni\u0105 Stadionu Miejskiego w [&hellip;]<\/p>\n","protected":false},"author":7,"featured_media":0,"parent":0,"menu_order":0,"comment_status":"closed","ping_status":"closed","template":"","meta":{"footnotes":""},"class_list":["post-38910","page","type-page","status-publish","hentry"],"_links":{"self":[{"href":"https:\/\/wmzpn.pl\/index.php?rest_route=\/wp\/v2\/pages\/38910","targetHints":{"allow":["GET"]}}],"collection":[{"href":"https:\/\/wmzpn.pl\/index.php?rest_route=\/wp\/v2\/pages"}],"about":[{"href":"https:\/\/wmzpn.pl\/index.php?rest_route=\/wp\/v2\/types\/page"}],"author":[{"embeddable":true,"href":"https:\/\/wmzpn.pl\/index.php?rest_route=\/wp\/v2\/users\/7"}],"replies":[{"embeddable":true,"href":"https:\/\/wmzpn.pl\/index.php?rest_route=%2Fwp%2Fv2%2Fcomments&post=38910"}],"version-history":[{"count":4,"href":"https:\/\/wmzpn.pl\/index.php?rest_route=\/wp\/v2\/pages\/38910\/revisions"}],"predecessor-version":[{"id":39621,"href":"https:\/\/wmzpn.pl\/index.php?rest_route=\/wp\/v2\/pages\/38910\/revisions\/39621"}],"wp:attachment":[{"href":"https:\/\/wmzpn.pl\/index.php?rest_route=%2Fwp%2Fv2%2Fmedia&parent=38910"}],"curies":[{"name":"wp","href":"https:\/\/api.w.org\/{rel}","templated":true}]}}