{"id":38756,"date":"2023-12-08T14:38:55","date_gmt":"2023-12-08T14:38:55","guid":{"rendered":"https:\/\/wmzpn.pl\/?page_id=38756"},"modified":"2023-12-11T20:32:02","modified_gmt":"2023-12-11T20:32:02","slug":"zostan-sedzia-2","status":"publish","type":"page","link":"https:\/\/wmzpn.pl\/?page_id=38756","title":{"rendered":"ZOSTA\u0143 S\u0118DZI\u0104"},"content":{"rendered":"\n<p>W Polsce mamy ponad 8 tys. s\u0119dzi\u00f3w i s\u0119dzin z aktywn\u0105 licencj\u0105. Aby s\u0119dziowa\u0107 mecze oficjalnych rozgrywkach prowadzonych przez Polski Zwi\u0105zek Pi\u0142ki No\u017cnej lub Wojew\u00f3dzki Zwi\u0105zek Pi\u0142ki No\u017cnej nale\u017cy przej\u015b\u0107 kurs s\u0119dziowski i uzyska\u0107 licencj\u0119.<\/p>\n\n\n\n<p>S\u0119dziowa\u0107 mo\u017cna w ka\u017cdym wieku, nie ma g\u00f3rnych ogranicze\u0144. Dolny limit wieku to 16 lat. Zapraszamy wszystkich &#8211; kobiety, m\u0119\u017cczyzn, doros\u0142ych, pi\u0142karzy, student\u00f3w, uczni\u00f3w\u2026<\/p>\n\n\n\n<p>Kurs s\u0119dziowski w naszym wojew\u00f3dztwie &nbsp;sk\u0142ada si\u0119 z zaj\u0119\u0107 teoretycznych prowadzonych ONLINE przez jeden weekend. Zdobywa si\u0119 na nim podstawy teoretyczne. Kolejnym krokiem jest jednodniowy kurs praktyczny zako\u0144czony egzaminem, po&nbsp; kt\u00f3rego zdaniu nabywa si\u0119 uprawnienia s\u0119dziego pr\u00f3bnego. Pierwsze mecze s\u0119dziuje si\u0119 jako s\u0119dzia asystent w zespole z bardziej do\u015bwiadczonymi s\u0119dziami, zdobywaj\u0105c niezb\u0119dne umiej\u0119tno\u015bci i do\u015bwiadczenie. Nast\u0119pnie jako s\u0119dzia g\u0142\u00f3wny s\u0119dziuje si\u0119 mecze dzieci\u0119ce i m\u0142odzie\u017cowe, zdobywaj\u0105c kolejne umiej\u0119tno\u015bci i do\u015bwiadczenie. Szymon Marciniak i jego zesp\u00f3\u0142 te\u017c tak zaczynali!<\/p>\n\n\n\n<p><strong>Kiedy s\u0105 najbli\u017csze kursy s\u0119dziowskie i jak si\u0119 zapisa\u0107?<\/strong><\/p>\n\n\n\n<p>Szczeg\u00f3\u0142y na stronie: <a href=\"https:\/\/wmzpn.pl\/?page_id=2132\">https:\/\/wmzpn.pl\/?page_id=2132<\/a><\/p>\n\n\n\n<p><strong>Jeste\u015b czynnym zawodnikiem? Te\u017c mo\u017cesz s\u0119dziowa\u0107!<\/strong><\/p>\n\n\n\n<p>Wprowadzili\u015bmy u\u0142atwienia dla czynnych zawodnik\u00f3w. Nie musisz rezygnowa\u0107 z gry w pi\u0142k\u0119 no\u017cn\u0105 w swoim klubie, \u017ceby sprawdzi\u0107 si\u0119 w roli s\u0119dziego! Szczeg\u00f3\u0142y -&gt; <a href=\"https:\/\/wmzpn.pl\/?page_id=3882\">https:\/\/wmzpn.pl\/?page_id=3882<\/a><\/p>\n\n\n\n<p><strong>Inspiracje i materia\u0142y<\/strong><\/p>\n\n\n\n<p>Przepisy gry w pi\u0142k\u0119 no\u017cn\u0105: <a href=\"https:\/\/wmzpn.pl\/?page_id=2225\">https:\/\/wmzpn.pl\/?page_id=2225<\/a><\/p>\n\n\n\n<p>Filmy szkoleniowe: <a href=\"https:\/\/www.youtube.com\/wmzpnvar\">https:\/\/www.youtube.com\/wmzpnvar<\/a><\/p>\n\n\n\n<p>Znalaz\u0142e\u015b jak\u0105\u015b ciekaw\u0105 stron\u0119, informacj\u0119 lub materia\u0142 pokazuj\u0105cy dlaczego warto i jak zosta\u0107 s\u0119dzi\u0105? Daj nam zna\u0107 na adres <a href=\"mailto:wejdzdogry@wmzpn.pl\">wejdzdogry@wmzpn.pl<\/a>. Po otrzymaniu informacji od was, b\u0119dziemy aktualizowa\u0107 powy\u017csz\u0105 list\u0119 inspiracji i materia\u0142\u00f3w.<\/p>\n\n\n\n<p><strong>Przyk\u0142ady s\u0119dzi\u00f3w szczebla centralnego z naszego wojew\u00f3dztwa<\/strong><\/p>\n\n\n\n<p>Alojzy Jarguz<br>Zdzis\u0142aw Bakaluk<br>Wojciech Krzto\u0144<br>Marcin Szczerbowicz<br>Grzegorz Kawa\u0142ko<br>Krystian Mucha<\/p>\n\n\n\n<p>Wiesz o jakim\u015b s\u0119dziu\/jakiej\u015b s\u0119dzi z naszego wojew\u00f3dztwa, kt\u00f3ry\/kt\u00f3ra s\u0119dziowa\u0142\/a mecze na szczeblu centralnym, a nie ma jego\/jej na powy\u017cszej li\u015bcie? Daj nam zna\u0107 na adres <a href=\"mailto:wejdzdogry@wmzpn.pl\">wejdzdogry@wmzpn.pl<\/a>. Po otrzymaniu informacji od was, b\u0119dziemy aktualizowa\u0107 powy\u017csz\u0105 list\u0119 s\u0119dzi\u00f3w\/s\u0119dzin.<\/p>\n\n\n\n<p><strong>Przyk\u0142ady s\u0119dzi\u00f3w szczebla wojew\u00f3dzkiego z naszego wojew\u00f3dztwa<\/strong><\/p>\n\n\n\n<p>Wiesz o jakim\u015b s\u0119dziu\/jakiej\u015b s\u0119dzi z naszego wojew\u00f3dztwa, kt\u00f3ry\/kt\u00f3ra s\u0119dziowa\u0142\/a mecze na szczeblu wojew\u00f3dzkim i warto tu o nim \/ o niej wspomnie\u0107? Daj nam zna\u0107 na adres <a href=\"mailto:wejdzdogry@wmzpn.pl\">wejdzdogry@wmzpn.pl<\/a>. Po otrzymaniu informacji od was, b\u0119dziemy aktualizowa\u0107 powy\u017csz\u0105 list\u0119 s\u0119dzi\u00f3w\/s\u0119dzi.<\/p>\n","protected":false},"excerpt":{"rendered":"<p>W Polsce mamy ponad 8 tys. s\u0119dzi\u00f3w i s\u0119dzin z aktywn\u0105 licencj\u0105. Aby s\u0119dziowa\u0107 mecze oficjalnych rozgrywkach prowadzonych przez Polski Zwi\u0105zek Pi\u0142ki No\u017cnej lub Wojew\u00f3dzki Zwi\u0105zek Pi\u0142ki No\u017cnej nale\u017cy przej\u015b\u0107 kurs s\u0119dziowski i uzyska\u0107 licencj\u0119. S\u0119dziowa\u0107 mo\u017cna w ka\u017cdym wieku, nie ma g\u00f3rnych ogranicze\u0144. Dolny limit wieku to 16 lat. Zapraszamy wszystkich &#8211; kobiety, m\u0119\u017cczyzn, [&hellip;]<\/p>\n","protected":false},"author":7,"featured_media":0,"parent":0,"menu_order":0,"comment_status":"closed","ping_status":"closed","template":"","meta":{"footnotes":""},"class_list":["post-38756","page","type-page","status-publish","hentry"],"_links":{"self":[{"href":"https:\/\/wmzpn.pl\/index.php?rest_route=\/wp\/v2\/pages\/38756","targetHints":{"allow":["GET"]}}],"collection":[{"href":"https:\/\/wmzpn.pl\/index.php?rest_route=\/wp\/v2\/pages"}],"about":[{"href":"https:\/\/wmzpn.pl\/index.php?rest_route=\/wp\/v2\/types\/page"}],"author":[{"embeddable":true,"href":"https:\/\/wmzpn.pl\/index.php?rest_route=\/wp\/v2\/users\/7"}],"replies":[{"embeddable":true,"href":"https:\/\/wmzpn.pl\/index.php?rest_route=%2Fwp%2Fv2%2Fcomments&post=38756"}],"version-history":[{"count":2,"href":"https:\/\/wmzpn.pl\/index.php?rest_route=\/wp\/v2\/pages\/38756\/revisions"}],"predecessor-version":[{"id":38818,"href":"https:\/\/wmzpn.pl\/index.php?rest_route=\/wp\/v2\/pages\/38756\/revisions\/38818"}],"wp:attachment":[{"href":"https:\/\/wmzpn.pl\/index.php?rest_route=%2Fwp%2Fv2%2Fmedia&parent=38756"}],"curies":[{"name":"wp","href":"https:\/\/api.w.org\/{rel}","templated":true}]}}