{"id":38753,"date":"2023-12-08T14:38:12","date_gmt":"2023-12-08T14:38:12","guid":{"rendered":"https:\/\/wmzpn.pl\/?page_id=38753"},"modified":"2023-12-11T20:31:07","modified_gmt":"2023-12-11T20:31:07","slug":"zostan-trenerem-2","status":"publish","type":"page","link":"https:\/\/wmzpn.pl\/?page_id=38753","title":{"rendered":"ZOSTA\u0143 TRENEREM"},"content":{"rendered":"\n<p>W Polsce mamy blisko 25 tys. trener\u00f3w i trenerek z aktywn\u0105 licencj\u0105. Aby trenowa\u0107 dru\u017cyn\u0119 w klubie zrzeszonym w Polskim Zwi\u0105zku Pi\u0142ki No\u017cnej lub Wojew\u00f3dzkim Zwi\u0105zku Pi\u0142ki No\u017cnej nale\u017cy przej\u015b\u0107 odpowiedni kurs i uzyska\u0107 licencj\u0119.<\/p>\n\n\n\n<p>Pierwszym stopniem jest licencja UEFA Grassroots C umo\u017cliwiaj\u0105ca prowadzenie dru\u017cyn dzieci\u0119cych i m\u0142odzie\u017cowych do kategorii m\u0142odzik starszy (D1, U13) w\u0142\u0105cznie. Aby po raz pierwszy uzyska\u0107 t\u0105 licencj\u0119 trzeba przej\u015b\u0107 kurs UEFA Grassroots C.<\/p>\n\n\n\n<p><strong>Jak zapisa\u0107 si\u0119 na kurs UEFA Grassroots C ?<\/strong><\/p>\n\n\n\n<p>Szczeg\u00f3\u0142y na stronie: <a href=\"https:\/\/wmzpn.pl\/?page_id=2079\">https:\/\/wmzpn.pl\/?page_id=2079<\/a> <\/p>\n\n\n\n<p><strong>Jakie s\u0105 kolejne licencje i jakie daj\u0105 uprawnienia?<\/strong><\/p>\n\n\n\n<p>Szczeg\u00f3\u0142y na stronie: <a href=\"https:\/\/wmzpn.pl\/?page_id=2085\">https:\/\/wmzpn.pl\/?page_id=2085<\/a><\/p>\n\n\n\n<p><strong>Gdzie znajd\u0119 informacje o aktualnych kursach i szkoleniach w naszym wojew\u00f3dztwie?<\/strong><\/p>\n\n\n\n<p>Szczeg\u00f3\u0142y na stronie: <a href=\"https:\/\/wmzpn.pl\/?page_id=2081\">https:\/\/wmzpn.pl\/?page_id=2081<\/a><\/p>\n\n\n\n<p><strong>Inspiracje<\/strong><\/p>\n\n\n\n<p>Wykaz polecanych materia\u0142\u00f3w szkoleniowych: <a href=\"https:\/\/wmzpn.pl\/?p=11052\">https:\/\/wmzpn.pl\/?p=11052<\/a><\/p>\n\n\n\n<p>Znalaz\u0142e\u015b jak\u0105\u015b ciekaw\u0105 stron\u0119, informacj\u0119 lub materia\u0142 pokazuj\u0105cy dlaczego warto i jak zosta\u0107 trenerk\u0105\/trenerem? Daj nam zna\u0107 na adres <a href=\"mailto:wejdzdogry@wmzpn.pl\">wejdzdogry@wmzpn.pl<\/a>. Po otrzymaniu informacji od was, b\u0119dziemy aktualizowa\u0107 powy\u017csz\u0105 list\u0119 inspiracji.<\/p>\n\n\n\n<p><strong>Przyk\u0142ady zawodowych trener\u00f3w z naszego wojew\u00f3dztwa<\/strong><\/p>\n\n\n\n<p>Czes\u0142aw Michniewicz<br>Nina Patalon<br>Andrzej Bianga<\/p>\n\n\n\n<p>Wiesz o jakim\u015b trenerze\/trenerce z naszego wojew\u00f3dztwa, kt\u00f3ry\/kt\u00f3ra zrobi\u0142\/a zawodow\u0105 karier\u0119, a nie ma jego\/jej na powy\u017cszej li\u015bcie? Daj nam zna\u0107 na adres <a href=\"mailto:wejdzdogry@wmzpn.pl\">wejdzdogry@wmzpn.pl<\/a>. Po otrzymaniu informacji od was, b\u0119dziemy aktualizowa\u0107 powy\u017csz\u0105 list\u0119 trener\u00f3w\/trenerek.<\/p>\n\n\n\n<p><strong>Przyk\u0142ady p\u00f3\u0142zawodowych trener\u00f3w z naszego wojew\u00f3dztwa<\/strong><\/p>\n\n\n\n<p>Wiesz o jakim\u015b trenerze\/trenerce z naszego wojew\u00f3dztwa, kt\u00f3ry\/kt\u00f3ra \u0142\u0105czy\u0142\/a prowadzenie dru\u017cyny w IV lidze, wy\u017cszej klasie rozgrywkowej lub w najwy\u017cszych klasach rozgrywkowych m\u0142odzie\u017cy z prac\u0105 zawodow\u0105 i warto tu o nim \/ o niej wspomnie\u0107? Daj nam zna\u0107 na adres <a href=\"mailto:wejdzdogry@wmzpn.pl\">wejdzdogry@wmzpn.pl<\/a>. Po otrzymaniu informacji od was, b\u0119dziemy aktualizowa\u0107 powy\u017csz\u0105 list\u0119 trener\u00f3w\/trenerek.<\/p>\n","protected":false},"excerpt":{"rendered":"<p>W Polsce mamy blisko 25 tys. trener\u00f3w i trenerek z aktywn\u0105 licencj\u0105. Aby trenowa\u0107 dru\u017cyn\u0119 w klubie zrzeszonym w Polskim Zwi\u0105zku Pi\u0142ki No\u017cnej lub Wojew\u00f3dzkim Zwi\u0105zku Pi\u0142ki No\u017cnej nale\u017cy przej\u015b\u0107 odpowiedni kurs i uzyska\u0107 licencj\u0119. Pierwszym stopniem jest licencja UEFA Grassroots C umo\u017cliwiaj\u0105ca prowadzenie dru\u017cyn dzieci\u0119cych i m\u0142odzie\u017cowych do kategorii m\u0142odzik starszy (D1, U13) w\u0142\u0105cznie. [&hellip;]<\/p>\n","protected":false},"author":7,"featured_media":0,"parent":0,"menu_order":0,"comment_status":"closed","ping_status":"closed","template":"","meta":{"footnotes":""},"class_list":["post-38753","page","type-page","status-publish","hentry"],"_links":{"self":[{"href":"https:\/\/wmzpn.pl\/index.php?rest_route=\/wp\/v2\/pages\/38753","targetHints":{"allow":["GET"]}}],"collection":[{"href":"https:\/\/wmzpn.pl\/index.php?rest_route=\/wp\/v2\/pages"}],"about":[{"href":"https:\/\/wmzpn.pl\/index.php?rest_route=\/wp\/v2\/types\/page"}],"author":[{"embeddable":true,"href":"https:\/\/wmzpn.pl\/index.php?rest_route=\/wp\/v2\/users\/7"}],"replies":[{"embeddable":true,"href":"https:\/\/wmzpn.pl\/index.php?rest_route=%2Fwp%2Fv2%2Fcomments&post=38753"}],"version-history":[{"count":2,"href":"https:\/\/wmzpn.pl\/index.php?rest_route=\/wp\/v2\/pages\/38753\/revisions"}],"predecessor-version":[{"id":38817,"href":"https:\/\/wmzpn.pl\/index.php?rest_route=\/wp\/v2\/pages\/38753\/revisions\/38817"}],"wp:attachment":[{"href":"https:\/\/wmzpn.pl\/index.php?rest_route=%2Fwp%2Fv2%2Fmedia&parent=38753"}],"curies":[{"name":"wp","href":"https:\/\/api.w.org\/{rel}","templated":true}]}}