{"id":25659,"date":"2022-04-10T18:59:00","date_gmt":"2022-04-10T18:59:00","guid":{"rendered":"http:\/\/wmzpn.pl\/?page_id=25659"},"modified":"2022-04-10T18:59:26","modified_gmt":"2022-04-10T18:59:26","slug":"formularz-kontaktowy","status":"publish","type":"page","link":"https:\/\/wmzpn.pl\/?page_id=25659","title":{"rendered":"Formularz kontaktowy"},"content":{"rendered":"\n<div style=\"display:none\" class=\"fm-form-container fm-theme3\"><div id=\"fm-pages36\" class=\"fm-pages wdform_page_navigation \" show_title=\"\" show_numbers=\"1\" type=\"none\"><\/div><form name=\"form36\" action=\"\/index.php?rest_route=%2Fwp%2Fv2%2Fpages%2F25659\" method=\"post\" id=\"form36\" class=\"fm-form form36  \" enctype=\"multipart\/form-data\"><input type=\"hidden\" id=\"counter36\" value=\"13\" name=\"counter36\" \/><input type=\"hidden\" id=\"Itemid36\" value=\"\" name=\"Itemid36\" \/><input type=\"hidden\" id=\"fm_shake36\" value=\"1\" name=\"fm_shake36\" \/><input type=\"text\" class=\"fm-hide\" id=\"fm_empty_field_validation36\" value=\"\" name=\"fm_empty_field_validation36\" data-value=\"bd736efb144d599cf463541431fbf5c4\" \/><div class=\"fm-header-bg\"><div class=\"fm-header \"><div class=\"fm-header-text\">          <div class=\"fm-header-title\">            Zg\u0142oszenie ch\u0119ci uzyskania pomocy przy sk\u0142adaniu wniosku z Programu Klub          <\/div>          <div class=\"fm-header-description\">                      <\/div>        <\/div><\/div><\/div><div class=\"wdform-page-and-images fm-form-builder\"><div id=\"36form_view1\" class=\"wdform_page\" page_title=\"Untitled page\" next_title=\"Next\" next_type=\"text\" next_class=\"wdform-page-button\" next_checkable=\"true\" previous_title=\"Previous\" previous_type=\"text\" previous_class=\"wdform-page-button\" previous_checkable=\"false\"><div class=\"wdform_section fm-row-deleting\"><div class=\"wdform_column\"><div wdid=\"4\" class=\"wdform_row\" style=\"position: relative; left: 0px; top: 0px;\"><div type=\"type_text\" class=\"wdform-field wd-width-100 wd-flex wd-flex-column\" data-hide-currency=\"no\"><div class=\"wdform-label-section wd-width-100  wd-flex-row wd-align-items-center\">    <label  for=\"wdform_4_element36\" class=\"wdform-label\">Nazwa Klubu<\/label><span class=\"wdform-required\">*<\/span><\/div><div class=\"wdform-element-section wd-flex  wd-flex-row wd-align-items-center wd-width-100\" ><input type=\"text\"                           class=\"wd-width-100\"                           id=\"wdform_4_element36\"                           name=\"wdform_4_element36\"                           value=\"\"                           title=\"\"                           placeholder=\"\"                                                       \/><\/div><\/div><\/div><\/div><div class=\"wdform_column\"><div wdid=\"2\" class=\"wdform_row\" style=\"position: relative; left: 0px; top: 0px;\"><div type=\"type_text\" class=\"wdform-field wd-width-100 wd-flex wd-flex-column\" data-hide-currency=\"no\"><div class=\"wdform-label-section wd-width-100  wd-flex-row wd-align-items-center\">    <label  for=\"wdform_2_element36\" class=\"wdform-label\">Imi\u0119 i Nazwisko<\/label><span class=\"wdform-required\">*<\/span><\/div><div class=\"wdform-element-section wd-flex  wd-flex-row wd-align-items-center wd-width-100\" ><input type=\"text\"                           class=\"wd-width-100\"                           id=\"wdform_2_element36\"                           name=\"wdform_2_element36\"                           value=\"\"                           title=\"\"                           placeholder=\"\"                                                       \/><\/div><\/div><\/div><\/div><div class=\"wdform_column\"><div wdid=\"6\" class=\"wdform_row\" style=\"position: relative; left: 0px; top: 0px;\"><div type=\"type_text\" class=\"wdform-field wd-width-100 wd-flex wd-flex-column\" data-hide-currency=\"no\"><div class=\"wdform-label-section wd-width-100 undefined wd-flex-row wd-align-items-center\">    <label  for=\"wdform_6_element36\" class=\"wdform-label\">Funkcja\/Rola w Klubie<\/label><span class=\"wdform-required\">*<\/span><\/div><div class=\"wdform-element-section wd-flex undefined wd-flex-row wd-align-items-center wd-width-100\" ><input type=\"text\"                           class=\"wd-width-100\"                           id=\"wdform_6_element36\"                           name=\"wdform_6_element36\"                           value=\"\"                           title=\"\"                           placeholder=\"\"                                                       \/><\/div><\/div><\/div><\/div><div class=\"wdform_column\"><div wdid=\"7\" class=\"wdform_row\" style=\"position: relative; left: 0px; top: 0px;\"><div type=\"type_submitter_mail\" class=\"wdform-field wd-width-100 wd-flex wd-flex-column\" data-hide-currency=\"no\"><div class=\"wdform-label-section wd-width-100  wd-flex-row\">    <label  for=\"wdform_7_element36\" class=\"wdform-label\">Adres e-mail<\/label><span class=\"wdform-required\">*<\/span><\/div><div class=\"wdform-element-section wd-flex  wd-flex-row wd-width-100\" ><input type=\"text\" class=\"wd-width-100\" id=\"wdform_7_element36\" name=\"wdform_7_element36\" value=\"\" title=\"\" placeholder=\"\"   onchange=\"wd_check_email('7', '36', 'To nie jest prawid\u0142owy adres email.')\" \/><\/div><\/div><\/div><\/div><div class=\"wdform_column\"><div wdid=\"8\" class=\"wdform_row\" style=\"position: relative; left: 0px; top: 0px;\"><div type=\"type_text\" class=\"wdform-field wd-width-100 wd-flex wd-flex-column\" data-hide-currency=\"no\"><div class=\"wdform-label-section wd-width-100  wd-flex-row wd-align-items-center\">    <label  for=\"wdform_8_element36\" class=\"wdform-label\">Numer telefonu<\/label><span class=\"wdform-required\">*<\/span><\/div><div class=\"wdform-element-section wd-flex  wd-flex-row wd-align-items-center wd-width-100\" ><input type=\"text\"                           class=\"wd-width-100\"                           id=\"wdform_8_element36\"                           name=\"wdform_8_element36\"                           value=\"\"                           title=\"\"                           placeholder=\"\"                                                       \/><\/div><\/div><\/div><\/div><div class=\"wdform_column\"><div wdid=\"12\" class=\"wdform_row\" style=\"position: relative; left: 0px; top: 0px;\"><div type=\"type_checkbox\" class=\"wdform-field wd-width-100 wd-flex wd-flex-column\" data-hide-currency=\"no\"><div class=\"wdform-label-section wd-width-100  wd-flex-wrap wd-flex-column\">    <label  class=\"wdform-label\">Jakiej pomocy oczekujesz?<\/label><span class=\"wdform-required\">*<\/span><\/div><div class=\"wdform-element-section wd-flex  wd-flex-wrap wd-flex-column wd-width-100\" ><div class=\"wd-flex wd-flex-column\"><input type=\"hidden\" name=\"wdform_12_element36\" value=\"\" \/><div class=\"checkbox-div wd-choice wd-flex wd-flex-row\"><input type=\"checkbox\"  id=\"wdform_12_element360\" name=\"wdform_12_element360\" value=\"Szkolenie stacjonarne\"    \/><label class=\"wd-align-items-center wd-flex wd-flex-row\" for=\"wdform_12_element360\"><span><\/span>Szkolenie stacjonarne<\/label><\/div><div class=\"checkbox-div wd-choice wd-flex wd-flex-row\"><input type=\"checkbox\"  id=\"wdform_12_element361\" name=\"wdform_12_element361\" value=\"Szkolenie w formie wideokonferencji\"    \/><label class=\"wd-align-items-center wd-flex wd-flex-row\" for=\"wdform_12_element361\"><span><\/span>Szkolenie w formie wideokonferencji<\/label><\/div><div class=\"checkbox-div wd-choice wd-flex wd-flex-row\"><input type=\"checkbox\"  id=\"wdform_12_element362\" name=\"wdform_12_element362\" value=\"Indywidualne konsultacje\"    \/><label class=\"wd-align-items-center wd-flex wd-flex-row\" for=\"wdform_12_element362\"><span><\/span>Indywidualne konsultacje<\/label><\/div><div class=\"checkbox-div wd-choice wd-flex wd-flex-row\"><input type=\"checkbox\"  id=\"wdform_12_element363\" name=\"wdform_12_element363\" value=\"Sprawdzenie wniosku przed ostatecznym wys\u0142aniem\"    \/><label class=\"wd-align-items-center wd-flex wd-flex-row\" for=\"wdform_12_element363\"><span><\/span>Sprawdzenie wniosku przed ostatecznym wys\u0142aniem<\/label><\/div><div class=\"checkbox-div wd-choice wd-flex wd-flex-row\"><input type=\"checkbox\"  id=\"wdform_12_element364\" name=\"wdform_12_element364\" value=\"Wysy\u0142ka na podanego maila bie\u017c\u0105cych informacji i porad\"    \/><label class=\"wd-align-items-center wd-flex wd-flex-row\" for=\"wdform_12_element364\"><span><\/span>Wysy\u0142ka na podanego maila bie\u017c\u0105cych informacji i porad<\/label><\/div><\/div><\/div><\/div><\/div><\/div><div class=\"wdform_column\"><div wdid=\"11\" class=\"wdform_row\" style=\"position: relative; left: 0px; top: 0px;\"><div type=\"type_radio\" class=\"wdform-field wd-width-100 wd-flex wd-flex-column\" data-hide-currency=\"no\"><div class=\"wdform-label-section wd-width-100  wd-flex-wrap wd-flex-column\">    <label  class=\"wdform-label\">(wymagane)<\/label><span class=\"wdform-required\">*<\/span><\/div><div class=\"wdform-element-section wd-flex  wd-flex-wrap wd-flex-column wd-width-100\" ><div class=\"wd-flex wd-flex-column\"><input type=\"hidden\" name=\"wdform_11_element36\" value=\"\" \/><div class=\"radio-div wd-choice wd-flex wd-flex-row\"><input type=\"radio\"  id=\"wdform_11_element360\" name=\"wdform_11_element36\" value=\"Wyra\u017cam zgod\u0119 na przetwarzanie moich danych osobowych do cel\u00f3w udzielenia pomocy przy sk\u0142adaniu wniosku do Programu Klub, swoje dane osobowe udost\u0119pniam dobrowolnie. Zosta\u0142em poinformowany o przys\u0142uguj\u0105cym mi prawie dost\u0119pu do tre\u015bci swoich danych oraz do ich poprawienia, a tak\u017ce o prawie do wycofania swojej zgody na przetwarzanie tych danych w dowolnym czasie.\" onclick=\"set_default(&quot;wdform_11&quot;,&quot;0&quot;,&quot;36&quot;); \"   \/><label class=\"wd-align-items-center wd-flex wd-flex-row\" for=\"wdform_11_element360\"><span><\/span>Wyra\u017cam zgod\u0119 na przetwarzanie moich danych osobowych do cel\u00f3w udzielenia pomocy przy sk\u0142adaniu wniosku do Programu Klub, swoje dane osobowe udost\u0119pniam dobrowolnie. Zosta\u0142em poinformowany o przys\u0142uguj\u0105cym mi prawie dost\u0119pu do tre\u015bci swoich danych oraz do ich poprawienia, a tak\u017ce o prawie do wycofania swojej zgody na przetwarzanie tych danych w dowolnym czasie.<\/label><\/div><\/div><\/div><\/div><\/div><\/div><div class=\"wdform_column\"><div wdid=\"1\" class=\"wdform_row\" style=\"position: relative; left: 0px; top: 0px;\"><div type=\"type_submit_reset\" class=\"wdform-field wd-width-100 wd-flex wd-flex-column\" data-hide-currency=\"no\"><div class=\"wdform-element-section wd-flex 1 wd-flex-row wd-justify-content-right wd-width-100\" ><button  type=\"button\" class=\"button-submit\" onclick=\"fm_submit_form('36');\"  attribute=value data-ajax=\"0\"><span class=\"fm-submit-loading spinner fm-ico-spinner\"><\/span>Zarejestruj si\u0119!<\/button><button  type=\"button\" class=\"button-reset wd-hidden\" onclick=\"fm_reset_form(36);\"  attribute=value>Reset<\/button><\/div><\/div><\/div><\/div><\/div><div valign=\"top\" class=\"wdform_footer wd-width-100\"><div class=\"wd-width-100\"><div class=\"wd-width-100 wd-table\" style=\"padding-top:10px;\"><div class=\"wd-table-group\"><div id=\"36page_nav1\" class=\"wd-table-row\"><\/div><\/div><\/div><\/div><\/div><\/div><\/div><div class=\"wdform_preload\"><\/div><\/form><\/div>\n","protected":false},"excerpt":{"rendered":"Zg\u0142oszenie ch\u0119ci uzyskania pomocy przy sk\u0142adaniu wniosku z Programu Klub Nazwa Klubu* Imi\u0119 i Nazwisko* Funkcja\/Rola w Klubie* Adres e-mail* Numer telefonu* Jakiej pomocy oczekujesz?*Szkolenie stacjonarneSzkolenie w formie wideokonferencjiIndywidualne konsultacjeSprawdzenie wniosku przed ostatecznym wys\u0142aniemWysy\u0142ka na podanego maila bie\u017c\u0105cych informacji i porad (wymagane)*Wyra\u017cam zgod\u0119 na przetwarzanie moich danych osobowych do cel\u00f3w udzielenia pomocy przy sk\u0142adaniu wniosku [...]","protected":false},"author":7,"featured_media":0,"parent":0,"menu_order":0,"comment_status":"closed","ping_status":"closed","template":"","meta":{"footnotes":""},"class_list":["post-25659","page","type-page","status-publish","hentry"],"_links":{"self":[{"href":"https:\/\/wmzpn.pl\/index.php?rest_route=\/wp\/v2\/pages\/25659","targetHints":{"allow":["GET"]}}],"collection":[{"href":"https:\/\/wmzpn.pl\/index.php?rest_route=\/wp\/v2\/pages"}],"about":[{"href":"https:\/\/wmzpn.pl\/index.php?rest_route=\/wp\/v2\/types\/page"}],"author":[{"embeddable":true,"href":"https:\/\/wmzpn.pl\/index.php?rest_route=\/wp\/v2\/users\/7"}],"replies":[{"embeddable":true,"href":"https:\/\/wmzpn.pl\/index.php?rest_route=%2Fwp%2Fv2%2Fcomments&post=25659"}],"version-history":[{"count":3,"href":"https:\/\/wmzpn.pl\/index.php?rest_route=\/wp\/v2\/pages\/25659\/revisions"}],"predecessor-version":[{"id":25662,"href":"https:\/\/wmzpn.pl\/index.php?rest_route=\/wp\/v2\/pages\/25659\/revisions\/25662"}],"wp:attachment":[{"href":"https:\/\/wmzpn.pl\/index.php?rest_route=%2Fwp%2Fv2%2Fmedia&parent=25659"}],"curies":[{"name":"wp","href":"https:\/\/api.w.org\/{rel}","templated":true}]}}