{"id":24419,"date":"2021-12-17T20:54:17","date_gmt":"2021-12-17T20:54:17","guid":{"rendered":"http:\/\/wmzpn.pl\/?page_id=24419"},"modified":"2021-12-17T20:57:11","modified_gmt":"2021-12-17T20:57:11","slug":"zostansedzia-zapisz-sie-kurs-na-sedziego-pilki-noznej-2022","status":"publish","type":"page","link":"https:\/\/wmzpn.pl\/?page_id=24419","title":{"rendered":"#Zosta\u0144S\u0119dzi\u0105 &#8211; Zapisz si\u0119! Kurs na s\u0119dziego pi\u0142ki no\u017cnej &#8211; 2022"},"content":{"rendered":"<div style=\"display:none\" class=\"fm-form-container fm-theme3\"><div id=\"fm-pages31\" class=\"fm-pages wdform_page_navigation \" show_title=\"\" show_numbers=\"1\" type=\"none\"><\/div><form name=\"form31\" action=\"\/index.php?rest_route=%2Fwp%2Fv2%2Fpages%2F24419\" method=\"post\" id=\"form31\" class=\"fm-form form31  \" enctype=\"multipart\/form-data\"><input type=\"hidden\" id=\"counter31\" value=\"13\" name=\"counter31\" \/><input type=\"hidden\" id=\"Itemid31\" value=\"\" name=\"Itemid31\" \/><input type=\"hidden\" id=\"fm_shake31\" value=\"1\" name=\"fm_shake31\" \/><input type=\"text\" class=\"fm-hide\" id=\"fm_empty_field_validation31\" value=\"\" name=\"fm_empty_field_validation31\" data-value=\"bd736efb144d599cf463541431fbf5c4\" \/><div class=\"fm-header-bg\"><div class=\"fm-header \"><div class=\"fm-header-text\">          <div class=\"fm-header-title\">            #Zosta\u0144S\u0119dzi\u0105 - Zapisz si\u0119! Kurs na s\u0119dziego pi\u0142ki no\u017cnej - 2022          <\/div>          <div class=\"fm-header-description\">                      <\/div>        <\/div><\/div><\/div><div class=\"wdform-page-and-images fm-form-builder\"><div id=\"31form_view1\" class=\"wdform_page\" page_title=\"Untitled page\" next_title=\"Next\" next_type=\"text\" next_class=\"wdform-page-button\" next_checkable=\"true\" previous_title=\"Previous\" previous_type=\"text\" previous_class=\"wdform-page-button\" previous_checkable=\"false\"><div class=\"wdform_section\"><div class=\"wdform_column\"><div wdid=\"2\" class=\"wdform_row\"><div type=\"type_text\" class=\"wdform-field wd-width-100 wd-flex wd-flex-column\" data-hide-currency=\"no\"><div class=\"wdform-label-section wd-width-100  wd-flex-row wd-align-items-center\">    <label  for=\"wdform_2_element31\" class=\"wdform-label\">Imi\u0119<\/label><span class=\"wdform-required\">*<\/span><\/div><div class=\"wdform-element-section wd-flex  wd-flex-row wd-align-items-center wd-width-100\" ><input type=\"text\"                           class=\"wd-width-100\"                           id=\"wdform_2_element31\"                           name=\"wdform_2_element31\"                           value=\"\"                           title=\"\"                           placeholder=\"\"                                                       \/><\/div><\/div><\/div><\/div><div class=\"wdform_column\"><div wdid=\"6\" class=\"wdform_row\"><div type=\"type_text\" class=\"wdform-field wd-width-100 wd-flex wd-flex-column\" data-hide-currency=\"no\"><div class=\"wdform-label-section wd-width-100 undefined wd-flex-row wd-align-items-center\">    <label  for=\"wdform_6_element31\" class=\"wdform-label\">Nazwisko<\/label><span class=\"wdform-required\">*<\/span><\/div><div class=\"wdform-element-section wd-flex undefined wd-flex-row wd-align-items-center wd-width-100\" ><input type=\"text\"                           class=\"wd-width-100\"                           id=\"wdform_6_element31\"                           name=\"wdform_6_element31\"                           value=\"\"                           title=\"\"                           placeholder=\"\"                                                       \/><\/div><\/div><\/div><\/div><div class=\"wdform_column\"><div wdid=\"4\" class=\"wdform_row\" style=\"position: relative; left: 0px; top: 0px;\"><div type=\"type_text\" class=\"wdform-field wd-width-100 wd-flex wd-flex-column\" data-hide-currency=\"no\"><div class=\"wdform-label-section wd-width-100  wd-flex-row wd-align-items-center\">    <label  for=\"wdform_4_element31\" class=\"wdform-label\">Miejscowo\u015b\u0107 zamieszkania<\/label><span class=\"wdform-required\">*<\/span><\/div><div class=\"wdform-element-section wd-flex  wd-flex-row wd-align-items-center wd-width-100\" ><input type=\"text\"                           class=\"wd-width-100\"                           id=\"wdform_4_element31\"                           name=\"wdform_4_element31\"                           value=\"\"                           title=\"\"                           placeholder=\"\"                                                       \/><\/div><\/div><\/div><\/div><div class=\"wdform_column\"><div wdid=\"7\" class=\"wdform_row\"><div type=\"type_submitter_mail\" class=\"wdform-field wd-width-100 wd-flex wd-flex-column\" data-hide-currency=\"no\"><div class=\"wdform-label-section wd-width-100  wd-flex-row\">    <label  for=\"wdform_7_element31\" class=\"wdform-label\">e-mail<\/label><span class=\"wdform-required\">*<\/span><\/div><div class=\"wdform-element-section wd-flex  wd-flex-row wd-width-100\" ><input type=\"text\" class=\"wd-width-100\" id=\"wdform_7_element31\" name=\"wdform_7_element31\" value=\"\" title=\"\" placeholder=\"\"   onchange=\"wd_check_email('7', '31', 'To nie jest prawid\u0142owy adres email.')\" \/><\/div><\/div><\/div><\/div><div class=\"wdform_column\"><div wdid=\"8\" class=\"wdform_row\"><div type=\"type_text\" class=\"wdform-field wd-width-100 wd-flex wd-flex-column\" data-hide-currency=\"no\"><div class=\"wdform-label-section wd-width-100  wd-flex-row wd-align-items-center\">    <label  for=\"wdform_8_element31\" class=\"wdform-label\">telefon<\/label><span class=\"wdform-required\">*<\/span><\/div><div class=\"wdform-element-section wd-flex  wd-flex-row wd-align-items-center wd-width-100\" ><input type=\"text\"                           class=\"wd-width-100\"                           id=\"wdform_8_element31\"                           name=\"wdform_8_element31\"                           value=\"\"                           title=\"\"                           placeholder=\"\"                                                       \/><\/div><\/div><\/div><\/div><div class=\"wdform_column\"><div wdid=\"9\" class=\"wdform_row\" style=\"position: relative; left: 0px; top: 0px;\"><div type=\"type_radio\" class=\"wdform-field wd-width-100 wd-flex wd-flex-column\" data-hide-currency=\"no\"><div class=\"wdform-label-section wd-width-100  wd-flex-wrap wd-flex-column\">    <label  class=\"wdform-label\">Wybierz termin szkolenia ONLINE<\/label><span class=\"wdform-required\">*<\/span><\/div><div class=\"wdform-element-section wd-flex  wd-flex-wrap wd-flex-column wd-width-100\" ><div class=\"wd-flex wd-flex-column\"><input type=\"hidden\" name=\"wdform_9_element31\" value=\"\" \/><div class=\"radio-div wd-choice wd-flex wd-flex-row\"><input type=\"radio\"  id=\"wdform_9_element310\" name=\"wdform_9_element31\" value=\"26-27.02.2022 r.\" onclick=\"set_default(&quot;wdform_9&quot;,&quot;0&quot;,&quot;31&quot;); \"   \/><label class=\"wd-align-items-center wd-flex wd-flex-row\" for=\"wdform_9_element310\"><span><\/span>26-27.02.2022 r.<\/label><\/div><\/div><\/div><\/div><\/div><\/div><div class=\"wdform_column\"><div wdid=\"11\" class=\"wdform_row\"><div type=\"type_radio\" class=\"wdform-field wd-width-100 wd-flex wd-flex-column\" data-hide-currency=\"no\"><div class=\"wdform-label-section wd-width-100  wd-flex-wrap wd-flex-column\">    <label  class=\"wdform-label\">(wymagane)<\/label><span class=\"wdform-required\">*<\/span><\/div><div class=\"wdform-element-section wd-flex  wd-flex-wrap wd-flex-column wd-width-100\" ><div class=\"wd-flex wd-flex-column\"><input type=\"hidden\" name=\"wdform_11_element31\" value=\"\" \/><div class=\"radio-div wd-choice wd-flex wd-flex-row\"><input type=\"radio\"  id=\"wdform_11_element310\" name=\"wdform_11_element31\" value=\"Wyra\u017cam zgod\u0119 na przetwarzanie moich danych osobowych do cel\u00f3w naboru na kurs s\u0119dziego pi\u0142karskiego, swoje dane osobowe udost\u0119pniam dobrowolnie. Zosta\u0142em poinformowany o przys\u0142uguj\u0105cym mi prawie dost\u0119pu do tre\u015bci swoich danych oraz do ich poprawienia, a tak\u017ce o prawie do wycofania swojej zgody na przetwarzanie tych danych w dowolnym czasie.\" onclick=\"set_default(&quot;wdform_11&quot;,&quot;0&quot;,&quot;31&quot;); \"   \/><label class=\"wd-align-items-center wd-flex wd-flex-row\" for=\"wdform_11_element310\"><span><\/span>Wyra\u017cam zgod\u0119 na przetwarzanie moich danych osobowych do cel\u00f3w naboru na kurs s\u0119dziego pi\u0142karskiego, swoje dane osobowe udost\u0119pniam dobrowolnie. Zosta\u0142em poinformowany o przys\u0142uguj\u0105cym mi prawie dost\u0119pu do tre\u015bci swoich danych oraz do ich poprawienia, a tak\u017ce o prawie do wycofania swojej zgody na przetwarzanie tych danych w dowolnym czasie.<\/label><\/div><\/div><\/div><\/div><\/div><\/div><div class=\"wdform_column\"><div wdid=\"1\" class=\"wdform_row\"><div type=\"type_submit_reset\" class=\"wdform-field wd-width-100 wd-flex wd-flex-column\" data-hide-currency=\"no\"><div class=\"wdform-element-section wd-flex 1 wd-flex-row wd-justify-content-right wd-width-100\" ><button  type=\"button\" class=\"button-submit\" onclick=\"fm_submit_form('31');\"  data-ajax=\"0\"><span class=\"fm-submit-loading spinner fm-ico-spinner\"><\/span>Zapisz si\u0119!<\/button><button  type=\"button\" class=\"button-reset wd-hidden\" onclick=\"fm_reset_form(31);\" >Reset<\/button><\/div><\/div><\/div><\/div><\/div><div valign=\"top\" class=\"wdform_footer wd-width-100\"><div class=\"wd-width-100\"><div class=\"wd-width-100 wd-table\" style=\"padding-top:10px;\"><div class=\"wd-table-group\"><div id=\"31page_nav1\" class=\"wd-table-row\"><\/div><\/div><\/div><\/div><\/div><\/div><\/div><div class=\"wdform_preload\"><\/div><\/form><\/div>\n","protected":false},"excerpt":{"rendered":"#Zosta\u0144S\u0119dzi\u0105 - Zapisz si\u0119! Kurs na s\u0119dziego pi\u0142ki no\u017cnej - 2022 Imi\u0119* Nazwisko* Miejscowo\u015b\u0107 zamieszkania* e-mail* telefon* Wybierz termin szkolenia ONLINE*26-27.02.2022 r. (wymagane)*Wyra\u017cam zgod\u0119 na przetwarzanie moich danych osobowych do cel\u00f3w naboru na kurs s\u0119dziego pi\u0142karskiego, swoje dane osobowe udost\u0119pniam dobrowolnie. Zosta\u0142em poinformowany o przys\u0142uguj\u0105cym mi prawie dost\u0119pu do tre\u015bci swoich danych oraz do ich [...]","protected":false},"author":2,"featured_media":0,"parent":0,"menu_order":0,"comment_status":"closed","ping_status":"closed","template":"","meta":{"footnotes":""},"class_list":["post-24419","page","type-page","status-publish","hentry"],"_links":{"self":[{"href":"https:\/\/wmzpn.pl\/index.php?rest_route=\/wp\/v2\/pages\/24419","targetHints":{"allow":["GET"]}}],"collection":[{"href":"https:\/\/wmzpn.pl\/index.php?rest_route=\/wp\/v2\/pages"}],"about":[{"href":"https:\/\/wmzpn.pl\/index.php?rest_route=\/wp\/v2\/types\/page"}],"author":[{"embeddable":true,"href":"https:\/\/wmzpn.pl\/index.php?rest_route=\/wp\/v2\/users\/2"}],"replies":[{"embeddable":true,"href":"https:\/\/wmzpn.pl\/index.php?rest_route=%2Fwp%2Fv2%2Fcomments&post=24419"}],"version-history":[{"count":2,"href":"https:\/\/wmzpn.pl\/index.php?rest_route=\/wp\/v2\/pages\/24419\/revisions"}],"predecessor-version":[{"id":24421,"href":"https:\/\/wmzpn.pl\/index.php?rest_route=\/wp\/v2\/pages\/24419\/revisions\/24421"}],"wp:attachment":[{"href":"https:\/\/wmzpn.pl\/index.php?rest_route=%2Fwp%2Fv2%2Fmedia&parent=24419"}],"curies":[{"name":"wp","href":"https:\/\/api.w.org\/{rel}","templated":true}]}}