{"id":21970,"date":"2021-07-09T10:05:38","date_gmt":"2021-07-09T10:05:38","guid":{"rendered":"http:\/\/wmzpn.pl\/?page_id=21970"},"modified":"2021-07-09T10:22:14","modified_gmt":"2021-07-09T10:22:14","slug":"dodaj-ogloszenie","status":"publish","type":"page","link":"https:\/\/wmzpn.pl\/?page_id=21970","title":{"rendered":"Dodaj ofert\u0119"},"content":{"rendered":"<p><a href=\"http:\/\/wmzpn.pl\/?page_id=21948\"><br \/>\n\t\t\t\t\t\t\t<img decoding=\"async\" width=\"500\" height=\"570\" src=\"http:\/\/wmzpn.pl\/wp-content\/uploads\/2021\/07\/PGWMZPN-min.jpg\" alt=\"\" loading=\"lazy\" srcset=\"http:\/\/wmzpn.pl\/wp-content\/uploads\/2021\/07\/PGWMZPN-min.jpg 500w, http:\/\/wmzpn.pl\/wp-content\/uploads\/2021\/07\/PGWMZPN-min-263x300.jpg 263w, http:\/\/wmzpn.pl\/wp-content\/uploads\/2021\/07\/PGWMZPN-min-368x420.jpg 368w\" sizes=\"auto, (max-width: 500px) 100vw, 500px\" \/>\t\t\t\t\t\t\t\t<\/a><br \/>\n\t\t\t\t\t\t\t\t\t\t\t<a href=\"http:\/\/wmzpn.pl\/?page_id=21967\"><br \/>\n\t\t\t\t\t\t\t<img decoding=\"async\" width=\"462\" height=\"83\" src=\"http:\/\/wmzpn.pl\/wp-content\/uploads\/2021\/07\/t.jpg\" alt=\"\" loading=\"lazy\" srcset=\"http:\/\/wmzpn.pl\/wp-content\/uploads\/2021\/07\/t.jpg 462w, http:\/\/wmzpn.pl\/wp-content\/uploads\/2021\/07\/t-300x54.jpg 300w\" sizes=\"auto, (max-width: 462px) 100vw, 462px\" \/>\t\t\t\t\t\t\t\t<\/a><br \/>\n\t\t\t\t\t\t\t\t\t\t\t<a href=\"http:\/\/wmzpn.pl\/?page_id=21968\"><br \/>\n\t\t\t\t\t\t\t<img decoding=\"async\" width=\"462\" height=\"83\" src=\"http:\/\/wmzpn.pl\/wp-content\/uploads\/2021\/07\/z.jpg\" alt=\"\" loading=\"lazy\" srcset=\"http:\/\/wmzpn.pl\/wp-content\/uploads\/2021\/07\/z.jpg 462w, http:\/\/wmzpn.pl\/wp-content\/uploads\/2021\/07\/z-300x54.jpg 300w\" sizes=\"auto, (max-width: 462px) 100vw, 462px\" \/>\t\t\t\t\t\t\t\t<\/a><br \/>\n\t\t\t\t\t\t\t\t\t\t\t<a href=\"http:\/\/wmzpn.pl\/?page_id=21969\"><br \/>\n\t\t\t\t\t\t\t<img decoding=\"async\" width=\"462\" height=\"83\" src=\"http:\/\/wmzpn.pl\/wp-content\/uploads\/2021\/07\/p.jpg\" alt=\"\" loading=\"lazy\" srcset=\"http:\/\/wmzpn.pl\/wp-content\/uploads\/2021\/07\/p.jpg 462w, http:\/\/wmzpn.pl\/wp-content\/uploads\/2021\/07\/p-300x54.jpg 300w\" sizes=\"auto, (max-width: 462px) 100vw, 462px\" \/>\t\t\t\t\t\t\t\t<\/a><br \/>\n\t\t\t\t\t\t\t\t\t\t\t<a href=\"http:\/\/wmzpn.pl\/?page_id=21970\"><br \/>\n\t\t\t\t\t\t\t<img decoding=\"async\" width=\"462\" height=\"83\" src=\"http:\/\/wmzpn.pl\/wp-content\/uploads\/2021\/07\/d.jpg\" alt=\"\" loading=\"lazy\" srcset=\"http:\/\/wmzpn.pl\/wp-content\/uploads\/2021\/07\/d.jpg 462w, http:\/\/wmzpn.pl\/wp-content\/uploads\/2021\/07\/d-300x54.jpg 300w\" sizes=\"auto, (max-width: 462px) 100vw, 462px\" \/>\t\t\t\t\t\t\t\t<\/a><br \/>\n\t\t\t<div style=\"display:none\" class=\"fm-form-container fm-theme3\"><div id=\"fm-pages23\" class=\"fm-pages wdform_page_navigation \" show_title=\"\" show_numbers=\"1\" type=\"none\"><\/div><form name=\"form23\" action=\"\/index.php?rest_route=%2Fwp%2Fv2%2Fpages%2F21970\" method=\"post\" id=\"form23\" class=\"fm-form form23  \" enctype=\"multipart\/form-data\"><input type=\"hidden\" id=\"counter23\" value=\"15\" name=\"counter23\" \/><input type=\"hidden\" id=\"Itemid23\" value=\"\" name=\"Itemid23\" \/><input type=\"hidden\" id=\"fm_shake23\" value=\"1\" name=\"fm_shake23\" \/><input type=\"text\" class=\"fm-hide\" id=\"fm_empty_field_validation23\" value=\"\" name=\"fm_empty_field_validation23\" data-value=\"bd736efb144d599cf463541431fbf5c4\" \/><div class=\"fm-header-bg\"><div class=\"fm-header \"><div class=\"fm-header-text\">          <div class=\"fm-header-title\">            DODAJ OG\u0141OSZENIE do Gie\u0142dy Ofert Pi\u0142karskich WMZPN          <\/div>          <div class=\"fm-header-description\">                      <\/div>        <\/div><\/div><\/div><div class=\"wdform-page-and-images fm-form-builder\"><div id=\"23form_view1\" class=\"wdform_page\" page_title=\"Untitled page\" next_title=\"Next\" next_type=\"text\" next_class=\"wdform-page-button\" next_checkable=\"true\" previous_title=\"Previous\" previous_type=\"text\" previous_class=\"wdform-page-button\" previous_checkable=\"false\"><div class=\"wdform_section fm-row-deleting\"><div class=\"wdform_column\"><div wdid=\"4\" class=\"wdform_row\" style=\"position: relative; left: 0px; top: 0px;\"><div type=\"type_text\" class=\"wdform-field wd-width-100 wd-flex wd-flex-column\" data-hide-currency=\"no\"><div class=\"wdform-label-section wd-width-100  wd-flex-row wd-align-items-center\">    <label  for=\"wdform_4_element23\" class=\"wdform-label\">Nazwa Klubu<\/label><span class=\"wdform-required\">*<\/span><\/div><div class=\"wdform-element-section wd-flex  wd-flex-row wd-align-items-center wd-width-100\" ><input type=\"text\"                           class=\"wd-width-100\"                           id=\"wdform_4_element23\"                           name=\"wdform_4_element23\"                           value=\"\"                           title=\"\"                           placeholder=\"\"                                                       \/><\/div><\/div><\/div><\/div><div class=\"wdform_column\"><div wdid=\"14\" class=\"wdform_row\" style=\"position: relative; left: 0px; top: 0px;\"><div type=\"type_submitter_mail\" class=\"wdform-field wd-width-100 wd-flex wd-flex-column\" data-hide-currency=\"no\"><div class=\"wdform-label-section wd-width-100  wd-flex-row\">    <label  for=\"wdform_14_element23\" class=\"wdform-label\">e-mail do klubu:<\/label><span class=\"wdform-required\">*<\/span><\/div><div class=\"wdform-element-section wd-flex  wd-flex-row wd-width-100\" ><input type=\"text\" class=\"wd-width-100\" id=\"wdform_14_element23\" name=\"wdform_14_element23\" value=\"\" title=\"\" placeholder=\"\"   onchange=\"wd_check_email('14', '23', 'To nie jest prawid\u0142owy adres email.')\" \/><\/div><\/div><\/div><\/div><div class=\"wdform_column\"><div wdid=\"8\" class=\"wdform_row\" style=\"position: relative; left: 0px; top: 0px;\"><div type=\"type_text\" class=\"wdform-field wd-width-100 wd-flex wd-flex-column\" data-hide-currency=\"no\"><div class=\"wdform-label-section wd-width-100  wd-flex-row wd-align-items-center\">    <label  for=\"wdform_8_element23\" class=\"wdform-label\">telefon kontaktowy do klubu:<\/label><span class=\"wdform-required\">*<\/span><\/div><div class=\"wdform-element-section wd-flex  wd-flex-row wd-align-items-center wd-width-100\" ><input type=\"text\"                           class=\"wd-width-100\"                           id=\"wdform_8_element23\"                           name=\"wdform_8_element23\"                           value=\"\"                           title=\"\"                           placeholder=\"\"                                                       \/><\/div><\/div><\/div><\/div><div class=\"wdform_column\"><div wdid=\"9\" class=\"wdform_row\" style=\"position: relative; left: 0px; top: 0px;\"><div type=\"type_radio\" class=\"wdform-field wd-width-100 wd-flex wd-flex-column\" data-hide-currency=\"no\"><div class=\"wdform-label-section wd-width-100  wd-flex-wrap wd-flex-column\">    <label  class=\"wdform-label\">Rodzaj oferty:<\/label><span class=\"wdform-required\">*<\/span><\/div><div class=\"wdform-element-section wd-flex  wd-flex-wrap wd-flex-column wd-width-100\" ><div class=\"wd-flex wd-flex-column\"><input type=\"hidden\" name=\"wdform_9_element23\" value=\"\" \/><div class=\"radio-div wd-choice wd-flex wd-flex-row\"><input type=\"radio\"  id=\"wdform_9_element230\" name=\"wdform_9_element23\" value=\"Szukam trenera\" onclick=\"set_default(&quot;wdform_9&quot;,&quot;0&quot;,&quot;23&quot;); \"   \/><label class=\"wd-align-items-center wd-flex wd-flex-row\" for=\"wdform_9_element230\"><span><\/span>Szukam trenera<\/label><\/div><div class=\"radio-div wd-choice wd-flex wd-flex-row\"><input type=\"radio\"  id=\"wdform_9_element231\" name=\"wdform_9_element23\" value=\"Szukam zawodnika\" onclick=\"set_default(&quot;wdform_9&quot;,&quot;1&quot;,&quot;23&quot;); \"   \/><label class=\"wd-align-items-center wd-flex wd-flex-row\" for=\"wdform_9_element231\"><span><\/span>Szukam zawodnika<\/label><\/div><div class=\"radio-div wd-choice wd-flex wd-flex-row\"><input type=\"radio\"  id=\"wdform_9_element232\" name=\"wdform_9_element23\" value=\"Szukam pracownika\" onclick=\"set_default(&quot;wdform_9&quot;,&quot;2&quot;,&quot;23&quot;); \"   \/><label class=\"wd-align-items-center wd-flex wd-flex-row\" for=\"wdform_9_element232\"><span><\/span>Szukam pracownika<\/label><\/div><\/div><\/div><\/div><\/div><\/div><div class=\"wdform_column\"><div wdid=\"12\" class=\"wdform_row\" style=\"position: relative; left: 0px; top: 0px;\"><div type=\"type_textarea\" class=\"wdform-field wd-width-100 wd-flex wd-flex-column\" data-hide-currency=\"no\"><div class=\"wdform-label-section wd-width-100 \">    <label  for=\"wdform_12_element23\" class=\"wdform-label\">Tre\u015b\u0107 og\u0142oszenia:<\/label><\/div><div class=\"wdform-element-section wd-flex  wd-width-100\" ><textarea class=\"wd-width-100\"                      id=\"wdform_12_element23\"                      name=\"wdform_12_element23\"                      placeholder=\"\"                      maxlength=\"\"                      style=\"height: 100px;\"                      ><\/textarea><\/div><\/div><\/div><\/div><div class=\"wdform_column\"><div wdid=\"13\" class=\"wdform_row\"><div type=\"type_date_new\" class=\"wdform-field wd-width-100 wd-flex wd-flex-column\" data-hide-currency=\"no\"><div class=\"wdform-label-section wd-width-100  wd-flex-row\">    <label  for=\"wdform_13_element23\" class=\"wdform-label\">Og\u0142oszenie wa\u017cne do:<\/label><\/div><div class=\"wdform-element-section wd-flex  wd-flex-row wd-width-100\" ><input class=\"wd-width-100\" autocomplete=\"off\" type=\"text\" id=\"wdform_13_element23\" name=\"wdform_13_element23\"   \/><span id=\"fm-calendar-13\" class=\"dashicons dashicons-calendar-alt wd-calendar-button wd-hidden\"><\/span><input type=\"hidden\" format=\"mm\/dd\/yy\" id=\"wdform_13_button23\" value=\"\" \/><\/div><\/div><\/div><\/div><div class=\"wdform_column\"><div wdid=\"1\" class=\"wdform_row\" style=\"position: relative; left: 0px; top: 0px;\"><div type=\"type_submit_reset\" class=\"wdform-field wd-width-100 wd-flex wd-flex-column\" data-hide-currency=\"no\"><div class=\"wdform-element-section wd-flex 1 wd-flex-row wd-justify-content-right wd-width-100\" ><button  type=\"button\" class=\"button-submit\" onclick=\"fm_submit_form('23');\"  attribute=value data-ajax=\"0\"><span class=\"fm-submit-loading spinner fm-ico-spinner\"><\/span>Zamie\u015b\u0107 og\u0142oszenie!<\/button><button  type=\"button\" class=\"button-reset wd-hidden\" onclick=\"fm_reset_form(23);\"  attribute=value>Reset<\/button><\/div><\/div><\/div><\/div><\/div><div valign=\"top\" class=\"wdform_footer wd-width-100\"><div class=\"wd-width-100\"><div class=\"wd-width-100 wd-table\" style=\"padding-top:10px;\"><div class=\"wd-table-group\"><div id=\"23page_nav1\" class=\"wd-table-row\"><\/div><\/div><\/div><\/div><\/div><\/div><\/div><div class=\"wdform_preload\"><\/div><\/form><\/div>\n","protected":false},"excerpt":{"rendered":"DODAJ OG\u0141OSZENIE do Gie\u0142dy Ofert Pi\u0142karskich WMZPN Nazwa Klubu* e-mail do klubu:* telefon kontaktowy do klubu:* Rodzaj oferty:*Szukam treneraSzukam zawodnikaSzukam pracownika Tre\u015b\u0107 og\u0142oszenia: Og\u0142oszenie wa\u017cne do:Zamie\u015b\u0107 og\u0142oszenie!Reset","protected":false},"author":2,"featured_media":0,"parent":0,"menu_order":0,"comment_status":"closed","ping_status":"closed","template":"","meta":{"footnotes":""},"class_list":["post-21970","page","type-page","status-publish","hentry"],"_links":{"self":[{"href":"https:\/\/wmzpn.pl\/index.php?rest_route=\/wp\/v2\/pages\/21970","targetHints":{"allow":["GET"]}}],"collection":[{"href":"https:\/\/wmzpn.pl\/index.php?rest_route=\/wp\/v2\/pages"}],"about":[{"href":"https:\/\/wmzpn.pl\/index.php?rest_route=\/wp\/v2\/types\/page"}],"author":[{"embeddable":true,"href":"https:\/\/wmzpn.pl\/index.php?rest_route=\/wp\/v2\/users\/2"}],"replies":[{"embeddable":true,"href":"https:\/\/wmzpn.pl\/index.php?rest_route=%2Fwp%2Fv2%2Fcomments&post=21970"}],"version-history":[{"count":6,"href":"https:\/\/wmzpn.pl\/index.php?rest_route=\/wp\/v2\/pages\/21970\/revisions"}],"predecessor-version":[{"id":21987,"href":"https:\/\/wmzpn.pl\/index.php?rest_route=\/wp\/v2\/pages\/21970\/revisions\/21987"}],"wp:attachment":[{"href":"https:\/\/wmzpn.pl\/index.php?rest_route=%2Fwp%2Fv2%2Fmedia&parent=21970"}],"curies":[{"name":"wp","href":"https:\/\/api.w.org\/{rel}","templated":true}]}}