{"id":21969,"date":"2021-07-09T10:05:26","date_gmt":"2021-07-09T10:05:26","guid":{"rendered":"http:\/\/wmzpn.pl\/?page_id=21969"},"modified":"2021-07-30T06:52:46","modified_gmt":"2021-07-30T06:52:46","slug":"szukam-pracownika","status":"publish","type":"page","link":"https:\/\/wmzpn.pl\/?page_id=21969","title":{"rendered":"Szukam pracownika"},"content":{"rendered":"<p><a href=\"http:\/\/wmzpn.pl\/?page_id=21948\"><br \/>\n\t\t\t\t\t\t\t<img decoding=\"async\" width=\"500\" height=\"570\" src=\"http:\/\/wmzpn.pl\/wp-content\/uploads\/2021\/07\/PGWMZPN-min.jpg\" alt=\"\" loading=\"lazy\" srcset=\"http:\/\/wmzpn.pl\/wp-content\/uploads\/2021\/07\/PGWMZPN-min.jpg 500w, http:\/\/wmzpn.pl\/wp-content\/uploads\/2021\/07\/PGWMZPN-min-263x300.jpg 263w, http:\/\/wmzpn.pl\/wp-content\/uploads\/2021\/07\/PGWMZPN-min-368x420.jpg 368w\" sizes=\"auto, (max-width: 500px) 100vw, 500px\" \/>\t\t\t\t\t\t\t\t<\/a><br \/>\n\t\t\t\t\t\t\t\t\t\t\t<a href=\"http:\/\/wmzpn.pl\/?page_id=21967\"><br \/>\n\t\t\t\t\t\t\t<img decoding=\"async\" width=\"462\" height=\"83\" src=\"http:\/\/wmzpn.pl\/wp-content\/uploads\/2021\/07\/t.jpg\" alt=\"\" loading=\"lazy\" srcset=\"http:\/\/wmzpn.pl\/wp-content\/uploads\/2021\/07\/t.jpg 462w, http:\/\/wmzpn.pl\/wp-content\/uploads\/2021\/07\/t-300x54.jpg 300w\" sizes=\"auto, (max-width: 462px) 100vw, 462px\" \/>\t\t\t\t\t\t\t\t<\/a><br \/>\n\t\t\t\t\t\t\t\t\t\t\t<a href=\"http:\/\/wmzpn.pl\/?page_id=21968\"><br \/>\n\t\t\t\t\t\t\t<img decoding=\"async\" width=\"462\" height=\"83\" src=\"http:\/\/wmzpn.pl\/wp-content\/uploads\/2021\/07\/z.jpg\" alt=\"\" loading=\"lazy\" srcset=\"http:\/\/wmzpn.pl\/wp-content\/uploads\/2021\/07\/z.jpg 462w, http:\/\/wmzpn.pl\/wp-content\/uploads\/2021\/07\/z-300x54.jpg 300w\" sizes=\"auto, (max-width: 462px) 100vw, 462px\" \/>\t\t\t\t\t\t\t\t<\/a><br \/>\n\t\t\t\t\t\t\t\t\t\t\t<a href=\"http:\/\/wmzpn.pl\/?page_id=21969\"><br \/>\n\t\t\t\t\t\t\t<img decoding=\"async\" width=\"462\" height=\"83\" src=\"http:\/\/wmzpn.pl\/wp-content\/uploads\/2021\/07\/p.jpg\" alt=\"\" loading=\"lazy\" srcset=\"http:\/\/wmzpn.pl\/wp-content\/uploads\/2021\/07\/p.jpg 462w, http:\/\/wmzpn.pl\/wp-content\/uploads\/2021\/07\/p-300x54.jpg 300w\" sizes=\"auto, (max-width: 462px) 100vw, 462px\" \/>\t\t\t\t\t\t\t\t<\/a><br \/>\n\t\t\t\t\t\t\t\t\t\t\t<a href=\"http:\/\/wmzpn.pl\/?page_id=21970\"><br \/>\n\t\t\t\t\t\t\t<img decoding=\"async\" width=\"462\" height=\"83\" src=\"http:\/\/wmzpn.pl\/wp-content\/uploads\/2021\/07\/d.jpg\" alt=\"\" loading=\"lazy\" srcset=\"http:\/\/wmzpn.pl\/wp-content\/uploads\/2021\/07\/d.jpg 462w, http:\/\/wmzpn.pl\/wp-content\/uploads\/2021\/07\/d-300x54.jpg 300w\" sizes=\"auto, (max-width: 462px) 100vw, 462px\" \/>\t\t\t\t\t\t\t\t<\/a><\/p>\n<h2>OFERTY &#8221; SZUKAM PRACOWNIKA&#8221;<\/h2>\n<p>\t\t\t\t\t\t\t\t\t\t<img decoding=\"async\" width=\"500\" height=\"570\" src=\"http:\/\/wmzpn.pl\/wp-content\/uploads\/2021\/07\/oferty-wmzpn.png\" alt=\"\" loading=\"lazy\" srcset=\"http:\/\/wmzpn.pl\/wp-content\/uploads\/2021\/07\/oferty-wmzpn.png 500w, http:\/\/wmzpn.pl\/wp-content\/uploads\/2021\/07\/oferty-wmzpn-263x300.png 263w, http:\/\/wmzpn.pl\/wp-content\/uploads\/2021\/07\/oferty-wmzpn-368x420.png 368w\" sizes=\"auto, (max-width: 500px) 100vw, 500px\" \/>\t\t\t\t\t\t\t\t\t\t\t<\/p>\n<p>Szukasz kierownika dru\u017cyny? pracownika biurowego? specjalisty od marketingu? fotografa? a mo\u017ce potrzebujesz osoby, kt\u00f3ra pomo\u017ce Ci w transmisji mecz\u00f3w? <br \/>Nie czekaj &#8211; zamie\u015b\u0107 swoje og\u0142oszenie <a href=\"http:\/\/wmzpn.pl\/?page_id=21970\"><strong>TUTAJ<\/strong><\/a><\/p>\n<p>\t\t\t\t\t\t\t\t\t\t<img decoding=\"async\" width=\"640\" height=\"640\" src=\"http:\/\/wmzpn.pl\/wp-content\/uploads\/2020\/05\/stomilanki-olsztyn-1.png\" alt=\"\" loading=\"lazy\" srcset=\"http:\/\/wmzpn.pl\/wp-content\/uploads\/2020\/05\/stomilanki-olsztyn-1.png 900w, http:\/\/wmzpn.pl\/wp-content\/uploads\/2020\/05\/stomilanki-olsztyn-1-300x300.png 300w, http:\/\/wmzpn.pl\/wp-content\/uploads\/2020\/05\/stomilanki-olsztyn-1-150x150.png 150w, http:\/\/wmzpn.pl\/wp-content\/uploads\/2020\/05\/stomilanki-olsztyn-1-768x768.png 768w, http:\/\/wmzpn.pl\/wp-content\/uploads\/2020\/05\/stomilanki-olsztyn-1-696x696.png 696w, http:\/\/wmzpn.pl\/wp-content\/uploads\/2020\/05\/stomilanki-olsztyn-1-420x420.png 420w\" sizes=\"auto, (max-width: 640px) 100vw, 640px\" \/>\t\t\t\t\t\t\t\t\t\t\t<\/p>\n<p><strong>KKP STOMILANKI OLSZTYN<br \/><\/strong>Poszukujemy osoby do wsp\u00f3\u0142pracy na zasadzie wolontariatu w charakterze kierownika zespo\u0142\u00f3w: <br \/>-Dru\u017cyna Seniorska w I Lidze <br \/>-Dru\u017cyna M\u0142odzie\u017cowa juniorek w III Lidze Zapraszamy.<\/p>\n<p><img loading=\"lazy\" decoding=\"async\" src=\"https:\/\/static.xx.fbcdn.net\/images\/emoji.php\/v9\/t19\/1.5\/16\/1f4e9.png\" alt=\"&#x1f4e9;\" width=\"16\" height=\"16\" \/><a href=\"mailto:stomilanki.olsztyn@gmail.com\">stomilanki.olsztyn@gmail.com<\/a><\/p>\n<p><img loading=\"lazy\" decoding=\"async\" src=\"https:\/\/static.xx.fbcdn.net\/images\/emoji.php\/v9\/ta6\/1.5\/16\/1f4de.png\" alt=\"&#x1f4de;\" width=\"16\" height=\"16\" \/>781 267 008<\/p>\n<h6 dir=\"auto\" style=\"text-align: right;\"><em>dodano: 30.07.2021<br \/>wa\u017cne do: 30.08.2021<\/em><\/h6>\n<p>\t\t\t\t\t\t\t\t\t\t<img decoding=\"async\" width=\"640\" height=\"640\" src=\"http:\/\/wmzpn.pl\/wp-content\/uploads\/2020\/05\/dks-dobremiasto.png\" alt=\"\" loading=\"lazy\" srcset=\"http:\/\/wmzpn.pl\/wp-content\/uploads\/2020\/05\/dks-dobremiasto.png 900w, http:\/\/wmzpn.pl\/wp-content\/uploads\/2020\/05\/dks-dobremiasto-300x300.png 300w, http:\/\/wmzpn.pl\/wp-content\/uploads\/2020\/05\/dks-dobremiasto-150x150.png 150w, http:\/\/wmzpn.pl\/wp-content\/uploads\/2020\/05\/dks-dobremiasto-768x768.png 768w, http:\/\/wmzpn.pl\/wp-content\/uploads\/2020\/05\/dks-dobremiasto-696x696.png 696w, http:\/\/wmzpn.pl\/wp-content\/uploads\/2020\/05\/dks-dobremiasto-420x420.png 420w\" sizes=\"auto, (max-width: 640px) 100vw, 640px\" \/>\t\t\t\t\t\t\t\t\t\t\t<\/p>\n<p><strong>DKS DOBRE MIASTO<br \/><\/strong>POSZUKUJE SPIKERA &#8211; ch\u0119tnej osoby, kt\u00f3ra mog\u0142aby zosta\u0107 spikerem na IV-ligowych meczach naszej dru\u017cyny. Jedyne czego oczekujemy od kandydata to ch\u0119ci, poprawnej dykcji oraz dyspozycyjno\u015bci w dniach meczowych. Klub zaoferuje pomoc, przeszkolenie oraz kurs uprawniaj\u0105cy do prowadzenia mecz\u00f3w na szczeblu IV ligi jako spiker. Je\u015bli chcesz zosta\u0107 cz\u0119\u015bci\u0105 klubu &#8211; zg\u0142o\u015b si\u0119!\u00a0<\/p>\n<p><img loading=\"lazy\" decoding=\"async\" src=\"https:\/\/static.xx.fbcdn.net\/images\/emoji.php\/v9\/t19\/1.5\/16\/1f4e9.png\" alt=\"&#x1f4e9;\" width=\"16\" height=\"16\" \/> <a href=\"mailto:dksdobremiasto@wmzpn.pl\">dksdobremiasto@wmzpn.pl<\/a><\/p>\n<p><img loading=\"lazy\" decoding=\"async\" src=\"https:\/\/static.xx.fbcdn.net\/images\/emoji.php\/v9\/ta6\/1.5\/16\/1f4de.png\" alt=\"&#x1f4de;\" width=\"16\" height=\"16\" \/>512 721 606<\/p>\n<h6 dir=\"auto\" style=\"text-align: right;\"><em>dodano: 28.07.2021<br \/>wa\u017cne do: 05.08.2021<\/em><\/h6>\n<p>\t\t\t\t\t\t\t\t\t\t<img decoding=\"async\" width=\"640\" height=\"640\" src=\"http:\/\/wmzpn.pl\/wp-content\/uploads\/2020\/05\/naki-olsztyn.png\" alt=\"\" loading=\"lazy\" srcset=\"http:\/\/wmzpn.pl\/wp-content\/uploads\/2020\/05\/naki-olsztyn.png 900w, http:\/\/wmzpn.pl\/wp-content\/uploads\/2020\/05\/naki-olsztyn-300x300.png 300w, http:\/\/wmzpn.pl\/wp-content\/uploads\/2020\/05\/naki-olsztyn-150x150.png 150w, http:\/\/wmzpn.pl\/wp-content\/uploads\/2020\/05\/naki-olsztyn-768x768.png 768w, http:\/\/wmzpn.pl\/wp-content\/uploads\/2020\/05\/naki-olsztyn-696x696.png 696w, http:\/\/wmzpn.pl\/wp-content\/uploads\/2020\/05\/naki-olsztyn-420x420.png 420w\" sizes=\"auto, (max-width: 640px) 100vw, 640px\" \/>\t\t\t\t\t\t\t\t\t\t\t<\/p>\n<p><strong>UKS NAKI OLSZTYN<br \/><\/strong>Poszukujemy osoby do wsp\u00f3\u0142pracy na zasadzie wolontariatu w charakterze kierownika zespo\u0142\u00f3w m\u0142odzie\u017cowych i dru\u017cyny senior\u00f3w.<\/p>\n<p><img loading=\"lazy\" decoding=\"async\" src=\"https:\/\/static.xx.fbcdn.net\/images\/emoji.php\/v9\/t19\/1.5\/16\/1f4e9.png\" alt=\"&#x1f4e9;\" width=\"16\" height=\"16\" \/> naki@naki.pl<\/p>\n<p><img loading=\"lazy\" decoding=\"async\" src=\"https:\/\/static.xx.fbcdn.net\/images\/emoji.php\/v9\/ta6\/1.5\/16\/1f4de.png\" alt=\"&#x1f4de;\" width=\"16\" height=\"16\" \/> 604 532 547<\/p>\n<h6 dir=\"auto\" style=\"text-align: right;\"><em>dodano: 12.07.2021<br \/>wa\u017cne do: 31.12.2021<\/em><\/h6>\n","protected":false},"excerpt":{"rendered":"<p>OFERTY &#8221; SZUKAM PRACOWNIKA&#8221; Szukasz kierownika dru\u017cyny? pracownika biurowego? specjalisty od marketingu? fotografa? a mo\u017ce potrzebujesz osoby, kt\u00f3ra pomo\u017ce Ci w transmisji mecz\u00f3w? Nie czekaj &#8211; zamie\u015b\u0107 swoje og\u0142oszenie TUTAJ KKP STOMILANKI OLSZTYNPoszukujemy osoby do wsp\u00f3\u0142pracy na zasadzie wolontariatu w charakterze kierownika zespo\u0142\u00f3w: -Dru\u017cyna Seniorska w I Lidze -Dru\u017cyna M\u0142odzie\u017cowa juniorek w III Lidze Zapraszamy. [&hellip;]<\/p>\n","protected":false},"author":2,"featured_media":0,"parent":0,"menu_order":0,"comment_status":"closed","ping_status":"closed","template":"","meta":{"footnotes":""},"class_list":["post-21969","page","type-page","status-publish","hentry"],"_links":{"self":[{"href":"https:\/\/wmzpn.pl\/index.php?rest_route=\/wp\/v2\/pages\/21969","targetHints":{"allow":["GET"]}}],"collection":[{"href":"https:\/\/wmzpn.pl\/index.php?rest_route=\/wp\/v2\/pages"}],"about":[{"href":"https:\/\/wmzpn.pl\/index.php?rest_route=\/wp\/v2\/types\/page"}],"author":[{"embeddable":true,"href":"https:\/\/wmzpn.pl\/index.php?rest_route=\/wp\/v2\/users\/2"}],"replies":[{"embeddable":true,"href":"https:\/\/wmzpn.pl\/index.php?rest_route=%2Fwp%2Fv2%2Fcomments&post=21969"}],"version-history":[{"count":9,"href":"https:\/\/wmzpn.pl\/index.php?rest_route=\/wp\/v2\/pages\/21969\/revisions"}],"predecessor-version":[{"id":22246,"href":"https:\/\/wmzpn.pl\/index.php?rest_route=\/wp\/v2\/pages\/21969\/revisions\/22246"}],"wp:attachment":[{"href":"https:\/\/wmzpn.pl\/index.php?rest_route=%2Fwp%2Fv2%2Fmedia&parent=21969"}],"curies":[{"name":"wp","href":"https:\/\/api.w.org\/{rel}","templated":true}]}}