{"id":21948,"date":"2021-07-09T09:28:01","date_gmt":"2021-07-09T09:28:01","guid":{"rendered":"http:\/\/wmzpn.pl\/?page_id=21948"},"modified":"2021-07-09T11:07:00","modified_gmt":"2021-07-09T11:07:00","slug":"gielda","status":"publish","type":"page","link":"https:\/\/wmzpn.pl\/?page_id=21948","title":{"rendered":"Gie\u0142da Ofert Pi\u0142karskich WMZPN"},"content":{"rendered":"<p><a href=\"http:\/\/wmzpn.pl\/?page_id=21948\"><br \/>\n\t\t\t\t\t\t\t<img decoding=\"async\" width=\"500\" height=\"570\" src=\"http:\/\/wmzpn.pl\/wp-content\/uploads\/2021\/07\/PGWMZPN-min.jpg\" alt=\"\" loading=\"lazy\" srcset=\"http:\/\/wmzpn.pl\/wp-content\/uploads\/2021\/07\/PGWMZPN-min.jpg 500w, http:\/\/wmzpn.pl\/wp-content\/uploads\/2021\/07\/PGWMZPN-min-263x300.jpg 263w, http:\/\/wmzpn.pl\/wp-content\/uploads\/2021\/07\/PGWMZPN-min-368x420.jpg 368w\" sizes=\"auto, (max-width: 500px) 100vw, 500px\" \/>\t\t\t\t\t\t\t\t<\/a><br \/>\n\t\t\t\t\t\t\t\t\t\t\t<a href=\"http:\/\/wmzpn.pl\/?page_id=21967\"><br \/>\n\t\t\t\t\t\t\t<img decoding=\"async\" width=\"462\" height=\"83\" src=\"http:\/\/wmzpn.pl\/wp-content\/uploads\/2021\/07\/t.jpg\" alt=\"\" loading=\"lazy\" srcset=\"http:\/\/wmzpn.pl\/wp-content\/uploads\/2021\/07\/t.jpg 462w, http:\/\/wmzpn.pl\/wp-content\/uploads\/2021\/07\/t-300x54.jpg 300w\" sizes=\"auto, (max-width: 462px) 100vw, 462px\" \/>\t\t\t\t\t\t\t\t<\/a><br \/>\n\t\t\t\t\t\t\t\t\t\t\t<a href=\"http:\/\/wmzpn.pl\/?page_id=21968\"><br \/>\n\t\t\t\t\t\t\t<img decoding=\"async\" width=\"462\" height=\"83\" src=\"http:\/\/wmzpn.pl\/wp-content\/uploads\/2021\/07\/z.jpg\" alt=\"\" loading=\"lazy\" srcset=\"http:\/\/wmzpn.pl\/wp-content\/uploads\/2021\/07\/z.jpg 462w, http:\/\/wmzpn.pl\/wp-content\/uploads\/2021\/07\/z-300x54.jpg 300w\" sizes=\"auto, (max-width: 462px) 100vw, 462px\" \/>\t\t\t\t\t\t\t\t<\/a><br \/>\n\t\t\t\t\t\t\t\t\t\t\t<a href=\"http:\/\/wmzpn.pl\/?page_id=21969\"><br \/>\n\t\t\t\t\t\t\t<img decoding=\"async\" width=\"462\" height=\"83\" src=\"http:\/\/wmzpn.pl\/wp-content\/uploads\/2021\/07\/p.jpg\" alt=\"\" loading=\"lazy\" srcset=\"http:\/\/wmzpn.pl\/wp-content\/uploads\/2021\/07\/p.jpg 462w, http:\/\/wmzpn.pl\/wp-content\/uploads\/2021\/07\/p-300x54.jpg 300w\" sizes=\"auto, (max-width: 462px) 100vw, 462px\" \/>\t\t\t\t\t\t\t\t<\/a><br \/>\n\t\t\t\t\t\t\t\t\t\t\t<a href=\"http:\/\/wmzpn.pl\/?page_id=21970\"><br \/>\n\t\t\t\t\t\t\t<img decoding=\"async\" width=\"462\" height=\"83\" src=\"http:\/\/wmzpn.pl\/wp-content\/uploads\/2021\/07\/d.jpg\" alt=\"\" loading=\"lazy\" srcset=\"http:\/\/wmzpn.pl\/wp-content\/uploads\/2021\/07\/d.jpg 462w, http:\/\/wmzpn.pl\/wp-content\/uploads\/2021\/07\/d-300x54.jpg 300w\" sizes=\"auto, (max-width: 462px) 100vw, 462px\" \/>\t\t\t\t\t\t\t\t<\/a><\/p>\n<p><strong>Szukasz trenera, zawodnika, a mo\u017ce osoby do pracy w klubie?<\/strong><\/p>\n<p><strong> Gie\u0142da Ofert Pi\u0142karskich WMZPN<\/strong> to miejsce, w kt\u00f3rym kluby z Warmii i Mazur mog\u0105 zamie\u015bci\u0107 dowolne og\u0142oszenie o prac\u0119.<br \/>Platforma ma na celu zebranie w jednym miejscu ofert klub\u00f3w zrzeszonych w Warmi\u0144sko-Mazurskim Zwi\u0105zku Pi\u0142ki No\u017cnej, a co za tym idzie u\u0142atwienie poszukiwania odpowiednich os\u00f3b do pracy lub innej dzia\u0142alno\u015bci w klubie.<\/p>\n<p><strong>Chcesz zamie\u015bci\u0107 og\u0142oszenie?<\/strong> To bardzo proste! <br \/>Wype\u0142nij formularz <a href=\"http:\/\/wmzpn.pl\/?page_id=21970\">&#8220;DODAJ OFERT\u0118&#8221;<\/a>, a po kr\u00f3tkiej weryfikacji Twoje og\u0142oszenie zostanie opublikowanie w odpowiedniej kategorii.<\/p>\n<p>Koniecznie daj nam zna\u0107 je\u015bli og\u0142oszenie przestanie by\u0107 aktualne przed wskazanym terminem.<\/p>\n<p><strong>W przypadku zamkni\u0119cia og\u0142oszenia lub innych pyta\u0144 prosimy o kontakt:<br \/><\/strong><br \/><em>Emil Wojda<\/em><br \/><em>Kierownik ds. Organizacyjnych i marketingu<\/em><br \/><em><strong>M:<\/strong> emil.wojda@wmzpn.pl<\/em><br \/><em><strong>T:<\/strong> 570 560 706<\/em><\/p>\n","protected":false},"excerpt":{"rendered":"<p>Szukasz trenera, zawodnika, a mo\u017ce osoby do pracy w klubie? Gie\u0142da Ofert Pi\u0142karskich WMZPN to miejsce, w kt\u00f3rym kluby z Warmii i Mazur mog\u0105 zamie\u015bci\u0107 dowolne og\u0142oszenie o prac\u0119.Platforma ma na celu zebranie w jednym miejscu ofert klub\u00f3w zrzeszonych w Warmi\u0144sko-Mazurskim Zwi\u0105zku Pi\u0142ki No\u017cnej, a co za tym idzie u\u0142atwienie poszukiwania odpowiednich os\u00f3b do pracy [&hellip;]<\/p>\n","protected":false},"author":2,"featured_media":0,"parent":0,"menu_order":0,"comment_status":"closed","ping_status":"closed","template":"","meta":{"footnotes":""},"class_list":["post-21948","page","type-page","status-publish","hentry"],"_links":{"self":[{"href":"https:\/\/wmzpn.pl\/index.php?rest_route=\/wp\/v2\/pages\/21948","targetHints":{"allow":["GET"]}}],"collection":[{"href":"https:\/\/wmzpn.pl\/index.php?rest_route=\/wp\/v2\/pages"}],"about":[{"href":"https:\/\/wmzpn.pl\/index.php?rest_route=\/wp\/v2\/types\/page"}],"author":[{"embeddable":true,"href":"https:\/\/wmzpn.pl\/index.php?rest_route=\/wp\/v2\/users\/2"}],"replies":[{"embeddable":true,"href":"https:\/\/wmzpn.pl\/index.php?rest_route=%2Fwp%2Fv2%2Fcomments&post=21948"}],"version-history":[{"count":13,"href":"https:\/\/wmzpn.pl\/index.php?rest_route=\/wp\/v2\/pages\/21948\/revisions"}],"predecessor-version":[{"id":22009,"href":"https:\/\/wmzpn.pl\/index.php?rest_route=\/wp\/v2\/pages\/21948\/revisions\/22009"}],"wp:attachment":[{"href":"https:\/\/wmzpn.pl\/index.php?rest_route=%2Fwp%2Fv2%2Fmedia&parent=21948"}],"curies":[{"name":"wp","href":"https:\/\/api.w.org\/{rel}","templated":true}]}}