{"id":21899,"date":"2021-07-08T08:58:39","date_gmt":"2021-07-08T08:58:39","guid":{"rendered":"http:\/\/wmzpn.pl\/?page_id=21899"},"modified":"2021-07-08T09:01:29","modified_gmt":"2021-07-08T09:01:29","slug":"przedsezonowe-spotkania-z-klubami-wmzpn","status":"publish","type":"page","link":"https:\/\/wmzpn.pl\/?page_id=21899","title":{"rendered":"Przedsezonowe spotkania z klubami WMZPN"},"content":{"rendered":"<div style=\"display:none\" class=\"fm-form-container fm-theme3\"><div id=\"fm-pages21\" class=\"fm-pages wdform_page_navigation \" show_title=\"\" show_numbers=\"1\" type=\"none\"><\/div><form name=\"form21\" action=\"\/index.php?rest_route=%2Fwp%2Fv2%2Fpages%2F21899\" method=\"post\" id=\"form21\" class=\"fm-form form21  \" enctype=\"multipart\/form-data\"><input type=\"hidden\" id=\"counter21\" value=\"12\" name=\"counter21\" \/><input type=\"hidden\" id=\"Itemid21\" value=\"\" name=\"Itemid21\" \/><input type=\"hidden\" id=\"fm_shake21\" value=\"1\" name=\"fm_shake21\" \/><input type=\"text\" class=\"fm-hide\" id=\"fm_empty_field_validation21\" value=\"\" name=\"fm_empty_field_validation21\" data-value=\"bd736efb144d599cf463541431fbf5c4\" \/><div class=\"fm-header-bg\"><div class=\"fm-header \"><div class=\"fm-header-text\">          <div class=\"fm-header-title\">            Przedsezonowe spotkania online z klubami WMZPN          <\/div>          <div class=\"fm-header-description\">                      <\/div>        <\/div><\/div><\/div><div class=\"wdform-page-and-images fm-form-builder\"><div id=\"21form_view1\" class=\"wdform_page\" page_title=\"Untitled page\" next_title=\"Next\" next_type=\"text\" next_class=\"wdform-page-button\" next_checkable=\"true\" previous_title=\"Previous\" previous_type=\"text\" previous_class=\"wdform-page-button\" previous_checkable=\"false\"><div class=\"wdform_section fm-row-deleting\"><div class=\"wdform_column\"><div wdid=\"4\" class=\"wdform_row\" style=\"position: relative; left: 0px; top: 0px;\"><div type=\"type_text\" class=\"wdform-field wd-width-100 wd-flex wd-flex-column\" data-hide-currency=\"no\"><div class=\"wdform-label-section wd-width-100  wd-flex-row wd-align-items-center\">    <label  for=\"wdform_4_element21\" class=\"wdform-label\">Nazwa Klubu<\/label><span class=\"wdform-required\">*<\/span><\/div><div class=\"wdform-element-section wd-flex  wd-flex-row wd-align-items-center wd-width-100\" ><input type=\"text\"                           class=\"wd-width-100\"                           id=\"wdform_4_element21\"                           name=\"wdform_4_element21\"                           value=\"\"                           title=\"\"                           placeholder=\"\"                                                       \/><\/div><\/div><\/div><\/div><div class=\"wdform_column\"><div wdid=\"2\" class=\"wdform_row\" style=\"position: relative; left: 0px; top: 0px;\"><div type=\"type_text\" class=\"wdform-field wd-width-100 wd-flex wd-flex-column\" data-hide-currency=\"no\"><div class=\"wdform-label-section wd-width-100  wd-flex-row wd-align-items-center\">    <label  for=\"wdform_2_element21\" class=\"wdform-label\">Imi\u0119 i Nazwisko osoby uczestnicz\u0105cej w spotkaniu<\/label><span class=\"wdform-required\">*<\/span><\/div><div class=\"wdform-element-section wd-flex  wd-flex-row wd-align-items-center wd-width-100\" ><input type=\"text\"                           class=\"wd-width-100\"                           id=\"wdform_2_element21\"                           name=\"wdform_2_element21\"                           value=\"\"                           title=\"\"                           placeholder=\"\"                                                       \/><\/div><\/div><\/div><\/div><div class=\"wdform_column\"><div wdid=\"6\" class=\"wdform_row\" style=\"position: relative; left: 0px; top: 0px;\"><div type=\"type_text\" class=\"wdform-field wd-width-100 wd-flex wd-flex-column\" data-hide-currency=\"no\"><div class=\"wdform-label-section wd-width-100 undefined wd-flex-row wd-align-items-center\">    <label  for=\"wdform_6_element21\" class=\"wdform-label\">Funkcja\/Rola w Klubie<\/label><span class=\"wdform-required\">*<\/span><\/div><div class=\"wdform-element-section wd-flex undefined wd-flex-row wd-align-items-center wd-width-100\" ><input type=\"text\"                           class=\"wd-width-100\"                           id=\"wdform_6_element21\"                           name=\"wdform_6_element21\"                           value=\"\"                           title=\"\"                           placeholder=\"\"                                                       \/><\/div><\/div><\/div><\/div><div class=\"wdform_column\"><div wdid=\"7\" class=\"wdform_row\"><div type=\"type_submitter_mail\" class=\"wdform-field wd-width-100 wd-flex wd-flex-column\" data-hide-currency=\"no\"><div class=\"wdform-label-section wd-width-100  wd-flex-row\">    <label  for=\"wdform_7_element21\" class=\"wdform-label\">e-mail osoby uczestnicz\u0105cej w spotkaniu<\/label><span class=\"wdform-required\">*<\/span><\/div><div class=\"wdform-element-section wd-flex  wd-flex-row wd-width-100\" ><input type=\"text\" class=\"wd-width-100\" id=\"wdform_7_element21\" name=\"wdform_7_element21\" value=\"\" title=\"\" placeholder=\"\"   onchange=\"wd_check_email('7', '21', 'To nie jest prawid\u0142owy adres email.')\" \/><\/div><\/div><\/div><\/div><div class=\"wdform_column\"><div wdid=\"8\" class=\"wdform_row\"><div type=\"type_text\" class=\"wdform-field wd-width-100 wd-flex wd-flex-column\" data-hide-currency=\"no\"><div class=\"wdform-label-section wd-width-100  wd-flex-row wd-align-items-center\">    <label  for=\"wdform_8_element21\" class=\"wdform-label\">numer telefonu osoby uczestnicz\u0105cej w spotkaniu<\/label><span class=\"wdform-required\">*<\/span><\/div><div class=\"wdform-element-section wd-flex  wd-flex-row wd-align-items-center wd-width-100\" ><input type=\"text\"                           class=\"wd-width-100\"                           id=\"wdform_8_element21\"                           name=\"wdform_8_element21\"                           value=\"\"                           title=\"\"                           placeholder=\"\"                                                       \/><\/div><\/div><\/div><\/div><div class=\"wdform_column\"><div wdid=\"9\" class=\"wdform_row\" style=\"position: relative; left: 0px; top: 0px;\"><div type=\"type_radio\" class=\"wdform-field wd-width-100 wd-flex wd-flex-column\" data-hide-currency=\"no\"><div class=\"wdform-label-section wd-width-100  wd-flex-wrap wd-flex-column\">    <label  class=\"wdform-label\">Wybierz termin spotkania<\/label><span class=\"wdform-required\">*<\/span><\/div><div class=\"wdform-element-section wd-flex  wd-flex-wrap wd-flex-column wd-width-100\" ><div class=\"wd-flex wd-flex-column\"><input type=\"hidden\" name=\"wdform_9_element21\" value=\"\" \/><div class=\"radio-div wd-choice wd-flex wd-flex-row\"><input type=\"radio\"  id=\"wdform_9_element210\" name=\"wdform_9_element21\" value=\"forBET IV Liga - poniedzia\u0142ek 12 lipca, godz. 19:00\" onclick=\"set_default(&quot;wdform_9&quot;,&quot;0&quot;,&quot;21&quot;); \"   \/><label class=\"wd-align-items-center wd-flex wd-flex-row\" for=\"wdform_9_element210\"><span><\/span>forBET IV Liga - poniedzia\u0142ek 12 lipca, godz. 19:00<\/label><\/div><div class=\"radio-div wd-choice wd-flex wd-flex-row\"><input type=\"radio\"  id=\"wdform_9_element211\" name=\"wdform_9_element21\" value=\"Ligi Centralne - wtorek 20 lipca, godz. 19:00\" onclick=\"set_default(&quot;wdform_9&quot;,&quot;1&quot;,&quot;21&quot;); \"   \/><label class=\"wd-align-items-center wd-flex wd-flex-row\" for=\"wdform_9_element211\"><span><\/span>Ligi Centralne - wtorek 20 lipca, godz. 19:00<\/label><\/div><div class=\"radio-div wd-choice wd-flex wd-flex-row\"><input type=\"radio\"  id=\"wdform_9_element212\" name=\"wdform_9_element21\" value=\"Klasa Okr\u0119gowa - \u015broda 21 lipca, godz. 19:00\" onclick=\"set_default(&quot;wdform_9&quot;,&quot;2&quot;,&quot;21&quot;); \"   \/><label class=\"wd-align-items-center wd-flex wd-flex-row\" for=\"wdform_9_element212\"><span><\/span>Klasa Okr\u0119gowa - \u015broda 21 lipca, godz. 19:00<\/label><\/div><div class=\"radio-div wd-choice wd-flex wd-flex-row\"><input type=\"radio\"  id=\"wdform_9_element213\" name=\"wdform_9_element21\" value=\"A i B Klasa - czwartek 22 lipca, godz. 19:00\" onclick=\"set_default(&quot;wdform_9&quot;,&quot;3&quot;,&quot;21&quot;); \"   \/><label class=\"wd-align-items-center wd-flex wd-flex-row\" for=\"wdform_9_element213\"><span><\/span>A i B Klasa - czwartek 22 lipca, godz. 19:00<\/label><\/div><div class=\"radio-div wd-choice wd-flex wd-flex-row\"><input type=\"radio\"  id=\"wdform_9_element214\" name=\"wdform_9_element21\" value=\"Kluby m\u0142odzie\u017cowe - wtorek 10 sierpnia, godz. 19:00\" onclick=\"set_default(&quot;wdform_9&quot;,&quot;4&quot;,&quot;21&quot;); \"   \/><label class=\"wd-align-items-center wd-flex wd-flex-row\" for=\"wdform_9_element214\"><span><\/span>Kluby m\u0142odzie\u017cowe - wtorek 10 sierpnia, godz. 19:00<\/label><\/div><\/div><\/div><\/div><\/div><\/div><div class=\"wdform_column\"><div wdid=\"11\" class=\"wdform_row\"><div type=\"type_radio\" class=\"wdform-field wd-width-100 wd-flex wd-flex-column\" data-hide-currency=\"no\"><div class=\"wdform-label-section wd-width-100  wd-flex-wrap wd-flex-column\">    <label  class=\"wdform-label\">(wymagane)<\/label><span class=\"wdform-required\">*<\/span><\/div><div class=\"wdform-element-section wd-flex  wd-flex-wrap wd-flex-column wd-width-100\" ><div class=\"wd-flex wd-flex-column\"><input type=\"hidden\" name=\"wdform_11_element21\" value=\"\" \/><div class=\"radio-div wd-choice wd-flex wd-flex-row\"><input type=\"radio\"  id=\"wdform_11_element210\" name=\"wdform_11_element21\" value=\"Wyra\u017cam zgod\u0119 na przetwarzanie moich danych osobowych do cel\u00f3w rejestracji na spotkania z klubami WMZPN w formie wideokonferencji, swoje dane osobowe udost\u0119pniam dobrowolnie. Zosta\u0142em poinformowany o przys\u0142uguj\u0105cym mi prawie dost\u0119pu do tre\u015bci swoich danych oraz do ich poprawienia, a tak\u017ce o prawie do wycofania swojej zgody na przetwarzanie tych danych w dowolnym czasie.\" onclick=\"set_default(&quot;wdform_11&quot;,&quot;0&quot;,&quot;21&quot;); \" checked=\"checked\"  \/><label class=\"wd-align-items-center wd-flex wd-flex-row\" for=\"wdform_11_element210\"><span><\/span>Wyra\u017cam zgod\u0119 na przetwarzanie moich danych osobowych do cel\u00f3w rejestracji na spotkania z klubami WMZPN w formie wideokonferencji, swoje dane osobowe udost\u0119pniam dobrowolnie. Zosta\u0142em poinformowany o przys\u0142uguj\u0105cym mi prawie dost\u0119pu do tre\u015bci swoich danych oraz do ich poprawienia, a tak\u017ce o prawie do wycofania swojej zgody na przetwarzanie tych danych w dowolnym czasie.<\/label><\/div><\/div><\/div><\/div><\/div><\/div><div class=\"wdform_column\"><div wdid=\"1\" class=\"wdform_row\" style=\"position: relative; left: 0px; top: 0px;\"><div type=\"type_submit_reset\" class=\"wdform-field wd-width-100 wd-flex wd-flex-column\" data-hide-currency=\"no\"><div class=\"wdform-element-section wd-flex 1 wd-flex-row wd-justify-content-right wd-width-100\" ><button  type=\"button\" class=\"button-submit\" onclick=\"fm_submit_form('21');\"  attribute=value data-ajax=\"0\"><span class=\"fm-submit-loading spinner fm-ico-spinner\"><\/span>Zarejestruj si\u0119!<\/button><button  type=\"button\" class=\"button-reset wd-hidden\" onclick=\"fm_reset_form(21);\"  attribute=value>Reset<\/button><\/div><\/div><\/div><\/div><\/div><div valign=\"top\" class=\"wdform_footer wd-width-100\"><div class=\"wd-width-100\"><div class=\"wd-width-100 wd-table\" style=\"padding-top:10px;\"><div class=\"wd-table-group\"><div id=\"21page_nav1\" class=\"wd-table-row\"><\/div><\/div><\/div><\/div><\/div><\/div><\/div><div class=\"wdform_preload\"><\/div><\/form><\/div>\n","protected":false},"excerpt":{"rendered":"Przedsezonowe spotkania online z klubami WMZPN Nazwa Klubu* Imi\u0119 i Nazwisko osoby uczestnicz\u0105cej w spotkaniu* Funkcja\/Rola w Klubie* e-mail osoby uczestnicz\u0105cej w spotkaniu* numer telefonu osoby uczestnicz\u0105cej w spotkaniu* Wybierz termin spotkania*forBET IV Liga - poniedzia\u0142ek 12 lipca, godz. 19:00Ligi Centralne - wtorek 20 lipca, godz. 19:00Klasa Okr\u0119gowa - \u015broda 21 lipca, godz. 19:00A i [...]","protected":false},"author":2,"featured_media":0,"parent":0,"menu_order":0,"comment_status":"closed","ping_status":"closed","template":"","meta":{"footnotes":""},"class_list":["post-21899","page","type-page","status-publish","hentry"],"_links":{"self":[{"href":"https:\/\/wmzpn.pl\/index.php?rest_route=\/wp\/v2\/pages\/21899","targetHints":{"allow":["GET"]}}],"collection":[{"href":"https:\/\/wmzpn.pl\/index.php?rest_route=\/wp\/v2\/pages"}],"about":[{"href":"https:\/\/wmzpn.pl\/index.php?rest_route=\/wp\/v2\/types\/page"}],"author":[{"embeddable":true,"href":"https:\/\/wmzpn.pl\/index.php?rest_route=\/wp\/v2\/users\/2"}],"replies":[{"embeddable":true,"href":"https:\/\/wmzpn.pl\/index.php?rest_route=%2Fwp%2Fv2%2Fcomments&post=21899"}],"version-history":[{"count":1,"href":"https:\/\/wmzpn.pl\/index.php?rest_route=\/wp\/v2\/pages\/21899\/revisions"}],"predecessor-version":[{"id":21900,"href":"https:\/\/wmzpn.pl\/index.php?rest_route=\/wp\/v2\/pages\/21899\/revisions\/21900"}],"wp:attachment":[{"href":"https:\/\/wmzpn.pl\/index.php?rest_route=%2Fwp%2Fv2%2Fmedia&parent=21899"}],"curies":[{"name":"wp","href":"https:\/\/api.w.org\/{rel}","templated":true}]}}