{"id":21598,"date":"2021-06-10T13:43:42","date_gmt":"2021-06-10T13:43:42","guid":{"rendered":"http:\/\/wmzpn.pl\/?page_id=21598"},"modified":"2025-05-27T20:05:48","modified_gmt":"2025-05-27T20:05:48","slug":"formularz-final-wpp-2020-21","status":"publish","type":"page","link":"https:\/\/wmzpn.pl\/?page_id=21598","title":{"rendered":"Formularz &#8211; Fina\u0142 Bank Sp\u00f3\u0142dzielczy w Szczytnie WPP 2024\/25"},"content":{"rendered":"<div style=\"display:none\" class=\"fm-form-container fm-theme3\"><div id=\"fm-pages18\" class=\"fm-pages wdform_page_navigation \" show_title=\"false\" show_numbers=\"false\" type=\"none\"><\/div><form name=\"form18\" action=\"\/index.php?rest_route=%2Fwp%2Fv2%2Fpages%2F21598\" method=\"post\" id=\"form18\" class=\"fm-form form18  \" enctype=\"multipart\/form-data\"><input type=\"hidden\" id=\"counter18\" value=\"17\" name=\"counter18\" \/><input type=\"hidden\" id=\"Itemid18\" value=\"\" name=\"Itemid18\" \/><input type=\"hidden\" id=\"fm_shake18\" value=\"1\" name=\"fm_shake18\" \/><input type=\"text\" class=\"fm-hide\" id=\"fm_empty_field_validation18\" value=\"\" name=\"fm_empty_field_validation18\" data-value=\"bd736efb144d599cf463541431fbf5c4\" \/><div class=\"fm-header-bg\"><div class=\"fm-header \"><div class=\"fm-header-text\">          <div class=\"fm-header-title\">            Akredytacje - Fina\u0142 WPP 2024\/25 - Ostr\u00f3da          <\/div>          <div class=\"fm-header-description\">                      <\/div>        <\/div><\/div><\/div><div class=\"wdform-page-and-images fm-form-builder\"><div id=\"18form_view1\" class=\"wdform_page\" page_title=\"Untitled page\" next_title=\"Next\" next_type=\"text\" next_class=\"wdform-page-button\" next_checkable=\"true\" previous_title=\"Previous\" previous_type=\"text\" previous_class=\"wdform-page-button\" previous_checkable=\"false\"><div class=\"wdform_section\"><div class=\"wdform_column\"><div wdid=\"2\" class=\"wdform_row\"><div type=\"type_text\" class=\"wdform-field wd-width-100 wd-flex wd-flex-column\" data-hide-currency=\"no\"><div class=\"wdform-label-section wd-width-100  wd-flex-row wd-align-items-center\">    <label  for=\"wdform_2_element18\" class=\"wdform-label\">Imi\u0119 i Nazwisko<\/label><span class=\"wdform-required\">*<\/span><\/div><div class=\"wdform-element-section wd-flex  wd-flex-row wd-align-items-center wd-width-100\" ><input type=\"text\"                           class=\"wd-width-100\"                           id=\"wdform_2_element18\"                           name=\"wdform_2_element18\"                           value=\"\"                           title=\"\"                           placeholder=\"\"                                                       \/><\/div><\/div><\/div><\/div><div class=\"wdform_column\"><div wdid=\"5\" class=\"wdform_row\" style=\"position: relative; left: 0px; top: 0px;\"><div type=\"type_text\" class=\"wdform-field wd-width-100 wd-flex wd-flex-column\" data-hide-currency=\"no\"><div class=\"wdform-label-section wd-width-100  wd-flex-row wd-align-items-center\">    <label  for=\"wdform_5_element18\" class=\"wdform-label\">Nazwa redakcji<\/label><span class=\"wdform-required\">*<\/span><\/div><div class=\"wdform-element-section wd-flex  wd-flex-row wd-align-items-center wd-width-100\" ><input type=\"text\"                           class=\"wd-width-100\"                           id=\"wdform_5_element18\"                           name=\"wdform_5_element18\"                           value=\"\"                           title=\"\"                           placeholder=\"\"                                                       \/><\/div><\/div><\/div><\/div><div class=\"wdform_column\"><div wdid=\"6\" class=\"wdform_row\" style=\"position: relative; left: 0px; top: 0px;\"><div type=\"type_radio\" class=\"wdform-field wd-width-100 wd-flex wd-flex-column\" data-hide-currency=\"no\"><div class=\"wdform-label-section wd-width-100  wd-flex-wrap wd-flex-column\">    <label  class=\"wdform-label\">Rodzaj akredytacji<\/label><span class=\"wdform-required\">*<\/span><\/div><div class=\"wdform-element-section wd-flex  wd-flex-wrap wd-flex-column wd-width-100\" ><div class=\"wd-flex wd-flex-column\"><input type=\"hidden\" name=\"wdform_6_element18\" value=\"\" \/><div class=\"radio-div wd-choice wd-flex wd-flex-row\"><input type=\"radio\"  id=\"wdform_6_element180\" name=\"wdform_6_element18\" value=\"Foto\" onclick=\"set_default(&quot;wdform_6&quot;,&quot;0&quot;,&quot;18&quot;); \"   \/><label class=\"wd-align-items-center wd-flex wd-flex-row\" for=\"wdform_6_element180\"><span><\/span>Foto<\/label><\/div><div class=\"radio-div wd-choice wd-flex wd-flex-row\"><input type=\"radio\"  id=\"wdform_6_element181\" name=\"wdform_6_element18\" value=\"Prasa\" onclick=\"set_default(&quot;wdform_6&quot;,&quot;1&quot;,&quot;18&quot;); \"   \/><label class=\"wd-align-items-center wd-flex wd-flex-row\" for=\"wdform_6_element181\"><span><\/span>Prasa<\/label><\/div><\/div><\/div><\/div><\/div><\/div><div class=\"wdform_column\"><div wdid=\"10\" class=\"wdform_row\" style=\"position: relative; left: 0px; top: 0px;\"><div type=\"type_submitter_mail\" class=\"wdform-field wd-width-100 wd-flex wd-flex-column\" data-hide-currency=\"no\"><div class=\"wdform-label-section wd-width-100  wd-flex-row\">    <label  for=\"wdform_10_element18\" class=\"wdform-label\">Adres e-mail<\/label><span class=\"wdform-required\">*<\/span><\/div><div class=\"wdform-element-section wd-flex  wd-flex-row wd-width-100\" ><input type=\"text\" class=\"wd-width-100\" id=\"wdform_10_element18\" name=\"wdform_10_element18\" value=\"\" title=\"\" placeholder=\"\"   onchange=\"wd_check_email('10', '18', 'To nie jest prawid\u0142owy adres email.')\" \/><\/div><\/div><\/div><\/div><div class=\"wdform_column\"><div wdid=\"8\" class=\"wdform_row\"><div type=\"type_radio\" class=\"wdform-field wd-width-100 wd-flex wd-flex-column\" data-hide-currency=\"no\"><div class=\"wdform-label-section wd-width-100  wd-flex-wrap wd-flex-column\">    <label  class=\"wdform-label\">(wymagane)<\/label><span class=\"wdform-required\">*<\/span><\/div><div class=\"wdform-element-section wd-flex  wd-flex-wrap wd-flex-column wd-width-100\" ><div class=\"wd-flex wd-flex-column\"><input type=\"hidden\" name=\"wdform_8_element18\" value=\"\" \/><div class=\"radio-div wd-choice wd-flex wd-flex-row\"><input type=\"radio\"  id=\"wdform_8_element180\" name=\"wdform_8_element18\" value=\"Wyra\u017cam zgod\u0119 na przetwarzanie moich danych osobowych do cel\u00f3w akredytowania na mecz Fina\u0142owy Bank Sp\u00f3\u0142dzielczy w Szczytnie Wojew\u00f3dzkiego Pucharu Polski, rozgrywany w dniu 04.06.2025 r. Swoje dane osobowe udost\u0119pniam dobrowolnie. Zosta\u0142em poinformowany o przys\u0142uguj\u0105cym mi prawie dost\u0119pu do tre\u015bci swoich danych oraz do ich poprawienia, a tak\u017ce o prawie do wycofania swojej zgody na przetwarzanie tych danych w dowolnym czasie.\" onclick=\"set_default(&quot;wdform_8&quot;,&quot;0&quot;,&quot;18&quot;); \"   \/><label class=\"wd-align-items-center wd-flex wd-flex-row\" for=\"wdform_8_element180\"><span><\/span>Wyra\u017cam zgod\u0119 na przetwarzanie moich danych osobowych do cel\u00f3w akredytowania na mecz Fina\u0142owy Bank Sp\u00f3\u0142dzielczy w Szczytnie Wojew\u00f3dzkiego Pucharu Polski, rozgrywany w dniu 04.06.2025 r. Swoje dane osobowe udost\u0119pniam dobrowolnie. Zosta\u0142em poinformowany o przys\u0142uguj\u0105cym mi prawie dost\u0119pu do tre\u015bci swoich danych oraz do ich poprawienia, a tak\u017ce o prawie do wycofania swojej zgody na przetwarzanie tych danych w dowolnym czasie.<\/label><\/div><\/div><\/div><\/div><\/div><\/div><div class=\"wdform_column\"><div wdid=\"1\" class=\"wdform_row\" style=\"position: relative; left: 0px; top: 0px;\"><div type=\"type_submit_reset\" class=\"wdform-field wd-width-100 wd-flex wd-flex-column\" data-hide-currency=\"no\"><div class=\"wdform-element-section wd-flex  wd-flex-row wd-justify-content-right wd-width-100\" ><button  type=\"button\" class=\"button-submit\" onclick=\"fm_submit_form('18');\"  data-ajax=\"0\"><span class=\"fm-submit-loading spinner fm-ico-spinner\"><\/span>Wy\u015blij<\/button><button  type=\"button\" class=\"button-reset wd-hidden\" onclick=\"fm_reset_form(18);\" >Reset<\/button><\/div><\/div><\/div><\/div><\/div><div valign=\"top\" class=\"wdform_footer wd-width-100\"><div class=\"wd-width-100\"><div class=\"wd-width-100 wd-table\" style=\"padding-top:10px;\"><div class=\"wd-table-group\"><div id=\"18page_nav1\" class=\"wd-table-row\"><\/div><\/div><\/div><\/div><\/div><\/div><\/div><div class=\"wdform_preload\"><\/div><\/form><\/div>\n","protected":false},"excerpt":{"rendered":"Akredytacje - Fina\u0142 WPP 2024\/25 - Ostr\u00f3da Imi\u0119 i Nazwisko* Nazwa redakcji* Rodzaj akredytacji*FotoPrasa Adres e-mail* (wymagane)*Wyra\u017cam zgod\u0119 na przetwarzanie moich danych osobowych do cel\u00f3w akredytowania na mecz Fina\u0142owy Bank Sp\u00f3\u0142dzielczy w Szczytnie Wojew\u00f3dzkiego Pucharu Polski, rozgrywany w dniu 04.06.2025 r. Swoje dane osobowe udost\u0119pniam dobrowolnie. Zosta\u0142em poinformowany o przys\u0142uguj\u0105cym mi prawie dost\u0119pu do tre\u015bci [...]","protected":false},"author":2,"featured_media":0,"parent":0,"menu_order":0,"comment_status":"closed","ping_status":"closed","template":"","meta":{"footnotes":""},"class_list":["post-21598","page","type-page","status-publish","hentry"],"_links":{"self":[{"href":"https:\/\/wmzpn.pl\/index.php?rest_route=\/wp\/v2\/pages\/21598","targetHints":{"allow":["GET"]}}],"collection":[{"href":"https:\/\/wmzpn.pl\/index.php?rest_route=\/wp\/v2\/pages"}],"about":[{"href":"https:\/\/wmzpn.pl\/index.php?rest_route=\/wp\/v2\/types\/page"}],"author":[{"embeddable":true,"href":"https:\/\/wmzpn.pl\/index.php?rest_route=\/wp\/v2\/users\/2"}],"replies":[{"embeddable":true,"href":"https:\/\/wmzpn.pl\/index.php?rest_route=%2Fwp%2Fv2%2Fcomments&post=21598"}],"version-history":[{"count":5,"href":"https:\/\/wmzpn.pl\/index.php?rest_route=\/wp\/v2\/pages\/21598\/revisions"}],"predecessor-version":[{"id":45422,"href":"https:\/\/wmzpn.pl\/index.php?rest_route=\/wp\/v2\/pages\/21598\/revisions\/45422"}],"wp:attachment":[{"href":"https:\/\/wmzpn.pl\/index.php?rest_route=%2Fwp%2Fv2%2Fmedia&parent=21598"}],"curies":[{"name":"wp","href":"https:\/\/api.w.org\/{rel}","templated":true}]}}