{"id":1967,"date":"2018-08-08T04:39:43","date_gmt":"2018-08-08T04:39:43","guid":{"rendered":"http:\/\/wmzpn1.home.pl\/autoinstalator\/wordpress1\/?page_id=1967"},"modified":"2018-08-08T20:00:31","modified_gmt":"2018-08-08T20:00:31","slug":"pilkarski-rozklad-jazdy","status":"publish","type":"page","link":"https:\/\/wmzpn.pl\/?page_id=1967","title":{"rendered":"Pi\u0142karski Rozk\u0142ad Jazdy"},"content":{"rendered":"<div class=\"wpb-content-wrapper\"><p>[vc_row][vc_column width=&#8221;2\/3&#8243;][vc_single_image image=&#8221;1968&#8243; img_size=&#8221;full&#8221; css_animation=&#8221;fadeInDown&#8221;]<div class=\"td_block_wrap td_block_18 td_uid_1_69ede98d84377_rand td_with_ajax_pagination td-pb-border-top td_block_template_4\"  data-td-block-uid=\"td_uid_1_69ede98d84377\" ><script>var block_td_uid_1_69ede98d84377 = new tdBlock();\nblock_td_uid_1_69ede98d84377.id = \"td_uid_1_69ede98d84377\";\nblock_td_uid_1_69ede98d84377.atts = '{\"limit\":\"9\",\"sort\":\"\",\"post_ids\":\"\",\"tag_slug\":\"\",\"autors_id\":\"\",\"installed_post_types\":\"\",\"category_id\":\"87\",\"category_ids\":\"\",\"custom_title\":\"\",\"custom_url\":\"\",\"show_child_cat\":\"\",\"sub_cat_ajax\":\"\",\"ajax_pagination\":\"load_more\",\"header_color\":\"\",\"header_text_color\":\"\",\"ajax_pagination_infinite_stop\":\"\",\"td_column_number\":1,\"td_ajax_preloading\":\"\",\"td_ajax_filter_type\":\"\",\"td_ajax_filter_ids\":\"\",\"td_filter_default_txt\":\"Wszystko\",\"color_preset\":\"\",\"border_top\":\"\",\"class\":\"td_uid_1_69ede98d84377_rand\",\"el_class\":\"\",\"offset\":\"\",\"css\":\"\",\"tdc_css\":\"\",\"tdc_css_class\":\"td_uid_1_69ede98d84377_rand\",\"live_filter\":\"\",\"live_filter_cur_post_id\":\"\",\"live_filter_cur_post_author\":\"\",\"block_template_id\":\"\"}';\nblock_td_uid_1_69ede98d84377.td_column_number = \"1\";\nblock_td_uid_1_69ede98d84377.block_type = \"td_block_18\";\nblock_td_uid_1_69ede98d84377.post_count = \"9\";\nblock_td_uid_1_69ede98d84377.found_posts = \"286\";\nblock_td_uid_1_69ede98d84377.header_color = \"\";\nblock_td_uid_1_69ede98d84377.ajax_pagination_infinite_stop = \"\";\nblock_td_uid_1_69ede98d84377.max_num_pages = \"32\";\ntdBlocksArray.push(block_td_uid_1_69ede98d84377);\n<\/script><div class=\"td-block-title-wrap\"><\/div><div id=td_uid_1_69ede98d84377 class=\"td_block_inner td-column-1\">\r\n        <div class=\"td_module_mx8 td_module_wrap td-animation-stack\">\r\n            <div class=\"meta-info-container\">\r\n                <div class=\"td-module-thumb\"><a href=\"https:\/\/wmzpn.pl\/?p=47688\" rel=\"bookmark\" title=\"Pi\u0142karski Rozk\u0142ad Jazdy 14-20 listopad\"><img loading=\"lazy\" decoding=\"async\" width=\"696\" height=\"385\" class=\"entry-thumb\" src=\"https:\/\/wmzpn.pl\/wp-content\/uploads\/2025\/11\/rzklad-333-696x385.jpg\" alt=\"\" title=\"Pi\u0142karski Rozk\u0142ad Jazdy 14-20 listopad\"\/><\/a><\/div>\r\n                <div class=\"td-module-meta-info\">\r\n                    <h3 class=\"entry-title td-module-title\"><a href=\"https:\/\/wmzpn.pl\/?p=47688\" rel=\"bookmark\" title=\"Pi\u0142karski Rozk\u0142ad Jazdy 14-20 listopad\">Pi\u0142karski Rozk\u0142ad Jazdy 14-20 listopad<\/a><\/h3>                    <a href=\"https:\/\/wmzpn.pl\/?cat=12\" class=\"td-post-category\">Aktualno\u015bci<\/a>                    <span class=\"td-author-date\">\r\n                                                <span class=\"td-post-date\"><time class=\"entry-date updated td-module-date\" datetime=\"2025-11-14T09:13:10+00:00\" >14 listopada, 2025<\/time><\/span>                                            <\/span>\r\n                <\/div>\r\n            <\/div>\r\n\r\n        <\/div>\r\n\r\n        \r\n        <div class=\"td_module_mx2 td_module_wrap td-animation-stack\">\r\n\r\n            <div class=\"td-module-thumb\"><a href=\"https:\/\/wmzpn.pl\/?p=47625\" rel=\"bookmark\" title=\"Pi\u0142karski Rozk\u0142ad Jazdy 7-13 listopad\"><img loading=\"lazy\" decoding=\"async\" width=\"80\" height=\"60\" class=\"entry-thumb\" src=\"https:\/\/wmzpn.pl\/wp-content\/uploads\/2025\/11\/kurs-80x60.jpg\" srcset=\"https:\/\/wmzpn.pl\/wp-content\/uploads\/2025\/11\/kurs-80x60.jpg 80w, https:\/\/wmzpn.pl\/wp-content\/uploads\/2025\/11\/kurs-265x198.jpg 265w\" sizes=\"auto, (max-width: 80px) 100vw, 80px\" alt=\"\" title=\"Pi\u0142karski Rozk\u0142ad Jazdy 7-13 listopad\"\/><\/a><\/div>\r\n            <div class=\"item-details\">\r\n                <h3 class=\"entry-title td-module-title\"><a href=\"https:\/\/wmzpn.pl\/?p=47625\" rel=\"bookmark\" title=\"Pi\u0142karski Rozk\u0142ad Jazdy 7-13 listopad\">Pi\u0142karski Rozk\u0142ad Jazdy 7-13 listopad<\/a><\/h3>                <div class=\"td-module-meta-info\">\r\n                    <a href=\"https:\/\/wmzpn.pl\/?cat=12\" class=\"td-post-category\">Aktualno\u015bci<\/a>                                        <span class=\"td-post-date\"><time class=\"entry-date updated td-module-date\" datetime=\"2025-11-07T17:07:04+00:00\" >7 listopada, 2025<\/time><\/span>                                    <\/div>\r\n            <\/div>\r\n\r\n        <\/div>\r\n\r\n        \r\n        <div class=\"td_module_mx2 td_module_wrap td-animation-stack\">\r\n\r\n            <div class=\"td-module-thumb\"><a href=\"https:\/\/wmzpn.pl\/?p=47566\" rel=\"bookmark\" title=\"Pi\u0142karski Rozk\u0142ad Jazdy 31 pa\u017adziernik &#8211; 6 listopad\"><img loading=\"lazy\" decoding=\"async\" width=\"80\" height=\"60\" class=\"entry-thumb\" src=\"https:\/\/wmzpn.pl\/wp-content\/uploads\/2025\/10\/rozklad-3-80x60.jpg\" srcset=\"https:\/\/wmzpn.pl\/wp-content\/uploads\/2025\/10\/rozklad-3-80x60.jpg 80w, https:\/\/wmzpn.pl\/wp-content\/uploads\/2025\/10\/rozklad-3-265x198.jpg 265w\" sizes=\"auto, (max-width: 80px) 100vw, 80px\" alt=\"\" title=\"Pi\u0142karski Rozk\u0142ad Jazdy 31 pa\u017adziernik &#8211; 6 listopad\"\/><\/a><\/div>\r\n            <div class=\"item-details\">\r\n                <h3 class=\"entry-title td-module-title\"><a href=\"https:\/\/wmzpn.pl\/?p=47566\" rel=\"bookmark\" title=\"Pi\u0142karski Rozk\u0142ad Jazdy 31 pa\u017adziernik &#8211; 6 listopad\">Pi\u0142karski Rozk\u0142ad Jazdy 31 pa\u017adziernik &#8211; 6 listopad<\/a><\/h3>                <div class=\"td-module-meta-info\">\r\n                    <a href=\"https:\/\/wmzpn.pl\/?cat=12\" class=\"td-post-category\">Aktualno\u015bci<\/a>                                        <span class=\"td-post-date\"><time class=\"entry-date updated td-module-date\" datetime=\"2025-10-31T15:00:43+00:00\" >31 pa\u017adziernika, 2025<\/time><\/span>                                    <\/div>\r\n            <\/div>\r\n\r\n        <\/div>\r\n\r\n        \r\n        <div class=\"td_module_mx2 td_module_wrap td-animation-stack\">\r\n\r\n            <div class=\"td-module-thumb\"><a href=\"https:\/\/wmzpn.pl\/?p=47466\" rel=\"bookmark\" title=\"Pi\u0142karski Rozk\u0142ad Jazdy 24-30 pa\u017adziernika\"><img loading=\"lazy\" decoding=\"async\" width=\"80\" height=\"60\" class=\"entry-thumb\" src=\"https:\/\/wmzpn.pl\/wp-content\/uploads\/2025\/10\/rozklad-2-80x60.jpg\" srcset=\"https:\/\/wmzpn.pl\/wp-content\/uploads\/2025\/10\/rozklad-2-80x60.jpg 80w, https:\/\/wmzpn.pl\/wp-content\/uploads\/2025\/10\/rozklad-2-265x198.jpg 265w\" sizes=\"auto, (max-width: 80px) 100vw, 80px\" alt=\"\" title=\"Pi\u0142karski Rozk\u0142ad Jazdy 24-30 pa\u017adziernika\"\/><\/a><\/div>\r\n            <div class=\"item-details\">\r\n                <h3 class=\"entry-title td-module-title\"><a href=\"https:\/\/wmzpn.pl\/?p=47466\" rel=\"bookmark\" title=\"Pi\u0142karski Rozk\u0142ad Jazdy 24-30 pa\u017adziernika\">Pi\u0142karski Rozk\u0142ad Jazdy 24-30 pa\u017adziernika<\/a><\/h3>                <div class=\"td-module-meta-info\">\r\n                    <a href=\"https:\/\/wmzpn.pl\/?cat=12\" class=\"td-post-category\">Aktualno\u015bci<\/a>                                        <span class=\"td-post-date\"><time class=\"entry-date updated td-module-date\" datetime=\"2025-10-24T15:53:02+00:00\" >24 pa\u017adziernika, 2025<\/time><\/span>                                    <\/div>\r\n            <\/div>\r\n\r\n        <\/div>\r\n\r\n        \r\n        <div class=\"td_module_mx2 td_module_wrap td-animation-stack\">\r\n\r\n            <div class=\"td-module-thumb\"><a href=\"https:\/\/wmzpn.pl\/?p=47390\" rel=\"bookmark\" title=\"Pi\u0142karski Rozk\u0142ad Jazdy 17-23 pa\u017adziernika\"><img loading=\"lazy\" decoding=\"async\" width=\"80\" height=\"60\" class=\"entry-thumb\" src=\"https:\/\/wmzpn.pl\/wp-content\/uploads\/2025\/10\/rozklad-80x60.jpg\" srcset=\"https:\/\/wmzpn.pl\/wp-content\/uploads\/2025\/10\/rozklad-80x60.jpg 80w, https:\/\/wmzpn.pl\/wp-content\/uploads\/2025\/10\/rozklad-265x198.jpg 265w\" sizes=\"auto, (max-width: 80px) 100vw, 80px\" alt=\"\" title=\"Pi\u0142karski Rozk\u0142ad Jazdy 17-23 pa\u017adziernika\"\/><\/a><\/div>\r\n            <div class=\"item-details\">\r\n                <h3 class=\"entry-title td-module-title\"><a href=\"https:\/\/wmzpn.pl\/?p=47390\" rel=\"bookmark\" title=\"Pi\u0142karski Rozk\u0142ad Jazdy 17-23 pa\u017adziernika\">Pi\u0142karski Rozk\u0142ad Jazdy 17-23 pa\u017adziernika<\/a><\/h3>                <div class=\"td-module-meta-info\">\r\n                    <a href=\"https:\/\/wmzpn.pl\/?cat=12\" class=\"td-post-category\">Aktualno\u015bci<\/a>                                        <span class=\"td-post-date\"><time class=\"entry-date updated td-module-date\" datetime=\"2025-10-17T11:06:24+00:00\" >17 pa\u017adziernika, 2025<\/time><\/span>                                    <\/div>\r\n            <\/div>\r\n\r\n        <\/div>\r\n\r\n        \r\n        <div class=\"td_module_mx2 td_module_wrap td-animation-stack\">\r\n\r\n            <div class=\"td-module-thumb\"><a href=\"https:\/\/wmzpn.pl\/?p=47340\" rel=\"bookmark\" title=\"Pi\u0142karski Rozk\u0142ad Jazdy 10-16 pa\u017adziernika\"><img loading=\"lazy\" decoding=\"async\" width=\"80\" height=\"60\" class=\"entry-thumb\" src=\"https:\/\/wmzpn.pl\/wp-content\/uploads\/2025\/10\/stomil-80x60.jpg\" srcset=\"https:\/\/wmzpn.pl\/wp-content\/uploads\/2025\/10\/stomil-80x60.jpg 80w, https:\/\/wmzpn.pl\/wp-content\/uploads\/2025\/10\/stomil-265x198.jpg 265w\" sizes=\"auto, (max-width: 80px) 100vw, 80px\" alt=\"\" title=\"Pi\u0142karski Rozk\u0142ad Jazdy 10-16 pa\u017adziernika\"\/><\/a><\/div>\r\n            <div class=\"item-details\">\r\n                <h3 class=\"entry-title td-module-title\"><a href=\"https:\/\/wmzpn.pl\/?p=47340\" rel=\"bookmark\" title=\"Pi\u0142karski Rozk\u0142ad Jazdy 10-16 pa\u017adziernika\">Pi\u0142karski Rozk\u0142ad Jazdy 10-16 pa\u017adziernika<\/a><\/h3>                <div class=\"td-module-meta-info\">\r\n                    <a href=\"https:\/\/wmzpn.pl\/?cat=87\" class=\"td-post-category\">Pi\u0142karski Rozk\u0142ad Jazdy<\/a>                                        <span class=\"td-post-date\"><time class=\"entry-date updated td-module-date\" datetime=\"2025-10-10T15:34:45+00:00\" >10 pa\u017adziernika, 2025<\/time><\/span>                                    <\/div>\r\n            <\/div>\r\n\r\n        <\/div>\r\n\r\n        \r\n        <div class=\"td_module_mx2 td_module_wrap td-animation-stack\">\r\n\r\n            <div class=\"td-module-thumb\"><a href=\"https:\/\/wmzpn.pl\/?p=47242\" rel=\"bookmark\" title=\"Pi\u0142karski Rozk\u0142ad Jazdy 3-9 pa\u017adziernika\"><img loading=\"lazy\" decoding=\"async\" width=\"80\" height=\"60\" class=\"entry-thumb\" src=\"https:\/\/wmzpn.pl\/wp-content\/uploads\/2025\/10\/42-80x60.jpg\" srcset=\"https:\/\/wmzpn.pl\/wp-content\/uploads\/2025\/10\/42-80x60.jpg 80w, https:\/\/wmzpn.pl\/wp-content\/uploads\/2025\/10\/42-265x198.jpg 265w\" sizes=\"auto, (max-width: 80px) 100vw, 80px\" alt=\"\" title=\"Pi\u0142karski Rozk\u0142ad Jazdy 3-9 pa\u017adziernika\"\/><\/a><\/div>\r\n            <div class=\"item-details\">\r\n                <h3 class=\"entry-title td-module-title\"><a href=\"https:\/\/wmzpn.pl\/?p=47242\" rel=\"bookmark\" title=\"Pi\u0142karski Rozk\u0142ad Jazdy 3-9 pa\u017adziernika\">Pi\u0142karski Rozk\u0142ad Jazdy 3-9 pa\u017adziernika<\/a><\/h3>                <div class=\"td-module-meta-info\">\r\n                    <a href=\"https:\/\/wmzpn.pl\/?cat=12\" class=\"td-post-category\">Aktualno\u015bci<\/a>                                        <span class=\"td-post-date\"><time class=\"entry-date updated td-module-date\" datetime=\"2025-10-03T12:46:50+00:00\" >3 pa\u017adziernika, 2025<\/time><\/span>                                    <\/div>\r\n            <\/div>\r\n\r\n        <\/div>\r\n\r\n        \r\n        <div class=\"td_module_mx2 td_module_wrap td-animation-stack\">\r\n\r\n            <div class=\"td-module-thumb\"><a href=\"https:\/\/wmzpn.pl\/?p=47164\" rel=\"bookmark\" title=\"Pi\u0142karski Rozk\u0142ad Jazdy 26 wrze\u015bnia &#8211; 2 pa\u017adziernika\"><img loading=\"lazy\" decoding=\"async\" width=\"80\" height=\"60\" class=\"entry-thumb\" src=\"https:\/\/wmzpn.pl\/wp-content\/uploads\/2025\/09\/DSC_7867-1-80x60.jpg\" srcset=\"https:\/\/wmzpn.pl\/wp-content\/uploads\/2025\/09\/DSC_7867-1-80x60.jpg 80w, https:\/\/wmzpn.pl\/wp-content\/uploads\/2025\/09\/DSC_7867-1-265x198.jpg 265w\" sizes=\"auto, (max-width: 80px) 100vw, 80px\" alt=\"\" title=\"Pi\u0142karski Rozk\u0142ad Jazdy 26 wrze\u015bnia &#8211; 2 pa\u017adziernika\"\/><\/a><\/div>\r\n            <div class=\"item-details\">\r\n                <h3 class=\"entry-title td-module-title\"><a href=\"https:\/\/wmzpn.pl\/?p=47164\" rel=\"bookmark\" title=\"Pi\u0142karski Rozk\u0142ad Jazdy 26 wrze\u015bnia &#8211; 2 pa\u017adziernika\">Pi\u0142karski Rozk\u0142ad Jazdy 26 wrze\u015bnia &#8211; 2 pa\u017adziernika<\/a><\/h3>                <div class=\"td-module-meta-info\">\r\n                    <a href=\"https:\/\/wmzpn.pl\/?cat=12\" class=\"td-post-category\">Aktualno\u015bci<\/a>                                        <span class=\"td-post-date\"><time class=\"entry-date updated td-module-date\" datetime=\"2025-09-26T12:09:10+00:00\" >26 wrze\u015bnia, 2025<\/time><\/span>                                    <\/div>\r\n            <\/div>\r\n\r\n        <\/div>\r\n\r\n        \r\n        <div class=\"td_module_mx2 td_module_wrap td-animation-stack\">\r\n\r\n            <div class=\"td-module-thumb\"><a href=\"https:\/\/wmzpn.pl\/?p=47059\" rel=\"bookmark\" title=\"Pi\u0142karski Rozk\u0142ad Jazdy 19-25 wrze\u015bnia\"><img loading=\"lazy\" decoding=\"async\" width=\"80\" height=\"60\" class=\"entry-thumb\" src=\"https:\/\/wmzpn.pl\/wp-content\/uploads\/2025\/09\/141-80x60.jpg\" srcset=\"https:\/\/wmzpn.pl\/wp-content\/uploads\/2025\/09\/141-80x60.jpg 80w, https:\/\/wmzpn.pl\/wp-content\/uploads\/2025\/09\/141-265x198.jpg 265w\" sizes=\"auto, (max-width: 80px) 100vw, 80px\" alt=\"\" title=\"Pi\u0142karski Rozk\u0142ad Jazdy 19-25 wrze\u015bnia\"\/><\/a><\/div>\r\n            <div class=\"item-details\">\r\n                <h3 class=\"entry-title td-module-title\"><a href=\"https:\/\/wmzpn.pl\/?p=47059\" rel=\"bookmark\" title=\"Pi\u0142karski Rozk\u0142ad Jazdy 19-25 wrze\u015bnia\">Pi\u0142karski Rozk\u0142ad Jazdy 19-25 wrze\u015bnia<\/a><\/h3>                <div class=\"td-module-meta-info\">\r\n                    <a href=\"https:\/\/wmzpn.pl\/?cat=12\" class=\"td-post-category\">Aktualno\u015bci<\/a>                                        <span class=\"td-post-date\"><time class=\"entry-date updated td-module-date\" datetime=\"2025-09-19T14:08:21+00:00\" >19 wrze\u015bnia, 2025<\/time><\/span>                                    <\/div>\r\n            <\/div>\r\n\r\n        <\/div>\r\n\r\n        <\/div><div class=\"td-load-more-wrap\"><a href=\"#\" class=\"td_ajax_load_more td_ajax_load_more_js\" id=\"next-page-td_uid_1_69ede98d84377\" data-td_block_id=\"td_uid_1_69ede98d84377\">Za\u0142aduj wi\u0119cej<i class=\"td-icon-font td-icon-menu-down\"><\/i><\/a><\/div><\/div> <!-- .\/block -->[\/vc_column][vc_column width=&#8221;1\/3&#8243;][vc_widget_sidebar sidebar_id=&#8221;td-default&#8221;][\/vc_column][\/vc_row]<\/p>\n<\/div>","protected":false},"excerpt":{"rendered":"<p>[vc_row][vc_column width=&#8221;2\/3&#8243;][vc_single_image image=&#8221;1968&#8243; img_size=&#8221;full&#8221; css_animation=&#8221;fadeInDown&#8221;][\/vc_column][vc_column width=&#8221;1\/3&#8243;][vc_widget_sidebar sidebar_id=&#8221;td-default&#8221;][\/vc_column][\/vc_row]<\/p>\n","protected":false},"author":2,"featured_media":0,"parent":0,"menu_order":0,"comment_status":"closed","ping_status":"closed","template":"","meta":{"footnotes":""},"class_list":["post-1967","page","type-page","status-publish","hentry"],"_links":{"self":[{"href":"https:\/\/wmzpn.pl\/index.php?rest_route=\/wp\/v2\/pages\/1967","targetHints":{"allow":["GET"]}}],"collection":[{"href":"https:\/\/wmzpn.pl\/index.php?rest_route=\/wp\/v2\/pages"}],"about":[{"href":"https:\/\/wmzpn.pl\/index.php?rest_route=\/wp\/v2\/types\/page"}],"author":[{"embeddable":true,"href":"https:\/\/wmzpn.pl\/index.php?rest_route=\/wp\/v2\/users\/2"}],"replies":[{"embeddable":true,"href":"https:\/\/wmzpn.pl\/index.php?rest_route=%2Fwp%2Fv2%2Fcomments&post=1967"}],"version-history":[{"count":10,"href":"https:\/\/wmzpn.pl\/index.php?rest_route=\/wp\/v2\/pages\/1967\/revisions"}],"predecessor-version":[{"id":2157,"href":"https:\/\/wmzpn.pl\/index.php?rest_route=\/wp\/v2\/pages\/1967\/revisions\/2157"}],"wp:attachment":[{"href":"https:\/\/wmzpn.pl\/index.php?rest_route=%2Fwp%2Fv2%2Fmedia&parent=1967"}],"curies":[{"name":"wp","href":"https:\/\/api.w.org\/{rel}","templated":true}]}}