{"id":19584,"date":"2021-02-19T13:42:32","date_gmt":"2021-02-19T13:42:32","guid":{"rendered":"http:\/\/wmzpn.pl\/?page_id=19584"},"modified":"2021-02-19T13:42:33","modified_gmt":"2021-02-19T13:42:33","slug":"zgloszenie-do-udzialu-w-szkoleniach-z-cyklu-swiadomy-trener","status":"publish","type":"page","link":"https:\/\/wmzpn.pl\/?page_id=19584","title":{"rendered":"Zg\u0142oszenie do udzia\u0142u w szkoleniach z cyklu &#8220;\u015awiadomy trener&#8221;"},"content":{"rendered":"\n<div style=\"display:none\" class=\"fm-form-container fm-theme3\"><div id=\"fm-pages13\" class=\"fm-pages wdform_page_navigation \" show_title=\"false\" show_numbers=\"false\" type=\"none\"><\/div><form name=\"form13\" action=\"\/index.php?rest_route=%2Fwp%2Fv2%2Fpages%2F19584\" method=\"post\" id=\"form13\" class=\"fm-form form13  \" enctype=\"multipart\/form-data\"><input type=\"hidden\" id=\"counter13\" value=\"17\" name=\"counter13\" \/><input type=\"hidden\" id=\"Itemid13\" value=\"\" name=\"Itemid13\" \/><input type=\"hidden\" id=\"fm_shake13\" value=\"1\" name=\"fm_shake13\" \/><input type=\"text\" class=\"fm-hide\" id=\"fm_empty_field_validation13\" value=\"\" name=\"fm_empty_field_validation13\" data-value=\"bd736efb144d599cf463541431fbf5c4\" \/><div class=\"fm-header-bg\"><div class=\"fm-header \"><div class=\"fm-header-text\">          <div class=\"fm-header-title\">            Formularz rejestracyjny \u201e\u015awiadomy trener\u201d          <\/div>          <div class=\"fm-header-description\">                      <\/div>        <\/div><\/div><\/div><div class=\"wdform-page-and-images fm-form-builder\"><div id=\"13form_view1\" class=\"wdform_page\" page_title=\"Untitled page\" next_title=\"Next\" next_type=\"text\" next_class=\"wdform-page-button\" next_checkable=\"true\" previous_title=\"Previous\" previous_type=\"text\" previous_class=\"wdform-page-button\" previous_checkable=\"false\"><div class=\"wdform_section\"><div class=\"wdform_column\"><div wdid=\"2\" class=\"wdform_row\"><div type=\"type_text\" class=\"wdform-field wd-width-100 wd-flex wd-flex-column\" data-hide-currency=\"no\"><div class=\"wdform-label-section wd-width-100  wd-flex-row wd-align-items-center\">    <label  for=\"wdform_2_element13\" class=\"wdform-label\">Imi\u0119<\/label><span class=\"wdform-required\">*<\/span><\/div><div class=\"wdform-element-section wd-flex  wd-flex-row wd-align-items-center wd-width-100\" ><input type=\"text\"                           class=\"wd-width-100\"                           id=\"wdform_2_element13\"                           name=\"wdform_2_element13\"                           value=\"\"                           title=\"\"                           placeholder=\"\"                                                       \/><\/div><\/div><\/div><\/div><div class=\"wdform_column\"><div wdid=\"9\" class=\"wdform_row\"><div type=\"type_text\" class=\"wdform-field wd-width-100 wd-flex wd-flex-column\" data-hide-currency=\"no\"><div class=\"wdform-label-section wd-width-100 undefined wd-flex-row wd-align-items-center\">    <label  for=\"wdform_9_element13\" class=\"wdform-label\">Nazwisko<\/label><span class=\"wdform-required\">*<\/span><\/div><div class=\"wdform-element-section wd-flex undefined wd-flex-row wd-align-items-center wd-width-100\" ><input type=\"text\"                           class=\"wd-width-100\"                           id=\"wdform_9_element13\"                           name=\"wdform_9_element13\"                           value=\"\"                           title=\"\"                           placeholder=\"\"                                                       \/><\/div><\/div><\/div><\/div><div class=\"wdform_column\"><div wdid=\"5\" class=\"wdform_row\" style=\"position: relative; left: 0px; top: 0px;\"><div type=\"type_text\" class=\"wdform-field wd-width-100 wd-flex wd-flex-column\" data-hide-currency=\"no\"><div class=\"wdform-label-section wd-width-100  wd-flex-row wd-align-items-center\">    <label  for=\"wdform_5_element13\" class=\"wdform-label\">Nazwa klubu<\/label><span class=\"wdform-required\">*<\/span><\/div><div class=\"wdform-element-section wd-flex  wd-flex-row wd-align-items-center wd-width-100\" ><input type=\"text\"                           class=\"wd-width-100\"                           id=\"wdform_5_element13\"                           name=\"wdform_5_element13\"                           value=\"\"                           title=\"\"                           placeholder=\"\"                                                       \/><\/div><\/div><\/div><\/div><div class=\"wdform_column\"><div wdid=\"11\" class=\"wdform_row\" style=\"position: relative; left: 0px; top: 0px;\"><div type=\"type_text\" class=\"wdform-field wd-width-100 wd-flex wd-flex-column\" data-hide-currency=\"no\"><div class=\"wdform-label-section wd-width-100 undefined wd-flex-row wd-align-items-center\">    <label  for=\"wdform_11_element13\" class=\"wdform-label\">Wojew\u00f3dztwo<\/label><span class=\"wdform-required\">*<\/span><\/div><div class=\"wdform-element-section wd-flex undefined wd-flex-row wd-align-items-center wd-width-100\" ><input type=\"text\"                           class=\"wd-width-100\"                           id=\"wdform_11_element13\"                           name=\"wdform_11_element13\"                           value=\"\"                           title=\"\"                           placeholder=\"\"                                                       \/><\/div><\/div><\/div><\/div><div class=\"wdform_column\"><div wdid=\"6\" class=\"wdform_row\" style=\"position: relative; left: 0px; top: 0px;\"><div type=\"type_radio\" class=\"wdform-field wd-width-100 wd-flex wd-flex-column\" data-hide-currency=\"no\"><div class=\"wdform-label-section wd-width-100  wd-flex-wrap wd-flex-column\">    <label  class=\"wdform-label\">Licencja trenerska<\/label><span class=\"wdform-required\">*<\/span><\/div><div class=\"wdform-element-section wd-flex  wd-flex-wrap wd-flex-column wd-width-100\" ><div class=\"wd-flex wd-flex-column\"><input type=\"hidden\" name=\"wdform_6_element13\" value=\"\" \/><div class=\"radio-div wd-choice wd-flex wd-flex-row\"><input type=\"radio\"  id=\"wdform_6_element130\" name=\"wdform_6_element13\" value=\"UEFA PRO\" onclick=\"set_default(&quot;wdform_6&quot;,&quot;0&quot;,&quot;13&quot;); \"   \/><label class=\"wd-align-items-center wd-flex wd-flex-row\" for=\"wdform_6_element130\"><span><\/span>UEFA PRO<\/label><\/div><div class=\"radio-div wd-choice wd-flex wd-flex-row\"><input type=\"radio\"  id=\"wdform_6_element131\" name=\"wdform_6_element13\" value=\"UEFA A\" onclick=\"set_default(&quot;wdform_6&quot;,&quot;1&quot;,&quot;13&quot;); \"   \/><label class=\"wd-align-items-center wd-flex wd-flex-row\" for=\"wdform_6_element131\"><span><\/span>UEFA A<\/label><\/div><div class=\"radio-div wd-choice wd-flex wd-flex-row\"><input type=\"radio\"  id=\"wdform_6_element132\" name=\"wdform_6_element13\" value=\"UEFA  Elite  Youth  A\" onclick=\"set_default(&quot;wdform_6&quot;,&quot;2&quot;,&quot;13&quot;); \"   \/><label class=\"wd-align-items-center wd-flex wd-flex-row\" for=\"wdform_6_element132\"><span><\/span>UEFA  Elite  Youth  A<\/label><\/div><div class=\"radio-div wd-choice wd-flex wd-flex-row\"><input type=\"radio\"  id=\"wdform_6_element133\" name=\"wdform_6_element13\" value=\"UEFA  A \" onclick=\"set_default(&quot;wdform_6&quot;,&quot;3&quot;,&quot;13&quot;); \"   \/><label class=\"wd-align-items-center wd-flex wd-flex-row\" for=\"wdform_6_element133\"><span><\/span>UEFA  A <\/label><\/div><div class=\"radio-div wd-choice wd-flex wd-flex-row\"><input type=\"radio\"  id=\"wdform_6_element134\" name=\"wdform_6_element13\" value=\"UEFA B\" onclick=\"set_default(&quot;wdform_6&quot;,&quot;4&quot;,&quot;13&quot;); \"   \/><label class=\"wd-align-items-center wd-flex wd-flex-row\" for=\"wdform_6_element134\"><span><\/span>UEFA B<\/label><\/div><div class=\"radio-div wd-choice wd-flex wd-flex-row\"><input type=\"radio\"  id=\"wdform_6_element135\" name=\"wdform_6_element13\" value=\"Grassroots  C\" onclick=\"set_default(&quot;wdform_6&quot;,&quot;5&quot;,&quot;13&quot;); \"   \/><label class=\"wd-align-items-center wd-flex wd-flex-row\" for=\"wdform_6_element135\"><span><\/span>Grassroots  C<\/label><\/div><div class=\"radio-div wd-choice wd-flex wd-flex-row\"><input type=\"radio\"  id=\"wdform_6_element136\" name=\"wdform_6_element13\" value=\"inna\" onclick=\"set_default(&quot;wdform_6&quot;,&quot;6&quot;,&quot;13&quot;); \"   \/><label class=\"wd-align-items-center wd-flex wd-flex-row\" for=\"wdform_6_element136\"><span><\/span>inna<\/label><\/div><div class=\"radio-div wd-choice wd-flex wd-flex-row\"><input type=\"radio\"  id=\"wdform_6_element137\" name=\"wdform_6_element13\" value=\"nie posiadam licencji trenerskiej\" onclick=\"set_default(&quot;wdform_6&quot;,&quot;7&quot;,&quot;13&quot;); \"   \/><label class=\"wd-align-items-center wd-flex wd-flex-row\" for=\"wdform_6_element137\"><span><\/span>nie posiadam licencji trenerskiej<\/label><\/div><\/div><\/div><\/div><\/div><\/div><div class=\"wdform_column\"><div wdid=\"10\" class=\"wdform_row\" style=\"position: relative; left: 0px; top: 0px;\"><div type=\"type_submitter_mail\" class=\"wdform-field wd-width-100 wd-flex wd-flex-column\" data-hide-currency=\"no\"><div class=\"wdform-label-section wd-width-100  wd-flex-row\">    <label  for=\"wdform_10_element13\" class=\"wdform-label\">Adres e-mail<\/label><span class=\"wdform-required\">*<\/span><\/div><div class=\"wdform-element-section wd-flex  wd-flex-row wd-width-100\" ><input type=\"text\" class=\"wd-width-100\" id=\"wdform_10_element13\" name=\"wdform_10_element13\" value=\"\" title=\"\" placeholder=\"\"   onchange=\"wd_check_email('10', '13', 'To nie jest prawid\u0142owy adres email.')\" \/><\/div><\/div><\/div><\/div><div class=\"wdform_column\"><div wdid=\"4\" class=\"wdform_row\" style=\"position: relative; left: 0px; top: 0px;\"><div type=\"type_text\" class=\"wdform-field wd-width-100 wd-flex wd-flex-column\" data-hide-currency=\"no\"><div class=\"wdform-label-section wd-width-100  wd-flex-row wd-align-items-center\">    <label  for=\"wdform_4_element13\" class=\"wdform-label\">Numer telefonu<\/label><span class=\"wdform-required\">*<\/span><\/div><div class=\"wdform-element-section wd-flex  wd-flex-row wd-align-items-center wd-width-100\" ><input type=\"text\"                           class=\"wd-width-100\"                           id=\"wdform_4_element13\"                           name=\"wdform_4_element13\"                           value=\"\"                           title=\"\"                           placeholder=\"\"                                                       \/><\/div><\/div><\/div><\/div><div class=\"wdform_column\"><div wdid=\"13\" class=\"wdform_row\" style=\"position: relative; left: 0px; top: 0px;\"><div type=\"type_radio\" class=\"wdform-field wd-width-100 wd-flex wd-flex-column\" data-hide-currency=\"no\"><div class=\"wdform-label-section wd-width-100  wd-flex-wrap wd-flex-column\">    <label  class=\"wdform-label\">Zg\u0142aszam si\u0119 na szkolenia dla kategorii Skrzat \u2013 marzec 2021 (99z\u0142)<\/label><span class=\"wdform-required\">*<\/span><\/div><div class=\"wdform-element-section wd-flex  wd-flex-wrap wd-flex-column wd-width-100\" ><div class=\"wd-flex wd-flex-column\"><input type=\"hidden\" name=\"wdform_13_element13\" value=\"\" \/><div class=\"radio-div wd-choice wd-flex wd-flex-row\"><input type=\"radio\"  id=\"wdform_13_element130\" name=\"wdform_13_element13\" value=\"Tak\" onclick=\"set_default(&quot;wdform_13&quot;,&quot;0&quot;,&quot;13&quot;); \"   \/><label class=\"wd-align-items-center wd-flex wd-flex-row\" for=\"wdform_13_element130\"><span><\/span>Tak<\/label><\/div><div class=\"radio-div wd-choice wd-flex wd-flex-row\"><input type=\"radio\"  id=\"wdform_13_element131\" name=\"wdform_13_element13\" value=\"Nie\" onclick=\"set_default(&quot;wdform_13&quot;,&quot;1&quot;,&quot;13&quot;); \"   \/><label class=\"wd-align-items-center wd-flex wd-flex-row\" for=\"wdform_13_element131\"><span><\/span>Nie<\/label><\/div><\/div><\/div><\/div><\/div><\/div><div class=\"wdform_column\"><div wdid=\"14\" class=\"wdform_row\" style=\"position: relative; left: 0px; top: 0px;\"><div type=\"type_radio\" class=\"wdform-field wd-width-100 wd-flex wd-flex-column\" data-hide-currency=\"no\"><div class=\"wdform-label-section wd-width-100  wd-flex-wrap wd-flex-column\">    <label  class=\"wdform-label\">Zg\u0142aszam si\u0119 na szkolenia dla kategorii \u017bak \u2013 kwiecie\u0144 2021 (99z\u0142)<\/label><span class=\"wdform-required\">*<\/span><\/div><div class=\"wdform-element-section wd-flex  wd-flex-wrap wd-flex-column wd-width-100\" ><div class=\"wd-flex wd-flex-column\"><input type=\"hidden\" name=\"wdform_14_element13\" value=\"\" \/><div class=\"radio-div wd-choice wd-flex wd-flex-row\"><input type=\"radio\"  id=\"wdform_14_element130\" name=\"wdform_14_element13\" value=\"Tak\" onclick=\"set_default(&quot;wdform_14&quot;,&quot;0&quot;,&quot;13&quot;); \"   \/><label class=\"wd-align-items-center wd-flex wd-flex-row\" for=\"wdform_14_element130\"><span><\/span>Tak<\/label><\/div><div class=\"radio-div wd-choice wd-flex wd-flex-row\"><input type=\"radio\"  id=\"wdform_14_element131\" name=\"wdform_14_element13\" value=\"Nie\" onclick=\"set_default(&quot;wdform_14&quot;,&quot;1&quot;,&quot;13&quot;); \"   \/><label class=\"wd-align-items-center wd-flex wd-flex-row\" for=\"wdform_14_element131\"><span><\/span>Nie<\/label><\/div><\/div><\/div><\/div><\/div><\/div><div class=\"wdform_column\"><div wdid=\"15\" class=\"wdform_row\" style=\"position: relative; left: 0px; top: 0px;\"><div type=\"type_radio\" class=\"wdform-field wd-width-100 wd-flex wd-flex-column\" data-hide-currency=\"no\"><div class=\"wdform-label-section wd-width-100  wd-flex-wrap wd-flex-column\">    <label  class=\"wdform-label\">Zg\u0142aszam si\u0119 na szkolenia dla kategorii Orlik \u2013 maj 2021 (99z\u0142)<\/label><span class=\"wdform-required\">*<\/span><\/div><div class=\"wdform-element-section wd-flex  wd-flex-wrap wd-flex-column wd-width-100\" ><div class=\"wd-flex wd-flex-column\"><input type=\"hidden\" name=\"wdform_15_element13\" value=\"\" \/><div class=\"radio-div wd-choice wd-flex wd-flex-row\"><input type=\"radio\"  id=\"wdform_15_element130\" name=\"wdform_15_element13\" value=\"Tak\" onclick=\"set_default(&quot;wdform_15&quot;,&quot;0&quot;,&quot;13&quot;); \"   \/><label class=\"wd-align-items-center wd-flex wd-flex-row\" for=\"wdform_15_element130\"><span><\/span>Tak<\/label><\/div><div class=\"radio-div wd-choice wd-flex wd-flex-row\"><input type=\"radio\"  id=\"wdform_15_element131\" name=\"wdform_15_element13\" value=\"Nie\" onclick=\"set_default(&quot;wdform_15&quot;,&quot;1&quot;,&quot;13&quot;); \"   \/><label class=\"wd-align-items-center wd-flex wd-flex-row\" for=\"wdform_15_element131\"><span><\/span>Nie<\/label><\/div><\/div><\/div><\/div><\/div><\/div><div class=\"wdform_column\"><div wdid=\"16\" class=\"wdform_row\" style=\"position: relative; left: 0px; top: 0px;\"><div type=\"type_radio\" class=\"wdform-field wd-width-100 wd-flex wd-flex-column\" data-hide-currency=\"no\"><div class=\"wdform-label-section wd-width-100  wd-flex-wrap wd-flex-column\">    <label  class=\"wdform-label\">Zg\u0142aszam si\u0119 na szkolenia dla kategorii M\u0142odzik \u2013 czerwiec 2021 (99z\u0142)<\/label><span class=\"wdform-required\">*<\/span><\/div><div class=\"wdform-element-section wd-flex  wd-flex-wrap wd-flex-column wd-width-100\" ><div class=\"wd-flex wd-flex-column\"><input type=\"hidden\" name=\"wdform_16_element13\" value=\"\" \/><div class=\"radio-div wd-choice wd-flex wd-flex-row\"><input type=\"radio\"  id=\"wdform_16_element130\" name=\"wdform_16_element13\" value=\"Tak\" onclick=\"set_default(&quot;wdform_16&quot;,&quot;0&quot;,&quot;13&quot;); \"   \/><label class=\"wd-align-items-center wd-flex wd-flex-row\" for=\"wdform_16_element130\"><span><\/span>Tak<\/label><\/div><div class=\"radio-div wd-choice wd-flex wd-flex-row\"><input type=\"radio\"  id=\"wdform_16_element131\" name=\"wdform_16_element13\" value=\"Nie\" onclick=\"set_default(&quot;wdform_16&quot;,&quot;1&quot;,&quot;13&quot;); \"   \/><label class=\"wd-align-items-center wd-flex wd-flex-row\" for=\"wdform_16_element131\"><span><\/span>Nie<\/label><\/div><\/div><\/div><\/div><\/div><\/div><div class=\"wdform_column\"><div wdid=\"8\" class=\"wdform_row\"><div type=\"type_radio\" class=\"wdform-field wd-width-100 wd-flex wd-flex-column\" data-hide-currency=\"no\"><div class=\"wdform-label-section wd-width-100  wd-flex-wrap wd-flex-column\">    <label  class=\"wdform-label\">(wymagane)<\/label><span class=\"wdform-required\">*<\/span><\/div><div class=\"wdform-element-section wd-flex  wd-flex-wrap wd-flex-column wd-width-100\" ><div class=\"wd-flex wd-flex-column\"><input type=\"hidden\" name=\"wdform_8_element13\" value=\"\" \/><div class=\"radio-div wd-choice wd-flex wd-flex-row\"><input type=\"radio\"  id=\"wdform_8_element130\" name=\"wdform_8_element13\" value=\"Wyra\u017cam zgod\u0119 na przetwarzanie moich danych osobowych do cel\u00f3w rejestracji na szkolenia z cyklu &quot;\u015awiadomy trener&quot;, swoje dane osobowe udost\u0119pniam dobrowolnie. Zosta\u0142em poinformowany o przys\u0142uguj\u0105cym mi prawie dost\u0119pu do tre\u015bci swoich danych oraz do ich poprawienia, a tak\u017ce o prawie do wycofania swojej zgody na przetwarzanie tych danych w dowolnym czasie.\" onclick=\"set_default(&quot;wdform_8&quot;,&quot;0&quot;,&quot;13&quot;); \"   \/><label class=\"wd-align-items-center wd-flex wd-flex-row\" for=\"wdform_8_element130\"><span><\/span>Wyra\u017cam zgod\u0119 na przetwarzanie moich danych osobowych do cel\u00f3w rejestracji na szkolenia z cyklu &quot;\u015awiadomy trener&quot;, swoje dane osobowe udost\u0119pniam dobrowolnie. Zosta\u0142em poinformowany o przys\u0142uguj\u0105cym mi prawie dost\u0119pu do tre\u015bci swoich danych oraz do ich poprawienia, a tak\u017ce o prawie do wycofania swojej zgody na przetwarzanie tych danych w dowolnym czasie.<\/label><\/div><\/div><\/div><\/div><\/div><\/div><div class=\"wdform_column\"><div wdid=\"1\" class=\"wdform_row\" style=\"position: relative; left: 0px; top: 0px;\"><div type=\"type_submit_reset\" class=\"wdform-field wd-width-100 wd-flex wd-flex-column\" data-hide-currency=\"no\"><div class=\"wdform-element-section wd-flex  wd-flex-row wd-justify-content-right wd-width-100\" ><button  type=\"button\" class=\"button-submit\" onclick=\"fm_submit_form('13');\"  data-ajax=\"0\"><span class=\"fm-submit-loading spinner fm-ico-spinner\"><\/span>Wy\u015blij<\/button><button  type=\"button\" class=\"button-reset wd-hidden\" onclick=\"fm_reset_form(13);\" >Reset<\/button><\/div><\/div><\/div><\/div><\/div><div valign=\"top\" class=\"wdform_footer wd-width-100\"><div class=\"wd-width-100\"><div class=\"wd-width-100 wd-table\" style=\"padding-top:10px;\"><div class=\"wd-table-group\"><div id=\"13page_nav1\" class=\"wd-table-row\"><\/div><\/div><\/div><\/div><\/div><\/div><\/div><div class=\"wdform_preload\"><\/div><\/form><\/div>\n","protected":false},"excerpt":{"rendered":"Formularz rejestracyjny \u201e\u015awiadomy trener\u201d Imi\u0119* Nazwisko* Nazwa klubu* Wojew\u00f3dztwo* Licencja trenerska*UEFA PROUEFA AUEFA Elite Youth AUEFA A UEFA BGrassroots Cinnanie posiadam licencji trenerskiej Adres e-mail* Numer telefonu* Zg\u0142aszam si\u0119 na szkolenia dla kategorii Skrzat \u2013 marzec 2021 (99z\u0142)*TakNie Zg\u0142aszam si\u0119 na szkolenia dla kategorii \u017bak \u2013 kwiecie\u0144 2021 (99z\u0142)*TakNie Zg\u0142aszam si\u0119 na szkolenia dla kategorii [...]","protected":false},"author":7,"featured_media":0,"parent":0,"menu_order":0,"comment_status":"closed","ping_status":"closed","template":"","meta":{"footnotes":""},"class_list":["post-19584","page","type-page","status-publish","hentry"],"_links":{"self":[{"href":"https:\/\/wmzpn.pl\/index.php?rest_route=\/wp\/v2\/pages\/19584","targetHints":{"allow":["GET"]}}],"collection":[{"href":"https:\/\/wmzpn.pl\/index.php?rest_route=\/wp\/v2\/pages"}],"about":[{"href":"https:\/\/wmzpn.pl\/index.php?rest_route=\/wp\/v2\/types\/page"}],"author":[{"embeddable":true,"href":"https:\/\/wmzpn.pl\/index.php?rest_route=\/wp\/v2\/users\/7"}],"replies":[{"embeddable":true,"href":"https:\/\/wmzpn.pl\/index.php?rest_route=%2Fwp%2Fv2%2Fcomments&post=19584"}],"version-history":[{"count":1,"href":"https:\/\/wmzpn.pl\/index.php?rest_route=\/wp\/v2\/pages\/19584\/revisions"}],"predecessor-version":[{"id":19585,"href":"https:\/\/wmzpn.pl\/index.php?rest_route=\/wp\/v2\/pages\/19584\/revisions\/19585"}],"wp:attachment":[{"href":"https:\/\/wmzpn.pl\/index.php?rest_route=%2Fwp%2Fv2%2Fmedia&parent=19584"}],"curies":[{"name":"wp","href":"https:\/\/api.w.org\/{rel}","templated":true}]}}