{"id":18764,"date":"2020-11-25T19:46:07","date_gmt":"2020-11-25T19:46:07","guid":{"rendered":"http:\/\/wmzpn.pl\/?page_id=18764"},"modified":"2020-11-25T19:46:08","modified_gmt":"2020-11-25T19:46:08","slug":"formularz-rejestracyjny-spotkania-z-klubami-w-formie-wideokonferencji","status":"publish","type":"page","link":"https:\/\/wmzpn.pl\/?page_id=18764","title":{"rendered":"FORMULARZ REJESTRACYJNY &#8211; Spotkania z klubami w formie wideokonferencji"},"content":{"rendered":"\n<p><\/p>\n\n\n<div style=\"display:none\" class=\"fm-form-container fm-theme3\"><div id=\"fm-pages6\" class=\"fm-pages wdform_page_navigation \" show_title=\"\" show_numbers=\"1\" type=\"none\"><\/div><form name=\"form6\" action=\"\/index.php?rest_route=%2Fwp%2Fv2%2Fpages%2F18764\" method=\"post\" id=\"form6\" class=\"fm-form form6  \" enctype=\"multipart\/form-data\"><input type=\"hidden\" id=\"counter6\" value=\"12\" name=\"counter6\" \/><input type=\"hidden\" id=\"Itemid6\" value=\"\" name=\"Itemid6\" \/><input type=\"hidden\" id=\"fm_shake6\" value=\"1\" name=\"fm_shake6\" \/><input type=\"text\" class=\"fm-hide\" id=\"fm_empty_field_validation6\" value=\"\" name=\"fm_empty_field_validation6\" data-value=\"bd736efb144d599cf463541431fbf5c4\" \/><div class=\"fm-header-bg\"><div class=\"fm-header \"><div class=\"fm-header-text\">          <div class=\"fm-header-title\">            Rejestracja na spotkania z klubami w formie wideokonferencji          <\/div>          <div class=\"fm-header-description\">                      <\/div>        <\/div><\/div><\/div><div class=\"wdform-page-and-images fm-form-builder\"><div id=\"6form_view1\" class=\"wdform_page\" page_title=\"Untitled page\" next_title=\"Next\" next_type=\"text\" next_class=\"wdform-page-button\" next_checkable=\"true\" previous_title=\"Previous\" previous_type=\"text\" previous_class=\"wdform-page-button\" previous_checkable=\"false\"><div class=\"wdform_section fm-row-deleting\"><div class=\"wdform_column\"><div wdid=\"4\" class=\"wdform_row\" style=\"position: relative; left: 0px; top: 0px;\"><div type=\"type_text\" class=\"wdform-field wd-width-100 wd-flex wd-flex-column\" data-hide-currency=\"no\"><div class=\"wdform-label-section wd-width-100  wd-flex-row wd-align-items-center\">    <label  for=\"wdform_4_element6\" class=\"wdform-label\">Nazwa Klubu<\/label><span class=\"wdform-required\">*<\/span><\/div><div class=\"wdform-element-section wd-flex  wd-flex-row wd-align-items-center wd-width-100\" ><input type=\"text\"                           class=\"wd-width-100\"                           id=\"wdform_4_element6\"                           name=\"wdform_4_element6\"                           value=\"\"                           title=\"\"                           placeholder=\"\"                                                       \/><\/div><\/div><\/div><\/div><div class=\"wdform_column\"><div wdid=\"2\" class=\"wdform_row\" style=\"position: relative; left: 0px; top: 0px;\"><div type=\"type_text\" class=\"wdform-field wd-width-100 wd-flex wd-flex-column\" data-hide-currency=\"no\"><div class=\"wdform-label-section wd-width-100  wd-flex-row wd-align-items-center\">    <label  for=\"wdform_2_element6\" class=\"wdform-label\">Imi\u0119 i Nazwisko osoby uczestnicz\u0105cej w spotkaniu<\/label><span class=\"wdform-required\">*<\/span><\/div><div class=\"wdform-element-section wd-flex  wd-flex-row wd-align-items-center wd-width-100\" ><input type=\"text\"                           class=\"wd-width-100\"                           id=\"wdform_2_element6\"                           name=\"wdform_2_element6\"                           value=\"\"                           title=\"\"                           placeholder=\"\"                                                       \/><\/div><\/div><\/div><\/div><div class=\"wdform_column\"><div wdid=\"6\" class=\"wdform_row\"><div type=\"type_text\" class=\"wdform-field wd-width-100 wd-flex wd-flex-column\" data-hide-currency=\"no\"><div class=\"wdform-label-section wd-width-100 undefined wd-flex-row wd-align-items-center\">    <label  for=\"wdform_6_element6\" class=\"wdform-label\">Funkcja w Klubie<\/label><span class=\"wdform-required\">*<\/span><\/div><div class=\"wdform-element-section wd-flex undefined wd-flex-row wd-align-items-center wd-width-100\" ><input type=\"text\"                           class=\"wd-width-100\"                           id=\"wdform_6_element6\"                           name=\"wdform_6_element6\"                           value=\"\"                           title=\"\"                           placeholder=\"\"                                                       \/><\/div><\/div><\/div><\/div><div class=\"wdform_column\"><div wdid=\"7\" class=\"wdform_row\"><div type=\"type_submitter_mail\" class=\"wdform-field wd-width-100 wd-flex wd-flex-column\" data-hide-currency=\"no\"><div class=\"wdform-label-section wd-width-100  wd-flex-row\">    <label  for=\"wdform_7_element6\" class=\"wdform-label\">e-mail osoby uczestnicz\u0105cej w spotkaniu<\/label><span class=\"wdform-required\">*<\/span><\/div><div class=\"wdform-element-section wd-flex  wd-flex-row wd-width-100\" ><input type=\"text\" class=\"wd-width-100\" id=\"wdform_7_element6\" name=\"wdform_7_element6\" value=\"\" title=\"\" placeholder=\"\"   onchange=\"wd_check_email('7', '6', 'To nie jest prawid\u0142owy adres email.')\" \/><\/div><\/div><\/div><\/div><div class=\"wdform_column\"><div wdid=\"8\" class=\"wdform_row\"><div type=\"type_text\" class=\"wdform-field wd-width-100 wd-flex wd-flex-column\" data-hide-currency=\"no\"><div class=\"wdform-label-section wd-width-100  wd-flex-row wd-align-items-center\">    <label  for=\"wdform_8_element6\" class=\"wdform-label\">numer telefonu osoby uczestnicz\u0105cej w spotkaniu<\/label><span class=\"wdform-required\">*<\/span><\/div><div class=\"wdform-element-section wd-flex  wd-flex-row wd-align-items-center wd-width-100\" ><input type=\"text\"                           class=\"wd-width-100\"                           id=\"wdform_8_element6\"                           name=\"wdform_8_element6\"                           value=\"\"                           title=\"\"                           placeholder=\"\"                                                       \/><\/div><\/div><\/div><\/div><div class=\"wdform_column\"><div wdid=\"9\" class=\"wdform_row\" style=\"position: relative; left: 0px; top: 0px;\"><div type=\"type_radio\" class=\"wdform-field wd-width-100 wd-flex wd-flex-column\" data-hide-currency=\"no\"><div class=\"wdform-label-section wd-width-100  wd-flex-wrap wd-flex-column\">    <label  class=\"wdform-label\">Wybierz termin spotkania<\/label><span class=\"wdform-required\">*<\/span><\/div><div class=\"wdform-element-section wd-flex  wd-flex-wrap wd-flex-column wd-width-100\" ><div class=\"wd-flex wd-flex-column\"><input type=\"hidden\" name=\"wdform_9_element6\" value=\"\" \/><div class=\"radio-div wd-choice wd-flex wd-flex-row\"><input type=\"radio\"  id=\"wdform_9_element60\" name=\"wdform_9_element6\" value=\"pn 30.11, powiaty: dzia\u0142dowski, nidzicki i szczycie\u0144ski\" onclick=\"set_default(&quot;wdform_9&quot;,&quot;0&quot;,&quot;6&quot;); \"   \/><label class=\"wd-align-items-center wd-flex wd-flex-row\" for=\"wdform_9_element60\"><span><\/span>pn 30.11, powiaty: dzia\u0142dowski, nidzicki i szczycie\u0144ski<\/label><\/div><div class=\"radio-div wd-choice wd-flex wd-flex-row\"><input type=\"radio\"  id=\"wdform_9_element61\" name=\"wdform_9_element6\" value=\"wt 01.12, powiaty: ostr\u00f3dzki, i\u0142awski, nowomiejski\" onclick=\"set_default(&quot;wdform_9&quot;,&quot;1&quot;,&quot;6&quot;); \"   \/><label class=\"wd-align-items-center wd-flex wd-flex-row\" for=\"wdform_9_element61\"><span><\/span>wt 01.12, powiaty: ostr\u00f3dzki, i\u0142awski, nowomiejski<\/label><\/div><div class=\"radio-div wd-choice wd-flex wd-flex-row\"><input type=\"radio\"  id=\"wdform_9_element62\" name=\"wdform_9_element6\" value=\"wt 08.12, powiaty: lidzbarski, bartoszycki, k\u0119trzy\u0144ski, mr\u0105gowski\" onclick=\"set_default(&quot;wdform_9&quot;,&quot;2&quot;,&quot;6&quot;); \"   \/><label class=\"wd-align-items-center wd-flex wd-flex-row\" for=\"wdform_9_element62\"><span><\/span>wt 08.12, powiaty: lidzbarski, bartoszycki, k\u0119trzy\u0144ski, mr\u0105gowski<\/label><\/div><div class=\"radio-div wd-choice wd-flex wd-flex-row\"><input type=\"radio\"  id=\"wdform_9_element63\" name=\"wdform_9_element6\" value=\"\u015br 09.12, powiaty: M. Elbl\u0105g, elbl\u0105ski, braniewski\" onclick=\"set_default(&quot;wdform_9&quot;,&quot;3&quot;,&quot;6&quot;); \"   \/><label class=\"wd-align-items-center wd-flex wd-flex-row\" for=\"wdform_9_element63\"><span><\/span>\u015br 09.12, powiaty: M. Elbl\u0105g, elbl\u0105ski, braniewski<\/label><\/div><div class=\"radio-div wd-choice wd-flex wd-flex-row\"><input type=\"radio\"  id=\"wdform_9_element64\" name=\"wdform_9_element6\" value=\"pn 14.12, powiaty: w\u0119gorzewski, gi\u017cycki, piski, e\u0142cki, olecki, go\u0142dapski\" onclick=\"set_default(&quot;wdform_9&quot;,&quot;4&quot;,&quot;6&quot;); \"   \/><label class=\"wd-align-items-center wd-flex wd-flex-row\" for=\"wdform_9_element64\"><span><\/span>pn 14.12, powiaty: w\u0119gorzewski, gi\u017cycki, piski, e\u0142cki, olecki, go\u0142dapski<\/label><\/div><div class=\"radio-div wd-choice wd-flex wd-flex-row\"><input type=\"radio\"  id=\"wdform_9_element65\" name=\"wdform_9_element6\" value=\"cz 17.12, powiaty: M. Olsztyn, olszty\u0144ski\" onclick=\"set_default(&quot;wdform_9&quot;,&quot;5&quot;,&quot;6&quot;); \"   \/><label class=\"wd-align-items-center wd-flex wd-flex-row\" for=\"wdform_9_element65\"><span><\/span>cz 17.12, powiaty: M. Olsztyn, olszty\u0144ski<\/label><\/div><\/div><\/div><\/div><\/div><\/div><div class=\"wdform_column\"><div wdid=\"11\" class=\"wdform_row\"><div type=\"type_radio\" class=\"wdform-field wd-width-100 wd-flex wd-flex-column\" data-hide-currency=\"no\"><div class=\"wdform-label-section wd-width-100  wd-flex-wrap wd-flex-column\">    <label  class=\"wdform-label\">(wymagane)<\/label><span class=\"wdform-required\">*<\/span><\/div><div class=\"wdform-element-section wd-flex  wd-flex-wrap wd-flex-column wd-width-100\" ><div class=\"wd-flex wd-flex-column\"><input type=\"hidden\" name=\"wdform_11_element6\" value=\"\" \/><div class=\"radio-div wd-choice wd-flex wd-flex-row\"><input type=\"radio\"  id=\"wdform_11_element60\" name=\"wdform_11_element6\" value=\"Wyra\u017cam zgod\u0119 na przetwarzanie moich danych osobowych do cel\u00f3w rejestracji na spotkania z klubami w formie wideokonferencji, swoje dane osobowe udost\u0119pniam dobrowolnie. Zosta\u0142em poinformowany o przys\u0142uguj\u0105cym mi prawie dost\u0119pu do tre\u015bci swoich danych oraz do ich poprawienia, a tak\u017ce o prawie do wycofania swojej zgody na przetwarzanie tych danych w dowolnym czasie.\" onclick=\"set_default(&quot;wdform_11&quot;,&quot;0&quot;,&quot;6&quot;); \"   \/><label class=\"wd-align-items-center wd-flex wd-flex-row\" for=\"wdform_11_element60\"><span><\/span>Wyra\u017cam zgod\u0119 na przetwarzanie moich danych osobowych do cel\u00f3w rejestracji na spotkania z klubami w formie wideokonferencji, swoje dane osobowe udost\u0119pniam dobrowolnie. Zosta\u0142em poinformowany o przys\u0142uguj\u0105cym mi prawie dost\u0119pu do tre\u015bci swoich danych oraz do ich poprawienia, a tak\u017ce o prawie do wycofania swojej zgody na przetwarzanie tych danych w dowolnym czasie.<\/label><\/div><\/div><\/div><\/div><\/div><\/div><div class=\"wdform_column\"><div wdid=\"1\" class=\"wdform_row\" style=\"position: relative; left: 0px; top: 0px;\"><div type=\"type_submit_reset\" class=\"wdform-field wd-width-100 wd-flex wd-flex-column\" data-hide-currency=\"no\"><div class=\"wdform-element-section wd-flex 1 wd-flex-row wd-justify-content-right wd-width-100\" ><button  type=\"button\" class=\"button-submit\" onclick=\"fm_submit_form('6');\"  attribute=value data-ajax=\"0\"><span class=\"fm-submit-loading spinner fm-ico-spinner\"><\/span>Zarejestruj si\u0119!<\/button><button  type=\"button\" class=\"button-reset wd-hidden\" onclick=\"fm_reset_form(6);\"  attribute=value>Reset<\/button><\/div><\/div><\/div><\/div><\/div><div valign=\"top\" class=\"wdform_footer wd-width-100\"><div class=\"wd-width-100\"><div class=\"wd-width-100 wd-table\" style=\"padding-top:10px;\"><div class=\"wd-table-group\"><div id=\"6page_nav1\" class=\"wd-table-row\"><\/div><\/div><\/div><\/div><\/div><\/div><\/div><div class=\"wdform_preload\"><\/div><\/form><\/div>","protected":false},"excerpt":{"rendered":"Rejestracja na spotkania z klubami w formie wideokonferencji Nazwa Klubu* Imi\u0119 i Nazwisko osoby uczestnicz\u0105cej w spotkaniu* Funkcja w Klubie* e-mail osoby uczestnicz\u0105cej w spotkaniu* numer telefonu osoby uczestnicz\u0105cej w spotkaniu* Wybierz termin spotkania*pn 30.11, powiaty: dzia\u0142dowski, nidzicki i szczycie\u0144skiwt 01.12, powiaty: ostr\u00f3dzki, i\u0142awski, nowomiejskiwt 08.12, powiaty: lidzbarski, bartoszycki, k\u0119trzy\u0144ski, mr\u0105gowski\u015br 09.12, powiaty: M. Elbl\u0105g, [...]","protected":false},"author":7,"featured_media":0,"parent":0,"menu_order":0,"comment_status":"closed","ping_status":"closed","template":"","meta":{"footnotes":""},"class_list":["post-18764","page","type-page","status-publish","hentry"],"_links":{"self":[{"href":"https:\/\/wmzpn.pl\/index.php?rest_route=\/wp\/v2\/pages\/18764","targetHints":{"allow":["GET"]}}],"collection":[{"href":"https:\/\/wmzpn.pl\/index.php?rest_route=\/wp\/v2\/pages"}],"about":[{"href":"https:\/\/wmzpn.pl\/index.php?rest_route=\/wp\/v2\/types\/page"}],"author":[{"embeddable":true,"href":"https:\/\/wmzpn.pl\/index.php?rest_route=\/wp\/v2\/users\/7"}],"replies":[{"embeddable":true,"href":"https:\/\/wmzpn.pl\/index.php?rest_route=%2Fwp%2Fv2%2Fcomments&post=18764"}],"version-history":[{"count":1,"href":"https:\/\/wmzpn.pl\/index.php?rest_route=\/wp\/v2\/pages\/18764\/revisions"}],"predecessor-version":[{"id":18765,"href":"https:\/\/wmzpn.pl\/index.php?rest_route=\/wp\/v2\/pages\/18764\/revisions\/18765"}],"wp:attachment":[{"href":"https:\/\/wmzpn.pl\/index.php?rest_route=%2Fwp%2Fv2%2Fmedia&parent=18764"}],"curies":[{"name":"wp","href":"https:\/\/api.w.org\/{rel}","templated":true}]}}