{"id":15913,"date":"2020-07-28T12:46:38","date_gmt":"2020-07-28T12:46:38","guid":{"rendered":"http:\/\/wmzpn.pl\/?page_id=15913"},"modified":"2025-08-18T09:18:53","modified_gmt":"2025-08-18T09:18:53","slug":"drewneks-samplawa","status":"publish","type":"page","link":"https:\/\/wmzpn.pl\/?page_id=15913","title":{"rendered":"PFT Drewneks Samp\u0142awa"},"content":{"rendered":"<div class=\"wpb-content-wrapper\"><p>[vc_row content_placement=&#8221;middle&#8221;][vc_column][vc_separator border_width=&#8221;2&#8243;][\/vc_column][\/vc_row][vc_row][vc_column width=&#8221;1\/3&#8243;][vc_raw_html]JTVCd3BkcmVhbXNfYWpheHNlYXJjaGxpdGUlNUQ=[\/vc_raw_html][vc_raw_html]JTVCaWtzX21lbnUlMjBpZCUzRCUyMjEyMDE4JTIyJTVE[\/vc_raw_html][\/vc_column][vc_column width=&#8221;1\/3&#8243;][vc_single_image image=&#8221;19411&#8243; img_size=&#8221;full&#8221;][vc_text_separator title=&#8221;pobierz herb&#8221;][vc_row_inner][vc_column_inner width=&#8221;1\/2&#8243;][vc_btn title=&#8221;png&#8221; align=&#8221;center&#8221; button_block=&#8221;true&#8221;][\/vc_column_inner][vc_column_inner width=&#8221;1\/2&#8243;][vc_btn title=&#8221;jpg&#8221; align=&#8221;center&#8221; button_block=&#8221;true&#8221; link=&#8221;url:http%3A%2F%2Fwmzpn.pl%2Fwp-content%2Fuploads%2F2021%2F02%2FDrewneks-Samplawa.jpg|target:_blank&#8221;][\/vc_column_inner][\/vc_row_inner][vc_separator][\/vc_column][vc_column width=&#8221;1\/3&#8243;][vc_wp_text]<strong>Pro Football Team Drewneks Samp\u0142awa<\/strong><\/p>\n<p><strong>barwy:\u00a0<\/strong>\u017c\u00f3\u0142to-czarno-bia\u0142e<\/p>\n<p><strong>rok za\u0142o\u017cenia:\u00a0<\/strong>2019<\/p>\n<p><strong>adres:\u00a0<\/strong>Samp\u0142awa 4, 14-260 Lubawa<\/p>\n<p><strong>e-mail:\u00a0<\/strong>drewnekssamplawa@wmzpn.pl<\/p>\n<p><strong>Prezes:\u00a0<\/strong>Miros\u0142aw Macio\u0142ek[\/vc_wp_text][vc_wp_text]<strong>Media klubu:<\/strong><\/p>\n<p><a href=\"https:\/\/profootballteam.futbolowo.pl\/\" target=\"_blank\" rel=\"noopener noreferrer\"><img loading=\"lazy\" decoding=\"async\" class=\"alignnone wp-image-12842\" src=\"http:\/\/wmzpn.pl\/wp-content\/uploads\/2020\/04\/seo-sem.png\" alt=\"\" width=\"35\" height=\"35\" \/><\/a>\u00a0 <a href=\"https:\/\/www.facebook.com\/WyrownawczaAkademiaPilkarska\" target=\"_blank\" rel=\"noopener noreferrer\"><img loading=\"lazy\" decoding=\"async\" class=\"alignnone wp-image-12846\" src=\"http:\/\/wmzpn.pl\/wp-content\/uploads\/2020\/04\/facebook2.png\" alt=\"\" width=\"35\" height=\"35\" \/><\/a>\u00a0 <a href=\"https:\/\/www.instagram.com\/pro_footballteam\/\" target=\"_blank\" rel=\"noopener noreferrer\"><img loading=\"lazy\" decoding=\"async\" class=\"alignnone wp-image-12845\" src=\"http:\/\/wmzpn.pl\/wp-content\/uploads\/2020\/04\/logos2.png\" alt=\"\" width=\"35\" height=\"35\" \/><\/a>[\/vc_wp_text][vc_separator][vc_gmaps link=&#8221;#E-8_JTNDaWZyYW1lJTIwc3JjJTNEJTIyaHR0cHMlM0ElMkYlMkZ3d3cuZ29vZ2xlLmNvbSUyRm1hcHMlMkZlbWJlZCUzRnBiJTNEJTIxMW0xOCUyMTFtMTIlMjExbTMlMjExZDI0OTQuODkxMTM2NjMxNzElMjEyZDE5LjY2NzQxMzcwNjYxNjIyMyUyMTNkNTMuNDk4MTQ2OTY3OTYzNjglMjEybTMlMjExZjAlMjEyZjAlMjEzZjAlMjEzbTIlMjExaTEwMjQlMjEyaTc2OCUyMTRmMTMuMSUyMTNtMyUyMTFtMiUyMTFzMHg0NzFkMTRiNmY3OWRiMzU5JTI1M0EweGRiYTExMTk0NWExMjhhZTklMjEyc1NhbXAlMjVDNSUyNTgyYXdhJTI1MjA0JTI1MkMlMjUyMDE0LTI2MCUyNTIwU2FtcCUyNUM1JTI1ODJhd2ElMjE1ZTElMjEzbTIlMjExc3BsJTIxMnNwbCUyMTR2MTYwMTAyNDM2NjQwNyUyMTVtMiUyMTFzcGwlMjEyc3BsJTIyJTIwd2lkdGglM0QlMjI2MDAlMjIlMjBoZWlnaHQlM0QlMjI0NTAlMjIlMjBmcmFtZWJvcmRlciUzRCUyMjAlMjIlMjBzdHlsZSUzRCUyMmJvcmRlciUzQTAlM0IlMjIlMjBhbGxvd2Z1bGxzY3JlZW4lM0QlMjIlMjIlMjBhcmlhLWhpZGRlbiUzRCUyMmZhbHNlJTIyJTIwdGFiaW5kZXglM0QlMjIwJTIyJTNFJTNDJTJGaWZyYW1lJTNF&#8221; size=&#8221;365&#8243;][vc_message]<strong>Dane nieaktualne?<\/strong><br \/>\nNapisz do nas na email: <a href=\"mailto:kamil.zawalich@wmzpn.pl\"><span style=\"color: #56b0ee;\">kamil.zawalich@wmzpn.pl<\/span><\/a><br \/>\ni daj zna\u0107 co nale\u017cy poprawi\u0107![\/vc_message][\/vc_column][\/vc_row][vc_row][vc_column][vc_zigzag][\/vc_column][\/vc_row]<\/p>\n<\/div>","protected":false},"excerpt":{"rendered":"<p>[vc_row content_placement=&#8221;middle&#8221;][vc_column][vc_separator border_width=&#8221;2&#8243;][\/vc_column][\/vc_row][vc_row][vc_column width=&#8221;1\/3&#8243;][vc_raw_html]JTVCd3BkcmVhbXNfYWpheHNlYXJjaGxpdGUlNUQ=[\/vc_raw_html][vc_raw_html]JTVCaWtzX21lbnUlMjBpZCUzRCUyMjEyMDE4JTIyJTVE[\/vc_raw_html][\/vc_column][vc_column width=&#8221;1\/3&#8243;][vc_single_image image=&#8221;19411&#8243; img_size=&#8221;full&#8221;][vc_text_separator title=&#8221;pobierz herb&#8221;][vc_row_inner][vc_column_inner width=&#8221;1\/2&#8243;][vc_btn title=&#8221;png&#8221; align=&#8221;center&#8221; button_block=&#8221;true&#8221;][\/vc_column_inner][vc_column_inner width=&#8221;1\/2&#8243;][vc_btn title=&#8221;jpg&#8221; align=&#8221;center&#8221; button_block=&#8221;true&#8221; link=&#8221;url:http%3A%2F%2Fwmzpn.pl%2Fwp-content%2Fuploads%2F2021%2F02%2FDrewneks-Samplawa.jpg|target:_blank&#8221;][\/vc_column_inner][\/vc_row_inner][vc_separator][\/vc_column][vc_column width=&#8221;1\/3&#8243;][vc_wp_text]Pro Football Team Drewneks Samp\u0142awa barwy:\u00a0\u017c\u00f3\u0142to-czarno-bia\u0142e rok za\u0142o\u017cenia:\u00a02019 adres:\u00a0Samp\u0142awa 4, 14-260 Lubawa e-mail:\u00a0drewnekssamplawa@wmzpn.pl Prezes:\u00a0Miros\u0142aw Macio\u0142ek[\/vc_wp_text][vc_wp_text]Media klubu: \u00a0 \u00a0 [\/vc_wp_text][vc_separator][vc_gmaps link=&#8221;#E-8_JTNDaWZyYW1lJTIwc3JjJTNEJTIyaHR0cHMlM0ElMkYlMkZ3d3cuZ29vZ2xlLmNvbSUyRm1hcHMlMkZlbWJlZCUzRnBiJTNEJTIxMW0xOCUyMTFtMTIlMjExbTMlMjExZDI0OTQuODkxMTM2NjMxNzElMjEyZDE5LjY2NzQxMzcwNjYxNjIyMyUyMTNkNTMuNDk4MTQ2OTY3OTYzNjglMjEybTMlMjExZjAlMjEyZjAlMjEzZjAlMjEzbTIlMjExaTEwMjQlMjEyaTc2OCUyMTRmMTMuMSUyMTNtMyUyMTFtMiUyMTFzMHg0NzFkMTRiNmY3OWRiMzU5JTI1M0EweGRiYTExMTk0NWExMjhhZTklMjEyc1NhbXAlMjVDNSUyNTgyYXdhJTI1MjA0JTI1MkMlMjUyMDE0LTI2MCUyNTIwU2FtcCUyNUM1JTI1ODJhd2ElMjE1ZTElMjEzbTIlMjExc3BsJTIxMnNwbCUyMTR2MTYwMTAyNDM2NjQwNyUyMTVtMiUyMTFzcGwlMjEyc3BsJTIyJTIwd2lkdGglM0QlMjI2MDAlMjIlMjBoZWlnaHQlM0QlMjI0NTAlMjIlMjBmcmFtZWJvcmRlciUzRCUyMjAlMjIlMjBzdHlsZSUzRCUyMmJvcmRlciUzQTAlM0IlMjIlMjBhbGxvd2Z1bGxzY3JlZW4lM0QlMjIlMjIlMjBhcmlhLWhpZGRlbiUzRCUyMmZhbHNlJTIyJTIwdGFiaW5kZXglM0QlMjIwJTIyJTNFJTNDJTJGaWZyYW1lJTNF&#8221; size=&#8221;365&#8243;][vc_message]Dane nieaktualne? Napisz do nas na email: kamil.zawalich@wmzpn.pl i daj zna\u0107 co nale\u017cy poprawi\u0107![\/vc_message][\/vc_column][\/vc_row][vc_row][vc_column][vc_zigzag][\/vc_column][\/vc_row]<\/p>\n","protected":false},"author":3,"featured_media":0,"parent":0,"menu_order":0,"comment_status":"closed","ping_status":"closed","template":"","meta":{"footnotes":""},"class_list":["post-15913","page","type-page","status-publish","hentry"],"_links":{"self":[{"href":"https:\/\/wmzpn.pl\/index.php?rest_route=\/wp\/v2\/pages\/15913","targetHints":{"allow":["GET"]}}],"collection":[{"href":"https:\/\/wmzpn.pl\/index.php?rest_route=\/wp\/v2\/pages"}],"about":[{"href":"https:\/\/wmzpn.pl\/index.php?rest_route=\/wp\/v2\/types\/page"}],"author":[{"embeddable":true,"href":"https:\/\/wmzpn.pl\/index.php?rest_route=\/wp\/v2\/users\/3"}],"replies":[{"embeddable":true,"href":"https:\/\/wmzpn.pl\/index.php?rest_route=%2Fwp%2Fv2%2Fcomments&post=15913"}],"version-history":[{"count":9,"href":"https:\/\/wmzpn.pl\/index.php?rest_route=\/wp\/v2\/pages\/15913\/revisions"}],"predecessor-version":[{"id":46498,"href":"https:\/\/wmzpn.pl\/index.php?rest_route=\/wp\/v2\/pages\/15913\/revisions\/46498"}],"wp:attachment":[{"href":"https:\/\/wmzpn.pl\/index.php?rest_route=%2Fwp%2Fv2%2Fmedia&parent=15913"}],"curies":[{"name":"wp","href":"https:\/\/api.w.org\/{rel}","templated":true}]}}