{"id":1455,"date":"2018-07-13T09:45:55","date_gmt":"2018-07-13T09:45:55","guid":{"rendered":"http:\/\/wmzpn1.home.pl\/autoinstalator\/wordpress1\/?page_id=1455"},"modified":"2019-09-17T11:31:50","modified_gmt":"2019-09-17T11:31:50","slug":"juniorki-mlodsze-u-16","status":"publish","type":"page","link":"https:\/\/wmzpn.pl\/?page_id=1455","title":{"rendered":"Juniorki M\u0142odsze (U-16)"},"content":{"rendered":"<div class=\"wpb-content-wrapper\"><p>[vc_row][vc_column][vc_single_image image=&#8221;1478&#8243; img_size=&#8221;full&#8221; alignment=&#8221;center&#8221; onclick=&#8221;custom_link&#8221; css_animation=&#8221;fadeInDown&#8221; link=&#8221;http:\/\/wmzpn1.home.pl\/autoinstalator\/wordpress1\/?page_id=973&#8243;][\/vc_column][\/vc_row][vc_row][vc_column width=&#8221;2\/3&#8243;][vc_btn title=&#8221;KADRA KOBIET WMZPN JUNIORKI M\u0141ODSZE | PUCHAR im. I. P\u00d3\u0141TORAK U-16&#8243; style=&#8221;outline&#8221; shape=&#8221;square&#8221; color=&#8221;green&#8221; align=&#8221;center&#8221; button_block=&#8221;true&#8221;][vc_btn title=&#8221;Trener: Marek Maleszewski, II trener: Stanis\u0142aw Maleszewski&#8221; style=&#8221;outline&#8221; shape=&#8221;square&#8221; color=&#8221;green&#8221; align=&#8221;center&#8221; button_block=&#8221;true&#8221;][vc_column_text]<span style=\"color: #6dab3c;\"><strong>TABELA:<\/strong><\/span><\/p>\n<table>\n<tbody>\n<tr>\n<td style=\"text-align: center;\" width=\"83\"><strong>miejsce<\/strong><\/td>\n<td width=\"172\"><strong>ZPN<\/strong><\/td>\n<td style=\"text-align: center;\" width=\"64\"><strong>mecze<\/strong><\/td>\n<td style=\"text-align: center;\" width=\"52\"><strong>punkty<\/strong><\/td>\n<td style=\"text-align: center;\" width=\"51\"><strong>bramki strzelone<\/strong><\/td>\n<td width=\"50\"><\/td>\n<td style=\"text-align: center;\" width=\"64\"><strong>bramki stracone<\/strong><\/td>\n<\/tr>\n<tr>\n<td>\n<p style=\"text-align: center;\">1<\/p>\n<\/td>\n<td>Pomorski<\/td>\n<td>\n<p style=\"text-align: center;\">0<\/p>\n<\/td>\n<td>\n<p style=\"text-align: center;\">0<\/p>\n<\/td>\n<td>\n<p style=\"text-align: center;\">0<\/p>\n<\/td>\n<td>\n<p style=\"text-align: center;\">:<\/p>\n<\/td>\n<td>\n<p style=\"text-align: center;\">0<\/p>\n<\/td>\n<\/tr>\n<tr>\n<td style=\"text-align: center;\">2<\/td>\n<td>Kujawsko-Pomorski<\/td>\n<td style=\"text-align: center;\">0<\/td>\n<td style=\"text-align: center;\">0<\/td>\n<td style=\"text-align: center;\">0<\/td>\n<td style=\"text-align: center;\">:<\/td>\n<td style=\"text-align: center;\">0<\/td>\n<\/tr>\n<tr>\n<td style=\"text-align: center;\">3<\/td>\n<td>Podlaski<\/td>\n<td style=\"text-align: center;\">0<\/td>\n<td style=\"text-align: center;\">0<\/td>\n<td style=\"text-align: center;\">0<\/td>\n<td style=\"text-align: center;\">:<\/td>\n<td style=\"text-align: center;\">0<\/td>\n<\/tr>\n<tr>\n<td style=\"text-align: center;\"><strong>4<\/strong><\/td>\n<td><strong>WMZPN<\/strong><\/td>\n<td style=\"text-align: center;\"><strong>0<\/strong><\/td>\n<td style=\"text-align: center;\"><strong>0<\/strong><\/td>\n<td style=\"text-align: center;\"><strong>0<\/strong><\/td>\n<td style=\"text-align: center;\"><strong>:<\/strong><\/td>\n<td style=\"text-align: center;\"><strong>0<\/strong><\/td>\n<\/tr>\n<\/tbody>\n<\/table>\n<p><strong><br \/>\n<span style=\"color: #6dab3c;\">WYNIKI:<\/span><\/strong><\/p>\n<p>[\/vc_column_text]<div class=\"td_block_wrap td_block_15 td_uid_1_69ee56377ae75_rand td-pb-border-top td_block_template_4\"  data-td-block-uid=\"td_uid_1_69ee56377ae75\" >\n<style scoped>\n.td_uid_1_69ee56377ae75_rand .td_module_wrap:hover .entry-title a,\r\n            .td_uid_1_69ee56377ae75_rand .td-pulldown-filter-link:hover,\r\n            .td_uid_1_69ee56377ae75_rand .td-subcat-item a:hover,\r\n            .td_uid_1_69ee56377ae75_rand .td-cur-simple-item,\r\n            .td_uid_1_69ee56377ae75_rand .td_quote_on_blocks,\r\n            .td_uid_1_69ee56377ae75_rand .td-opacity-cat .td-post-category:hover,\r\n            .td_uid_1_69ee56377ae75_rand .td-opacity-read .td-read-more a:hover,\r\n            .td_uid_1_69ee56377ae75_rand .td-opacity-author .td-post-author-name a:hover,\r\n            .td_uid_1_69ee56377ae75_rand .td-instagram-user a,\r\n            .td_uid_1_69ee56377ae75_rand .td-subcat-dropdown:hover .td-subcat-more span,\r\n            .td_uid_1_69ee56377ae75_rand .td-subcat-dropdown:hover .td-subcat-more i {\r\n                color: #81d742 !important;\r\n            }\r\n\r\n            .td_uid_1_69ee56377ae75_rand .td-next-prev-wrap a:hover,\r\n            .td_uid_1_69ee56377ae75_rand .td-load-more-wrap a:hover {\r\n                background-color: #81d742 !important;\r\n                border-color: #81d742 !important;\r\n            }\r\n\r\n            .td_uid_1_69ee56377ae75_rand .td-block-title > *:before {\r\n                border-color: #81d742 transparent transparent transparent !important;\r\n            }\r\n\r\n\r\n            .td_uid_1_69ee56377ae75_rand .td-trending-now-title,\r\n            .td_uid_1_69ee56377ae75_rand .td-read-more a,\r\n            .td_uid_1_69ee56377ae75_rand .td-weather-information:before,\r\n            .td_uid_1_69ee56377ae75_rand .td-weather-week:before,\r\n            .td_uid_1_69ee56377ae75_rand .td-exchange-header:before,\r\n            .td-footer-wrapper .td_uid_1_69ee56377ae75_rand .td-post-category,\r\n            .td_uid_1_69ee56377ae75_rand .td-post-category:hover,\r\n            .td_uid_1_69ee56377ae75_rand .td-subcat-dropdown ul:after,\r\n            .td_uid_1_69ee56377ae75_rand .td-block-title > * {\r\n                background-color: #81d742 !important;\r\n            }\n<\/style><script>var block_td_uid_1_69ee56377ae75 = new tdBlock();\nblock_td_uid_1_69ee56377ae75.id = \"td_uid_1_69ee56377ae75\";\nblock_td_uid_1_69ee56377ae75.atts = '{\"limit\":\"6\",\"sort\":\"\",\"post_ids\":\"\",\"tag_slug\":\"\",\"autors_id\":\"\",\"installed_post_types\":\"\",\"category_id\":\"67\",\"category_ids\":\"\",\"custom_title\":\"Kadry WMZPN\",\"custom_url\":\"\",\"show_child_cat\":\"\",\"sub_cat_ajax\":\"\",\"ajax_pagination\":\"\",\"header_color\":\"#81d742\",\"header_text_color\":\"\",\"ajax_pagination_infinite_stop\":\"\",\"td_column_number\":1,\"td_ajax_preloading\":\"\",\"td_ajax_filter_type\":\"\",\"td_ajax_filter_ids\":\"\",\"td_filter_default_txt\":\"Wszystko\",\"color_preset\":\"\",\"border_top\":\"\",\"class\":\"td_uid_1_69ee56377ae75_rand\",\"el_class\":\"\",\"offset\":\"\",\"css\":\"\",\"tdc_css\":\"\",\"tdc_css_class\":\"td_uid_1_69ee56377ae75_rand\",\"live_filter\":\"\",\"live_filter_cur_post_id\":\"\",\"live_filter_cur_post_author\":\"\",\"block_template_id\":\"\"}';\nblock_td_uid_1_69ee56377ae75.td_column_number = \"1\";\nblock_td_uid_1_69ee56377ae75.block_type = \"td_block_15\";\nblock_td_uid_1_69ee56377ae75.post_count = \"6\";\nblock_td_uid_1_69ee56377ae75.found_posts = \"496\";\nblock_td_uid_1_69ee56377ae75.header_color = \"#81d742\";\nblock_td_uid_1_69ee56377ae75.ajax_pagination_infinite_stop = \"\";\nblock_td_uid_1_69ee56377ae75.max_num_pages = \"83\";\ntdBlocksArray.push(block_td_uid_1_69ee56377ae75);\n<\/script><div class=\"td-block-title-wrap\"><h4 class=\"td-block-title\"><span class=\"td-pulldown-size\">Kadry WMZPN<\/span><\/h4><\/div><div id=td_uid_1_69ee56377ae75 class=\"td_block_inner td-column-1\">\n\n\t<div class=\"td-block-span12\">\n\r\n        <div class=\"td_module_mx4 td_module_wrap td-animation-stack\">\r\n            <div class=\"td-module-image\">\r\n                <div class=\"td-module-thumb\"><a href=\"https:\/\/wmzpn.pl\/?p=48648\" rel=\"bookmark\" title=\"Powo\u0142ania na konsultacj\u0119 szkoleniow\u0105 Kadry WMZPN U13 dziewcz\u0105t\"><img loading=\"lazy\" decoding=\"async\" width=\"218\" height=\"150\" class=\"entry-thumb\" src=\"https:\/\/wmzpn.pl\/wp-content\/uploads\/2026\/04\/KONS-04-24-DZ-U13-218x150.png\" srcset=\"https:\/\/wmzpn.pl\/wp-content\/uploads\/2026\/04\/KONS-04-24-DZ-U13-218x150.png 218w, https:\/\/wmzpn.pl\/wp-content\/uploads\/2026\/04\/KONS-04-24-DZ-U13-100x70.png 100w\" sizes=\"auto, (max-width: 218px) 100vw, 218px\" alt=\"\" title=\"Powo\u0142ania na konsultacj\u0119 szkoleniow\u0105 Kadry WMZPN U13 dziewcz\u0105t\"\/><\/a><\/div>                <a href=\"https:\/\/wmzpn.pl\/?cat=12\" class=\"td-post-category\">Aktualno\u015bci<\/a>            <\/div>\r\n\r\n            <h3 class=\"entry-title td-module-title\"><a href=\"https:\/\/wmzpn.pl\/?p=48648\" rel=\"bookmark\" title=\"Powo\u0142ania na konsultacj\u0119 szkoleniow\u0105 Kadry WMZPN U13 dziewcz\u0105t\">Powo\u0142ania na konsultacj\u0119 szkoleniow\u0105 Kadry WMZPN U13 dziewcz\u0105t<\/a><\/h3>\r\n        <\/div>\r\n\r\n        \n\t<\/div> <!-- .\/td-block-span12 -->\n\n\t<div class=\"td-block-span12\">\n\r\n        <div class=\"td_module_mx4 td_module_wrap td-animation-stack\">\r\n            <div class=\"td-module-image\">\r\n                <div class=\"td-module-thumb\"><a href=\"https:\/\/wmzpn.pl\/?p=48632\" rel=\"bookmark\" title=\"Powo\u0142ania na Makroregionalne zgrupowanie kadr wojew\u00f3dzkich\"><img loading=\"lazy\" decoding=\"async\" width=\"218\" height=\"150\" class=\"entry-thumb\" src=\"https:\/\/wmzpn.pl\/wp-content\/uploads\/2026\/04\/TURNIEJ-MAKRO-23-04-CH-U13-1-218x150.png\" srcset=\"https:\/\/wmzpn.pl\/wp-content\/uploads\/2026\/04\/TURNIEJ-MAKRO-23-04-CH-U13-1-218x150.png 218w, https:\/\/wmzpn.pl\/wp-content\/uploads\/2026\/04\/TURNIEJ-MAKRO-23-04-CH-U13-1-100x70.png 100w\" sizes=\"auto, (max-width: 218px) 100vw, 218px\" alt=\"\" title=\"Powo\u0142ania na Makroregionalne zgrupowanie kadr wojew\u00f3dzkich\"\/><\/a><\/div>                <a href=\"https:\/\/wmzpn.pl\/?cat=12\" class=\"td-post-category\">Aktualno\u015bci<\/a>            <\/div>\r\n\r\n            <h3 class=\"entry-title td-module-title\"><a href=\"https:\/\/wmzpn.pl\/?p=48632\" rel=\"bookmark\" title=\"Powo\u0142ania na Makroregionalne zgrupowanie kadr wojew\u00f3dzkich\">Powo\u0142ania na Makroregionalne zgrupowanie kadr wojew\u00f3dzkich<\/a><\/h3>\r\n        <\/div>\r\n\r\n        \n\t<\/div> <!-- .\/td-block-span12 -->\n\n\t<div class=\"td-block-span12\">\n\r\n        <div class=\"td_module_mx4 td_module_wrap td-animation-stack\">\r\n            <div class=\"td-module-image\">\r\n                <div class=\"td-module-thumb\"><a href=\"https:\/\/wmzpn.pl\/?p=48622\" rel=\"bookmark\" title=\"Powo\u0142ania Kadry WMZPN rocznika 2012 na mecz mistrzowski\"><img loading=\"lazy\" decoding=\"async\" width=\"218\" height=\"150\" class=\"entry-thumb\" src=\"https:\/\/wmzpn.pl\/wp-content\/uploads\/2026\/04\/MECZ-04.23-CH-2012-1-218x150.png\" srcset=\"https:\/\/wmzpn.pl\/wp-content\/uploads\/2026\/04\/MECZ-04.23-CH-2012-1-218x150.png 218w, https:\/\/wmzpn.pl\/wp-content\/uploads\/2026\/04\/MECZ-04.23-CH-2012-1-100x70.png 100w\" sizes=\"auto, (max-width: 218px) 100vw, 218px\" alt=\"\" title=\"Powo\u0142ania Kadry WMZPN rocznika 2012 na mecz mistrzowski\"\/><\/a><\/div>                <a href=\"https:\/\/wmzpn.pl\/?cat=12\" class=\"td-post-category\">Aktualno\u015bci<\/a>            <\/div>\r\n\r\n            <h3 class=\"entry-title td-module-title\"><a href=\"https:\/\/wmzpn.pl\/?p=48622\" rel=\"bookmark\" title=\"Powo\u0142ania Kadry WMZPN rocznika 2012 na mecz mistrzowski\">Powo\u0142ania Kadry WMZPN rocznika 2012 na mecz mistrzowski<\/a><\/h3>\r\n        <\/div>\r\n\r\n        \n\t<\/div> <!-- .\/td-block-span12 -->\n\n\t<div class=\"td-block-span12\">\n\r\n        <div class=\"td_module_mx4 td_module_wrap td-animation-stack\">\r\n            <div class=\"td-module-image\">\r\n                <div class=\"td-module-thumb\"><a href=\"https:\/\/wmzpn.pl\/?p=48614\" rel=\"bookmark\" title=\"Powo\u0142ania na konsultacje szkoleniowe bramkarzy WMZPN\"><img loading=\"lazy\" decoding=\"async\" width=\"218\" height=\"150\" class=\"entry-thumb\" src=\"https:\/\/wmzpn.pl\/wp-content\/uploads\/2026\/04\/KONS-04-20-2-GK-218x150.png\" srcset=\"https:\/\/wmzpn.pl\/wp-content\/uploads\/2026\/04\/KONS-04-20-2-GK-218x150.png 218w, https:\/\/wmzpn.pl\/wp-content\/uploads\/2026\/04\/KONS-04-20-2-GK-100x70.png 100w\" sizes=\"auto, (max-width: 218px) 100vw, 218px\" alt=\"\" title=\"Powo\u0142ania na konsultacje szkoleniowe bramkarzy WMZPN\"\/><\/a><\/div>                <a href=\"https:\/\/wmzpn.pl\/?cat=12\" class=\"td-post-category\">Aktualno\u015bci<\/a>            <\/div>\r\n\r\n            <h3 class=\"entry-title td-module-title\"><a href=\"https:\/\/wmzpn.pl\/?p=48614\" rel=\"bookmark\" title=\"Powo\u0142ania na konsultacje szkoleniowe bramkarzy WMZPN\">Powo\u0142ania na konsultacje szkoleniowe bramkarzy WMZPN<\/a><\/h3>\r\n        <\/div>\r\n\r\n        \n\t<\/div> <!-- .\/td-block-span12 -->\n\n\t<div class=\"td-block-span12\">\n\r\n        <div class=\"td_module_mx4 td_module_wrap td-animation-stack\">\r\n            <div class=\"td-module-image\">\r\n                <div class=\"td-module-thumb\"><a href=\"https:\/\/wmzpn.pl\/?p=48602\" rel=\"bookmark\" title=\"Powo\u0142ania na konsultacj\u0119 szkoleniow\u0105 Kadry WMZPN rocznika 2013\"><img loading=\"lazy\" decoding=\"async\" width=\"218\" height=\"150\" class=\"entry-thumb\" src=\"https:\/\/wmzpn.pl\/wp-content\/uploads\/2026\/04\/KONSULTACJE-2026-04-19-C-2013-218x150.png\" srcset=\"https:\/\/wmzpn.pl\/wp-content\/uploads\/2026\/04\/KONSULTACJE-2026-04-19-C-2013-218x150.png 218w, https:\/\/wmzpn.pl\/wp-content\/uploads\/2026\/04\/KONSULTACJE-2026-04-19-C-2013-100x70.png 100w\" sizes=\"auto, (max-width: 218px) 100vw, 218px\" alt=\"\" title=\"Powo\u0142ania na konsultacj\u0119 szkoleniow\u0105 Kadry WMZPN rocznika 2013\"\/><\/a><\/div>                <a href=\"https:\/\/wmzpn.pl\/?cat=12\" class=\"td-post-category\">Aktualno\u015bci<\/a>            <\/div>\r\n\r\n            <h3 class=\"entry-title td-module-title\"><a href=\"https:\/\/wmzpn.pl\/?p=48602\" rel=\"bookmark\" title=\"Powo\u0142ania na konsultacj\u0119 szkoleniow\u0105 Kadry WMZPN rocznika 2013\">Powo\u0142ania na konsultacj\u0119 szkoleniow\u0105 Kadry WMZPN rocznika 2013<\/a><\/h3>\r\n        <\/div>\r\n\r\n        \n\t<\/div> <!-- .\/td-block-span12 -->\n\n\t<div class=\"td-block-span12\">\n\r\n        <div class=\"td_module_mx4 td_module_wrap td-animation-stack\">\r\n            <div class=\"td-module-image\">\r\n                <div class=\"td-module-thumb\"><a href=\"https:\/\/wmzpn.pl\/?p=48571\" rel=\"bookmark\" title=\"Powo\u0142ania na konsultacje szkoleniow\u0105 Kadry WMZPN rocznika 2014\"><img loading=\"lazy\" decoding=\"async\" width=\"218\" height=\"150\" class=\"entry-thumb\" src=\"https:\/\/wmzpn.pl\/wp-content\/uploads\/2026\/04\/KONS-04-16-CH-2014-1-218x150.png\" srcset=\"https:\/\/wmzpn.pl\/wp-content\/uploads\/2026\/04\/KONS-04-16-CH-2014-1-218x150.png 218w, https:\/\/wmzpn.pl\/wp-content\/uploads\/2026\/04\/KONS-04-16-CH-2014-1-100x70.png 100w\" sizes=\"auto, (max-width: 218px) 100vw, 218px\" alt=\"\" title=\"Powo\u0142ania na konsultacje szkoleniow\u0105 Kadry WMZPN rocznika 2014\"\/><\/a><\/div>                <a href=\"https:\/\/wmzpn.pl\/?cat=12\" class=\"td-post-category\">Aktualno\u015bci<\/a>            <\/div>\r\n\r\n            <h3 class=\"entry-title td-module-title\"><a href=\"https:\/\/wmzpn.pl\/?p=48571\" rel=\"bookmark\" title=\"Powo\u0142ania na konsultacje szkoleniow\u0105 Kadry WMZPN rocznika 2014\">Powo\u0142ania na konsultacje szkoleniow\u0105 Kadry WMZPN rocznika 2014<\/a><\/h3>\r\n        <\/div>\r\n\r\n        \n\t<\/div> <!-- .\/td-block-span12 --><\/div><\/div> <!-- .\/block --><div class=\"clearfix\"><\/div>[\/vc_column][vc_column width=&#8221;1\/3&#8243;][vc_btn title=&#8221;Ch\u0142opcy 2006 (U-14)&#8221; style=&#8221;outline&#8221; shape=&#8221;square&#8221; color=&#8221;green&#8221; size=&#8221;lg&#8221; align=&#8221;center&#8221; button_block=&#8221;true&#8221; link=&#8221;url:http%3A%2F%2Fwmzpn.pl%2F%3Fpage_id%3D1433|||&#8221;][vc_btn title=&#8221;Ch\u0142opcy 2007 (U-13)&#8221; style=&#8221;outline&#8221; shape=&#8221;square&#8221; color=&#8221;green&#8221; size=&#8221;lg&#8221; align=&#8221;center&#8221; button_block=&#8221;true&#8221; link=&#8221;url:http%3A%2F%2Fwmzpn.pl%2F%3Fpage_id%3D1445|||&#8221;][vc_btn title=&#8221;Ch\u0142opcy 2008 (U-12)&#8221; style=&#8221;outline&#8221; shape=&#8221;square&#8221; color=&#8221;green&#8221; size=&#8221;lg&#8221; align=&#8221;center&#8221; button_block=&#8221;true&#8221; link=&#8221;url:http%3A%2F%2Fwmzpn.pl%2F%3Fpage_id%3D1453|||&#8221;][vc_btn title=&#8221;Ch\u0142opcy 2009 (U-11)&#8221; style=&#8221;outline&#8221; shape=&#8221;square&#8221; color=&#8221;green&#8221; size=&#8221;lg&#8221; align=&#8221;center&#8221; button_block=&#8221;true&#8221; link=&#8221;url:http%3A%2F%2Fwmzpn.pl%2F%3Fpage_id%3D8096|||&#8221;][vc_btn title=&#8221;Juniorki M\u0142odsze (U-16)&#8221; style=&#8221;outline&#8221; shape=&#8221;square&#8221; color=&#8221;green&#8221; size=&#8221;lg&#8221; align=&#8221;center&#8221; button_block=&#8221;true&#8221; link=&#8221;url:http%3A%2F%2Fwmzpn.pl%2F%3Fpage_id%3D1455|||&#8221;][vc_btn title=&#8221;M\u0142odziczki (U-14)&#8221; style=&#8221;outline&#8221; shape=&#8221;square&#8221; color=&#8221;green&#8221; size=&#8221;lg&#8221; align=&#8221;center&#8221; button_block=&#8221;true&#8221; link=&#8221;url:http%3A%2F%2Fwmzpn.pl%2F%3Fpage_id%3D1457|||&#8221;][vc_widget_sidebar sidebar_id=&#8221;td-td_demo_category&#8221;][\/vc_column][\/vc_row]<\/p>\n<\/div>","protected":false},"excerpt":{"rendered":"<p>[vc_row][vc_column][vc_single_image image=&#8221;1478&#8243; img_size=&#8221;full&#8221; alignment=&#8221;center&#8221; onclick=&#8221;custom_link&#8221; css_animation=&#8221;fadeInDown&#8221; link=&#8221;http:\/\/wmzpn1.home.pl\/autoinstalator\/wordpress1\/?page_id=973&#8243;][\/vc_column][\/vc_row][vc_row][vc_column width=&#8221;2\/3&#8243;][vc_btn title=&#8221;KADRA KOBIET WMZPN JUNIORKI M\u0141ODSZE | PUCHAR im. I. P\u00d3\u0141TORAK U-16&#8243; style=&#8221;outline&#8221; shape=&#8221;square&#8221; color=&#8221;green&#8221; align=&#8221;center&#8221; button_block=&#8221;true&#8221;][vc_btn title=&#8221;Trener: Marek Maleszewski, II trener: Stanis\u0142aw Maleszewski&#8221; style=&#8221;outline&#8221; shape=&#8221;square&#8221; color=&#8221;green&#8221; align=&#8221;center&#8221; button_block=&#8221;true&#8221;][vc_column_text]TABELA: miejsce ZPN mecze punkty bramki strzelone bramki stracone 1 Pomorski 0 0 0 : 0 2 Kujawsko-Pomorski 0 0 [&hellip;]<\/p>\n","protected":false},"author":2,"featured_media":0,"parent":0,"menu_order":0,"comment_status":"closed","ping_status":"closed","template":"","meta":{"footnotes":""},"class_list":["post-1455","page","type-page","status-publish","hentry"],"_links":{"self":[{"href":"https:\/\/wmzpn.pl\/index.php?rest_route=\/wp\/v2\/pages\/1455","targetHints":{"allow":["GET"]}}],"collection":[{"href":"https:\/\/wmzpn.pl\/index.php?rest_route=\/wp\/v2\/pages"}],"about":[{"href":"https:\/\/wmzpn.pl\/index.php?rest_route=\/wp\/v2\/types\/page"}],"author":[{"embeddable":true,"href":"https:\/\/wmzpn.pl\/index.php?rest_route=\/wp\/v2\/users\/2"}],"replies":[{"embeddable":true,"href":"https:\/\/wmzpn.pl\/index.php?rest_route=%2Fwp%2Fv2%2Fcomments&post=1455"}],"version-history":[{"count":13,"href":"https:\/\/wmzpn.pl\/index.php?rest_route=\/wp\/v2\/pages\/1455\/revisions"}],"predecessor-version":[{"id":8104,"href":"https:\/\/wmzpn.pl\/index.php?rest_route=\/wp\/v2\/pages\/1455\/revisions\/8104"}],"wp:attachment":[{"href":"https:\/\/wmzpn.pl\/index.php?rest_route=%2Fwp%2Fv2%2Fmedia&parent=1455"}],"curies":[{"name":"wp","href":"https:\/\/api.w.org\/{rel}","templated":true}]}}