{"id":12512,"date":"2020-04-27T12:54:41","date_gmt":"2020-04-27T12:54:41","guid":{"rendered":"http:\/\/wmzpn.pl\/?page_id=12512"},"modified":"2025-08-18T10:59:17","modified_gmt":"2025-08-18T10:59:17","slug":"junior-elk","status":"publish","type":"page","link":"https:\/\/wmzpn.pl\/?page_id=12512","title":{"rendered":"Junior E\u0142k"},"content":{"rendered":"<div class=\"wpb-content-wrapper\"><p>[vc_row content_placement=&#8221;middle&#8221;][vc_column][vc_separator border_width=&#8221;2&#8243;][\/vc_column][\/vc_row][vc_row][vc_column width=&#8221;1\/3&#8243;][vc_raw_html]JTVCd3BkcmVhbXNfYWpheHNlYXJjaGxpdGUlNUQ=[\/vc_raw_html][vc_raw_html]JTVCaWtzX21lbnUlMjBpZCUzRCUyMjEyMDE4JTIyJTVE[\/vc_raw_html][\/vc_column][vc_column width=&#8221;1\/3&#8243;][vc_single_image image=&#8221;14322&#8243; img_size=&#8221;full&#8221;][vc_text_separator title=&#8221;pobierz herb&#8221;][vc_row_inner][vc_column_inner width=&#8221;1\/2&#8243;][vc_btn title=&#8221;png&#8221; align=&#8221;center&#8221; button_block=&#8221;true&#8221;][\/vc_column_inner][vc_column_inner width=&#8221;1\/2&#8243;][vc_btn title=&#8221;jpg&#8221; align=&#8221;center&#8221; button_block=&#8221;true&#8221; link=&#8221;url:http%3A%2F%2Fwmzpn.pl%2Fwp-content%2Fuploads%2F2020%2F05%2Fjunior-elk.jpg||target:%20_blank|&#8221;][\/vc_column_inner][\/vc_row_inner][vc_separator][vc_gmaps link=&#8221;#E-8_JTNDaWZyYW1lJTIwc3JjJTNEJTIyaHR0cHMlM0ElMkYlMkZ3d3cuZ29vZ2xlLmNvbSUyRm1hcHMlMkZlbWJlZCUzRnBiJTNEJTIxMW0xOCUyMTFtMTIlMjExbTMlMjExZDIzNTcuMTIxODk2NTE1MTIlMjEyZDIyLjI4NjI1NzIxNTc0Nzk2MyUyMTNkNTMuNzg3MzE3OTgwMDczODUlMjEybTMlMjExZjAlMjEyZjAlMjEzZjAlMjEzbTIlMjExaTEwMjQlMjEyaTc2OCUyMTRmMTMuMSUyMTNtMyUyMTFtMiUyMTFzMHg0NmUxYjhkY2RkZTk3YWFkJTI1M0EweGIyMzQ0ZjU0OTgzYTRlZGIlMjEyc1N6YXJlamtpJTI1MjAxMCUyNTJDJTI1MjAxOS0zMjElMjUyMFN6YXJlamtpJTIxNWUwJTIxM20yJTIxMXNwbCUyMTJzcGwlMjE0djE1OTAwNTY5OTA5MTQlMjE1bTIlMjExc3BsJTIxMnNwbCUyMiUyMHdpZHRoJTNEJTIyNjAwJTIyJTIwaGVpZ2h0JTNEJTIyNDUwJTIyJTIwZnJhbWVib3JkZXIlM0QlMjIwJTIyJTIwc3R5bGUlM0QlMjJib3JkZXIlM0EwJTNCJTIyJTIwYWxsb3dmdWxsc2NyZWVuJTNEJTIyJTIyJTIwYXJpYS1oaWRkZW4lM0QlMjJmYWxzZSUyMiUyMHRhYmluZGV4JTNEJTIyMCUyMiUzRSUzQyUyRmlmcmFtZSUzRQ==&#8221; size=&#8221;365&#8243;][\/vc_column][vc_column width=&#8221;1\/3&#8243;][vc_wp_text]<strong>KS Junior E\u0142k<\/strong><\/p>\n<p><strong>barwy: <\/strong><\/p>\n<p><strong>rok za\u0142o\u017cenia: <\/strong><\/p>\n<p><strong>adres:\u00a0<\/strong>ul. Szarejki 10, 19-300 E\u0142k<\/p>\n<p><strong>e-mail:\u00a0<\/strong>juniorelk@wmzpn.pl<\/p>\n<p><strong>Prezes:\u00a0<\/strong>Marcin Dawidowski[\/vc_wp_text][vc_wp_text]<strong>Media klubu:\u00a0 \u00a0<\/strong><a href=\"http:\/\/akademiajunior.elk.pl\/\" target=\"_blank\" rel=\"noopener noreferrer\"><img loading=\"lazy\" decoding=\"async\" class=\"alignnone wp-image-12842\" src=\"http:\/\/wmzpn.pl\/wp-content\/uploads\/2020\/04\/seo-sem.png\" alt=\"\" width=\"35\" height=\"35\" \/><\/a>\u00a0 <a href=\"https:\/\/www.facebook.com\/akademiajuniorelk\/\" target=\"_blank\" rel=\"noopener noreferrer\"><img loading=\"lazy\" decoding=\"async\" class=\"alignnone wp-image-12846\" src=\"http:\/\/wmzpn.pl\/wp-content\/uploads\/2020\/04\/facebook2.png\" alt=\"\" width=\"35\" height=\"35\" \/><\/a> \u00a0<a href=\"https:\/\/www.instagram.com\/akademia.junior.elk\/?hl=pl\" target=\"_blank\" rel=\"noopener noreferrer\"><img loading=\"lazy\" decoding=\"async\" class=\"alignnone wp-image-12845\" src=\"http:\/\/wmzpn.pl\/wp-content\/uploads\/2020\/04\/logos2.png\" alt=\"\" width=\"35\" height=\"35\" \/><\/a>[\/vc_wp_text][vc_separator][vc_message]<strong>Dane nieaktualne?<\/strong><br \/>\nNapisz do nas na email: <a href=\"mailto:kamil.zawalich@wmzpn.pl\"><span style=\"color: #56b0ee;\">kamil.zawalich@wmzpn.pl<\/span><\/a><br \/>\ni daj zna\u0107 co nale\u017cy poprawi\u0107![\/vc_message][\/vc_column][\/vc_row][vc_row][vc_column][vc_zigzag][\/vc_column][\/vc_row]<\/p>\n<\/div>","protected":false},"excerpt":{"rendered":"<p>[vc_row content_placement=&#8221;middle&#8221;][vc_column][vc_separator border_width=&#8221;2&#8243;][\/vc_column][\/vc_row][vc_row][vc_column width=&#8221;1\/3&#8243;][vc_raw_html]JTVCd3BkcmVhbXNfYWpheHNlYXJjaGxpdGUlNUQ=[\/vc_raw_html][vc_raw_html]JTVCaWtzX21lbnUlMjBpZCUzRCUyMjEyMDE4JTIyJTVE[\/vc_raw_html][\/vc_column][vc_column width=&#8221;1\/3&#8243;][vc_single_image image=&#8221;14322&#8243; img_size=&#8221;full&#8221;][vc_text_separator title=&#8221;pobierz herb&#8221;][vc_row_inner][vc_column_inner width=&#8221;1\/2&#8243;][vc_btn title=&#8221;png&#8221; align=&#8221;center&#8221; button_block=&#8221;true&#8221;][\/vc_column_inner][vc_column_inner width=&#8221;1\/2&#8243;][vc_btn title=&#8221;jpg&#8221; align=&#8221;center&#8221; button_block=&#8221;true&#8221; link=&#8221;url:http%3A%2F%2Fwmzpn.pl%2Fwp-content%2Fuploads%2F2020%2F05%2Fjunior-elk.jpg||target:%20_blank|&#8221;][\/vc_column_inner][\/vc_row_inner][vc_separator][vc_gmaps link=&#8221;#E-8_JTNDaWZyYW1lJTIwc3JjJTNEJTIyaHR0cHMlM0ElMkYlMkZ3d3cuZ29vZ2xlLmNvbSUyRm1hcHMlMkZlbWJlZCUzRnBiJTNEJTIxMW0xOCUyMTFtMTIlMjExbTMlMjExZDIzNTcuMTIxODk2NTE1MTIlMjEyZDIyLjI4NjI1NzIxNTc0Nzk2MyUyMTNkNTMuNzg3MzE3OTgwMDczODUlMjEybTMlMjExZjAlMjEyZjAlMjEzZjAlMjEzbTIlMjExaTEwMjQlMjEyaTc2OCUyMTRmMTMuMSUyMTNtMyUyMTFtMiUyMTFzMHg0NmUxYjhkY2RkZTk3YWFkJTI1M0EweGIyMzQ0ZjU0OTgzYTRlZGIlMjEyc1N6YXJlamtpJTI1MjAxMCUyNTJDJTI1MjAxOS0zMjElMjUyMFN6YXJlamtpJTIxNWUwJTIxM20yJTIxMXNwbCUyMTJzcGwlMjE0djE1OTAwNTY5OTA5MTQlMjE1bTIlMjExc3BsJTIxMnNwbCUyMiUyMHdpZHRoJTNEJTIyNjAwJTIyJTIwaGVpZ2h0JTNEJTIyNDUwJTIyJTIwZnJhbWVib3JkZXIlM0QlMjIwJTIyJTIwc3R5bGUlM0QlMjJib3JkZXIlM0EwJTNCJTIyJTIwYWxsb3dmdWxsc2NyZWVuJTNEJTIyJTIyJTIwYXJpYS1oaWRkZW4lM0QlMjJmYWxzZSUyMiUyMHRhYmluZGV4JTNEJTIyMCUyMiUzRSUzQyUyRmlmcmFtZSUzRQ==&#8221; size=&#8221;365&#8243;][\/vc_column][vc_column width=&#8221;1\/3&#8243;][vc_wp_text]KS Junior E\u0142k barwy: rok za\u0142o\u017cenia: adres:\u00a0ul. Szarejki 10, 19-300 E\u0142k e-mail:\u00a0juniorelk@wmzpn.pl Prezes:\u00a0Marcin Dawidowski[\/vc_wp_text][vc_wp_text]Media klubu:\u00a0 \u00a0\u00a0 \u00a0[\/vc_wp_text][vc_separator][vc_message]Dane nieaktualne? Napisz do nas na email: kamil.zawalich@wmzpn.pl i daj zna\u0107 co nale\u017cy poprawi\u0107![\/vc_message][\/vc_column][\/vc_row][vc_row][vc_column][vc_zigzag][\/vc_column][\/vc_row]<\/p>\n","protected":false},"author":3,"featured_media":14322,"parent":0,"menu_order":0,"comment_status":"closed","ping_status":"closed","template":"","meta":{"footnotes":""},"class_list":["post-12512","page","type-page","status-publish","has-post-thumbnail","hentry"],"_links":{"self":[{"href":"https:\/\/wmzpn.pl\/index.php?rest_route=\/wp\/v2\/pages\/12512","targetHints":{"allow":["GET"]}}],"collection":[{"href":"https:\/\/wmzpn.pl\/index.php?rest_route=\/wp\/v2\/pages"}],"about":[{"href":"https:\/\/wmzpn.pl\/index.php?rest_route=\/wp\/v2\/types\/page"}],"author":[{"embeddable":true,"href":"https:\/\/wmzpn.pl\/index.php?rest_route=\/wp\/v2\/users\/3"}],"replies":[{"embeddable":true,"href":"https:\/\/wmzpn.pl\/index.php?rest_route=%2Fwp%2Fv2%2Fcomments&post=12512"}],"version-history":[{"count":10,"href":"https:\/\/wmzpn.pl\/index.php?rest_route=\/wp\/v2\/pages\/12512\/revisions"}],"predecessor-version":[{"id":46558,"href":"https:\/\/wmzpn.pl\/index.php?rest_route=\/wp\/v2\/pages\/12512\/revisions\/46558"}],"wp:featuredmedia":[{"embeddable":true,"href":"https:\/\/wmzpn.pl\/index.php?rest_route=\/wp\/v2\/media\/14322"}],"wp:attachment":[{"href":"https:\/\/wmzpn.pl\/index.php?rest_route=%2Fwp%2Fv2%2Fmedia&parent=12512"}],"curies":[{"name":"wp","href":"https:\/\/api.w.org\/{rel}","templated":true}]}}