{"id":12454,"date":"2020-04-27T12:35:39","date_gmt":"2020-04-27T12:35:39","guid":{"rendered":"http:\/\/wmzpn.pl\/?page_id=12454"},"modified":"2025-08-18T11:25:05","modified_gmt":"2025-08-18T11:25:05","slug":"constract-lubawa","status":"publish","type":"page","link":"https:\/\/wmzpn.pl\/?page_id=12454","title":{"rendered":"Constract Lubawa"},"content":{"rendered":"<div class=\"wpb-content-wrapper\"><p>[vc_row content_placement=&#8221;middle&#8221;][vc_column][vc_separator border_width=&#8221;2&#8243;][\/vc_column][\/vc_row][vc_row][vc_column width=&#8221;1\/3&#8243;][vc_raw_html]JTVCd3BkcmVhbXNfYWpheHNlYXJjaGxpdGUlNUQ=[\/vc_raw_html][vc_raw_html]JTVCaWtzX21lbnUlMjBpZCUzRCUyMjEyMDE4JTIyJTVE[\/vc_raw_html][\/vc_column][vc_column width=&#8221;1\/3&#8243;][vc_single_image image=&#8221;40598&#8243; img_size=&#8221;full&#8221;][vc_text_separator title=&#8221;pobierz herb&#8221;][vc_row_inner][vc_column_inner width=&#8221;1\/2&#8243;][vc_btn title=&#8221;png&#8221; align=&#8221;center&#8221; button_block=&#8221;true&#8221; link=&#8221;url:https%3A%2F%2Fwmzpn.pl%2Fwp-content%2Fuploads%2F2024%2F05%2FConstract_logo-nowe-kolor.png|target:_blank&#8221;][\/vc_column_inner][\/vc_row_inner][vc_separator][vc_wp_text]<strong>Hala Widowiskowo-Sportowa w Lubawie<\/strong><\/p>\n<p><strong>adres:<\/strong> ul. \u015awi\u0119tej Barbary 45, 14-260 Lubawa<\/p>\n<p><strong>pojemno\u015b\u0107: &#8211;<\/strong><\/p>\n<p><strong>wymiar boiska: <\/strong>&#8211;<\/p>\n<p><strong>o\u015bwietlenie: <\/strong>tak[\/vc_wp_text][vc_single_image image=&#8221;24793&#8243; img_size=&#8221;full&#8221;][\/vc_column][vc_column width=&#8221;1\/3&#8243;][vc_wp_text]<strong>KS Constract Lubawa<\/strong><\/p>\n<p><strong>barwy:\u00a0<\/strong>czerwono-niebieskie<\/p>\n<p><strong>rok za\u0142o\u017cenia:\u00a0<\/strong>2013<\/p>\n<p><strong>adres:\u00a0<\/strong>Wa\u0142dyki 23A, 14-229 Ro\u017cental<\/p>\n<p><strong>e-mail:\u00a0<\/strong>constractlubawa@wmzpn.pl<\/p>\n<p><strong>Prezes:<\/strong>Tomasz Pi\u0105tkowski[\/vc_wp_text][vc_wp_text]<strong>Media klubu:<\/strong><\/p>\n<p><a href=\"http:\/\/ksconstract.pl\/?fbclid=IwAR2LPi0jIcMOx6OAqcR_8Wo9kRgS7VyXnRD8CekcmLhYbgjf9wMQh3KYM18\" target=\"_blank\" rel=\"noopener noreferrer\"><img loading=\"lazy\" decoding=\"async\" class=\"alignnone wp-image-12842\" src=\"http:\/\/wmzpn.pl\/wp-content\/uploads\/2020\/04\/seo-sem.png\" alt=\"\" width=\"35\" height=\"35\" \/><\/a>\u00a0 <a href=\"https:\/\/www.facebook.com\/ksconstract\/\" target=\"_blank\" rel=\"noopener noreferrer\"><img loading=\"lazy\" decoding=\"async\" class=\"alignnone wp-image-12846\" src=\"http:\/\/wmzpn.pl\/wp-content\/uploads\/2020\/04\/facebook2.png\" alt=\"\" width=\"35\" height=\"35\" \/><\/a>\u00a0 <a href=\"https:\/\/www.instagram.com\/ksconstract\/?hl=pl\" target=\"_blank\" rel=\"noopener noreferrer\"><img loading=\"lazy\" decoding=\"async\" class=\"alignnone wp-image-12845\" src=\"http:\/\/wmzpn.pl\/wp-content\/uploads\/2020\/04\/logos2.png\" alt=\"\" width=\"35\" height=\"35\" \/><\/a>\u00a0 <a href=\"https:\/\/twitter.com\/ksconstract?lang=pl\" target=\"_blank\" rel=\"noopener noreferrer\"><img loading=\"lazy\" decoding=\"async\" class=\"alignnone wp-image-12843\" src=\"http:\/\/wmzpn.pl\/wp-content\/uploads\/2020\/04\/windows-media-audio.png\" alt=\"\" width=\"35\" height=\"35\" \/><\/a>\u00a0 <a href=\"https:\/\/www.youtube.com\/channel\/UCjlIgpFA9-NJ5N7LZX9PZPg\" target=\"_blank\" rel=\"noopener noreferrer\"><img loading=\"lazy\" decoding=\"async\" class=\"alignnone wp-image-12844\" src=\"http:\/\/wmzpn.pl\/wp-content\/uploads\/2020\/04\/youtube1.png\" alt=\"\" width=\"35\" height=\"35\" \/><\/a>[\/vc_wp_text][vc_separator][vc_gmaps link=&#8221;#E-8_JTNDaWZyYW1lJTIwc3JjJTNEJTIyaHR0cHMlM0ElMkYlMkZ3d3cuZ29vZ2xlLmNvbSUyRm1hcHMlMkZlbWJlZCUzRnBiJTNEJTIxMW0xOCUyMTFtMTIlMjExbTMlMjExZDI1MzIuMzQ1MjEyNTU2NDIxMyUyMTJkMTkuNzQwOTc2Mjg3OTc0ODUlMjEzZDUzLjUwMzg0NzU0NDY3NzI2NCUyMTJtMyUyMTFmMCUyMTJmMCUyMTNmMCUyMTNtMiUyMTFpMTAyNCUyMTJpNzY4JTIxNGYxMy4xJTIxM20zJTIxMW0yJTIxMXMweDQ3MWQ2Y2QwNDI0ZGMwODElMjUzQTB4MWI3MjRjMmU3NDI4YzNlMyUyMTJzSGFsYSUyNTIwV2lkb3dpc2tvd28tU3BvcnRvd2ElMjUyME9TaVIlMjE1ZTAlMjEzbTIlMjExc3BsJTIxMnNwbCUyMTR2MTU5MDQwODQ3NjA4MSUyMTVtMiUyMTFzcGwlMjEyc3BsJTIyJTIwd2lkdGglM0QlMjI2MDAlMjIlMjBoZWlnaHQlM0QlMjI0NTAlMjIlMjBmcmFtZWJvcmRlciUzRCUyMjAlMjIlMjBzdHlsZSUzRCUyMmJvcmRlciUzQTAlM0IlMjIlMjBhbGxvd2Z1bGxzY3JlZW4lM0QlMjIlMjIlMjBhcmlhLWhpZGRlbiUzRCUyMmZhbHNlJTIyJTIwdGFiaW5kZXglM0QlMjIwJTIyJTNFJTNDJTJGaWZyYW1lJTNF&#8221; size=&#8221;365&#8243;][vc_message]<strong>Dane nieaktualne?<\/strong><br \/>\nNapisz do nas na email: <a href=\"mailto:kamil.zawalich@wmzpn.pl\"><span style=\"color: #56b0ee;\">kamil.zawalich@wmzpn.pl<\/span><\/a><br \/>\ni daj zna\u0107 co nale\u017cy poprawi\u0107![\/vc_message][\/vc_column][\/vc_row][vc_row][vc_column][vc_zigzag][\/vc_column][\/vc_row]<\/p>\n<\/div>","protected":false},"excerpt":{"rendered":"<p>[vc_row content_placement=&#8221;middle&#8221;][vc_column][vc_separator border_width=&#8221;2&#8243;][\/vc_column][\/vc_row][vc_row][vc_column width=&#8221;1\/3&#8243;][vc_raw_html]JTVCd3BkcmVhbXNfYWpheHNlYXJjaGxpdGUlNUQ=[\/vc_raw_html][vc_raw_html]JTVCaWtzX21lbnUlMjBpZCUzRCUyMjEyMDE4JTIyJTVE[\/vc_raw_html][\/vc_column][vc_column width=&#8221;1\/3&#8243;][vc_single_image image=&#8221;40598&#8243; img_size=&#8221;full&#8221;][vc_text_separator title=&#8221;pobierz herb&#8221;][vc_row_inner][vc_column_inner width=&#8221;1\/2&#8243;][vc_btn title=&#8221;png&#8221; align=&#8221;center&#8221; button_block=&#8221;true&#8221; link=&#8221;url:https%3A%2F%2Fwmzpn.pl%2Fwp-content%2Fuploads%2F2024%2F05%2FConstract_logo-nowe-kolor.png|target:_blank&#8221;][\/vc_column_inner][\/vc_row_inner][vc_separator][vc_wp_text]Hala Widowiskowo-Sportowa w Lubawie adres: ul. \u015awi\u0119tej Barbary 45, 14-260 Lubawa pojemno\u015b\u0107: &#8211; wymiar boiska: &#8211; o\u015bwietlenie: tak[\/vc_wp_text][vc_single_image image=&#8221;24793&#8243; img_size=&#8221;full&#8221;][\/vc_column][vc_column width=&#8221;1\/3&#8243;][vc_wp_text]KS Constract Lubawa barwy:\u00a0czerwono-niebieskie rok za\u0142o\u017cenia:\u00a02013 adres:\u00a0Wa\u0142dyki 23A, 14-229 Ro\u017cental e-mail:\u00a0constractlubawa@wmzpn.pl Prezes:Tomasz Pi\u0105tkowski[\/vc_wp_text][vc_wp_text]Media klubu: \u00a0 \u00a0 \u00a0 \u00a0 [\/vc_wp_text][vc_separator][vc_gmaps link=&#8221;#E-8_JTNDaWZyYW1lJTIwc3JjJTNEJTIyaHR0cHMlM0ElMkYlMkZ3d3cuZ29vZ2xlLmNvbSUyRm1hcHMlMkZlbWJlZCUzRnBiJTNEJTIxMW0xOCUyMTFtMTIlMjExbTMlMjExZDI1MzIuMzQ1MjEyNTU2NDIxMyUyMTJkMTkuNzQwOTc2Mjg3OTc0ODUlMjEzZDUzLjUwMzg0NzU0NDY3NzI2NCUyMTJtMyUyMTFmMCUyMTJmMCUyMTNmMCUyMTNtMiUyMTFpMTAyNCUyMTJpNzY4JTIxNGYxMy4xJTIxM20zJTIxMW0yJTIxMXMweDQ3MWQ2Y2QwNDI0ZGMwODElMjUzQTB4MWI3MjRjMmU3NDI4YzNlMyUyMTJzSGFsYSUyNTIwV2lkb3dpc2tvd28tU3BvcnRvd2ElMjUyME9TaVIlMjE1ZTAlMjEzbTIlMjExc3BsJTIxMnNwbCUyMTR2MTU5MDQwODQ3NjA4MSUyMTVtMiUyMTFzcGwlMjEyc3BsJTIyJTIwd2lkdGglM0QlMjI2MDAlMjIlMjBoZWlnaHQlM0QlMjI0NTAlMjIlMjBmcmFtZWJvcmRlciUzRCUyMjAlMjIlMjBzdHlsZSUzRCUyMmJvcmRlciUzQTAlM0IlMjIlMjBhbGxvd2Z1bGxzY3JlZW4lM0QlMjIlMjIlMjBhcmlhLWhpZGRlbiUzRCUyMmZhbHNlJTIyJTIwdGFiaW5kZXglM0QlMjIwJTIyJTNFJTNDJTJGaWZyYW1lJTNF&#8221; size=&#8221;365&#8243;][vc_message]Dane nieaktualne? [&hellip;]<\/p>\n","protected":false},"author":3,"featured_media":0,"parent":0,"menu_order":0,"comment_status":"closed","ping_status":"closed","template":"","meta":{"footnotes":""},"class_list":["post-12454","page","type-page","status-publish","hentry"],"_links":{"self":[{"href":"https:\/\/wmzpn.pl\/index.php?rest_route=\/wp\/v2\/pages\/12454","targetHints":{"allow":["GET"]}}],"collection":[{"href":"https:\/\/wmzpn.pl\/index.php?rest_route=\/wp\/v2\/pages"}],"about":[{"href":"https:\/\/wmzpn.pl\/index.php?rest_route=\/wp\/v2\/types\/page"}],"author":[{"embeddable":true,"href":"https:\/\/wmzpn.pl\/index.php?rest_route=\/wp\/v2\/users\/3"}],"replies":[{"embeddable":true,"href":"https:\/\/wmzpn.pl\/index.php?rest_route=%2Fwp%2Fv2%2Fcomments&post=12454"}],"version-history":[{"count":13,"href":"https:\/\/wmzpn.pl\/index.php?rest_route=\/wp\/v2\/pages\/12454\/revisions"}],"predecessor-version":[{"id":46581,"href":"https:\/\/wmzpn.pl\/index.php?rest_route=\/wp\/v2\/pages\/12454\/revisions\/46581"}],"wp:attachment":[{"href":"https:\/\/wmzpn.pl\/index.php?rest_route=%2Fwp%2Fv2%2Fmedia&parent=12454"}],"curies":[{"name":"wp","href":"https:\/\/api.w.org\/{rel}","templated":true}]}}