{"id":12442,"date":"2020-04-27T12:33:37","date_gmt":"2020-04-27T12:33:37","guid":{"rendered":"http:\/\/wmzpn.pl\/?page_id=12442"},"modified":"2025-08-18T09:18:01","modified_gmt":"2025-08-18T09:18:01","slug":"osa-zabrowo","status":"publish","type":"page","link":"https:\/\/wmzpn.pl\/?page_id=12442","title":{"rendered":"Osa Z\u0105browo"},"content":{"rendered":"<div class=\"wpb-content-wrapper\"><p>[vc_row content_placement=&#8221;middle&#8221;][vc_column][vc_separator border_width=&#8221;2&#8243;][\/vc_column][\/vc_row][vc_row][vc_column width=&#8221;1\/3&#8243;][vc_raw_html]JTVCd3BkcmVhbXNfYWpheHNlYXJjaGxpdGUlNUQ=[\/vc_raw_html][vc_raw_html]JTVCaWtzX21lbnUlMjBpZCUzRCUyMjEyMDE4JTIyJTVE[\/vc_raw_html][\/vc_column][vc_column width=&#8221;1\/3&#8243;][vc_single_image image=&#8221;14003&#8243; img_size=&#8221;full&#8221;][vc_text_separator title=&#8221;pobierz herb&#8221;][vc_row_inner][vc_column_inner width=&#8221;1\/2&#8243;][vc_btn title=&#8221;png&#8221; align=&#8221;center&#8221; button_block=&#8221;true&#8221; link=&#8221;url:http%3A%2F%2Fwmzpn.pl%2Fwp-content%2Fuploads%2F2020%2F05%2Fosa-zabrowo.png||target:%20_blank|&#8221;][\/vc_column_inner][vc_column_inner width=&#8221;1\/2&#8243;][vc_btn title=&#8221;jpg&#8221; align=&#8221;center&#8221; button_block=&#8221;true&#8221; link=&#8221;url:http%3A%2F%2Fwmzpn.pl%2Fwp-content%2Fuploads%2F2020%2F05%2Fosa-zabrowo.jpg||target:%20_blank|&#8221;][\/vc_column_inner][\/vc_row_inner][vc_separator][vc_wp_text]<strong>Stadion Wiejski w Z\u0105browie<\/strong><\/p>\n<p><strong>adres: <\/strong>Z\u0105browo 43A,\u00a014-241 Z\u0105browo<\/p>\n<p><strong>pojemno\u015b\u0107:\u00a0<\/strong>400 miejsc<\/p>\n<p><strong>wymiar boiska:\u00a0<\/strong>102&#215;62 m<\/p>\n<p><strong>o\u015bwietlenie:\u00a0<\/strong>brak[\/vc_wp_text][\/vc_column][vc_column width=&#8221;1\/3&#8243;][vc_wp_text]<strong>LZS Osa Z\u0105browo<\/strong><\/p>\n<p><strong>barwy:\u00a0<\/strong>\u017c\u00f3\u0142to-czarne<\/p>\n<p><strong>rok za\u0142o\u017cenia:\u00a0<\/strong>1996<\/p>\n<p><strong>adres:\u00a0<\/strong>Sportowa 2\/9, 14-220 Kisielice<\/p>\n<p><strong>e-mail:\u00a0<\/strong>osazabrowo@wmzpn.pl<\/p>\n<p><strong>Prezes:\u00a0<\/strong>Marta Pisarczyk[\/vc_wp_text][vc_wp_text]<strong>Media klubu: <\/strong>\u00a0 <a href=\"https:\/\/www.facebook.com\/OsaZabrowoFanPage\/\" target=\"_blank\" rel=\"noopener noreferrer\"><img loading=\"lazy\" decoding=\"async\" class=\"alignnone wp-image-12846\" src=\"http:\/\/wmzpn.pl\/wp-content\/uploads\/2020\/04\/facebook2.png\" alt=\"\" width=\"35\" height=\"35\" \/><\/a>[\/vc_wp_text][vc_separator][vc_gmaps link=&#8221;#E-8_JTNDaWZyYW1lJTIwc3JjJTNEJTIyaHR0cHMlM0ElMkYlMkZ3d3cuZ29vZ2xlLmNvbSUyRm1hcHMlMkZlbWJlZCUzRnBiJTNEJTIxMW0xOCUyMTFtMTIlMjExbTMlMjExZDIzNjUuNTY4MDM4MTYyMTQ4MiUyMTJkMTkuNDUyNDg5MjE1NzQxODclMjEzZDUzLjYzNjg0Mjk4MDA0MDk4JTIxMm0zJTIxMWYwJTIxMmYwJTIxM2YwJTIxM20yJTIxMWkxMDI0JTIxMmk3NjglMjE0ZjEzLjElMjEzbTMlMjExbTIlMjExczB4NDcxZDQ0MmIwNzg3YTY0MSUyNTNBMHg2ZmIwNmVkOGMwYTExNzA5JTIxMnNTdGFkaW9uJTI1MjBPc3klMjUyMFolMjVDNCUyNTg1YnJvd28lMjE1ZTAlMjEzbTIlMjExc3BsJTIxMnNwbCUyMTR2MTU4OTk3Mzk0NjY5OCUyMTVtMiUyMTFzcGwlMjEyc3BsJTIyJTIwd2lkdGglM0QlMjI2MDAlMjIlMjBoZWlnaHQlM0QlMjI0NTAlMjIlMjBmcmFtZWJvcmRlciUzRCUyMjAlMjIlMjBzdHlsZSUzRCUyMmJvcmRlciUzQTAlM0IlMjIlMjBhbGxvd2Z1bGxzY3JlZW4lM0QlMjIlMjIlMjBhcmlhLWhpZGRlbiUzRCUyMmZhbHNlJTIyJTIwdGFiaW5kZXglM0QlMjIwJTIyJTNFJTNDJTJGaWZyYW1lJTNF&#8221; size=&#8221;300&#8243;][vc_message]<strong>Dane nieaktualne?<\/strong><br \/>\nNapisz do nas na email: <a href=\"mailto:kamil.zawalich@wmzpn.pl\"><span style=\"color: #56b0ee;\">kamil.zawalich@wmzpn.pl<\/span><\/a><br \/>\ni daj zna\u0107 co nale\u017cy poprawi\u0107![\/vc_message][\/vc_column][\/vc_row][vc_row][vc_column][vc_zigzag][\/vc_column][\/vc_row]<\/p>\n<\/div>","protected":false},"excerpt":{"rendered":"<p>[vc_row content_placement=&#8221;middle&#8221;][vc_column][vc_separator border_width=&#8221;2&#8243;][\/vc_column][\/vc_row][vc_row][vc_column width=&#8221;1\/3&#8243;][vc_raw_html]JTVCd3BkcmVhbXNfYWpheHNlYXJjaGxpdGUlNUQ=[\/vc_raw_html][vc_raw_html]JTVCaWtzX21lbnUlMjBpZCUzRCUyMjEyMDE4JTIyJTVE[\/vc_raw_html][\/vc_column][vc_column width=&#8221;1\/3&#8243;][vc_single_image image=&#8221;14003&#8243; img_size=&#8221;full&#8221;][vc_text_separator title=&#8221;pobierz herb&#8221;][vc_row_inner][vc_column_inner width=&#8221;1\/2&#8243;][vc_btn title=&#8221;png&#8221; align=&#8221;center&#8221; button_block=&#8221;true&#8221; link=&#8221;url:http%3A%2F%2Fwmzpn.pl%2Fwp-content%2Fuploads%2F2020%2F05%2Fosa-zabrowo.png||target:%20_blank|&#8221;][\/vc_column_inner][vc_column_inner width=&#8221;1\/2&#8243;][vc_btn title=&#8221;jpg&#8221; align=&#8221;center&#8221; button_block=&#8221;true&#8221; link=&#8221;url:http%3A%2F%2Fwmzpn.pl%2Fwp-content%2Fuploads%2F2020%2F05%2Fosa-zabrowo.jpg||target:%20_blank|&#8221;][\/vc_column_inner][\/vc_row_inner][vc_separator][vc_wp_text]Stadion Wiejski w Z\u0105browie adres: Z\u0105browo 43A,\u00a014-241 Z\u0105browo pojemno\u015b\u0107:\u00a0400 miejsc wymiar boiska:\u00a0102&#215;62 m o\u015bwietlenie:\u00a0brak[\/vc_wp_text][\/vc_column][vc_column width=&#8221;1\/3&#8243;][vc_wp_text]LZS Osa Z\u0105browo barwy:\u00a0\u017c\u00f3\u0142to-czarne rok za\u0142o\u017cenia:\u00a01996 adres:\u00a0Sportowa 2\/9, 14-220 Kisielice e-mail:\u00a0osazabrowo@wmzpn.pl Prezes:\u00a0Marta Pisarczyk[\/vc_wp_text][vc_wp_text]Media klubu: \u00a0 [\/vc_wp_text][vc_separator][vc_gmaps link=&#8221;#E-8_JTNDaWZyYW1lJTIwc3JjJTNEJTIyaHR0cHMlM0ElMkYlMkZ3d3cuZ29vZ2xlLmNvbSUyRm1hcHMlMkZlbWJlZCUzRnBiJTNEJTIxMW0xOCUyMTFtMTIlMjExbTMlMjExZDIzNjUuNTY4MDM4MTYyMTQ4MiUyMTJkMTkuNDUyNDg5MjE1NzQxODclMjEzZDUzLjYzNjg0Mjk4MDA0MDk4JTIxMm0zJTIxMWYwJTIxMmYwJTIxM2YwJTIxM20yJTIxMWkxMDI0JTIxMmk3NjglMjE0ZjEzLjElMjEzbTMlMjExbTIlMjExczB4NDcxZDQ0MmIwNzg3YTY0MSUyNTNBMHg2ZmIwNmVkOGMwYTExNzA5JTIxMnNTdGFkaW9uJTI1MjBPc3klMjUyMFolMjVDNCUyNTg1YnJvd28lMjE1ZTAlMjEzbTIlMjExc3BsJTIxMnNwbCUyMTR2MTU4OTk3Mzk0NjY5OCUyMTVtMiUyMTFzcGwlMjEyc3BsJTIyJTIwd2lkdGglM0QlMjI2MDAlMjIlMjBoZWlnaHQlM0QlMjI0NTAlMjIlMjBmcmFtZWJvcmRlciUzRCUyMjAlMjIlMjBzdHlsZSUzRCUyMmJvcmRlciUzQTAlM0IlMjIlMjBhbGxvd2Z1bGxzY3JlZW4lM0QlMjIlMjIlMjBhcmlhLWhpZGRlbiUzRCUyMmZhbHNlJTIyJTIwdGFiaW5kZXglM0QlMjIwJTIyJTNFJTNDJTJGaWZyYW1lJTNF&#8221; size=&#8221;300&#8243;][vc_message]Dane nieaktualne? Napisz do nas na [&hellip;]<\/p>\n","protected":false},"author":3,"featured_media":14003,"parent":0,"menu_order":0,"comment_status":"closed","ping_status":"closed","template":"","meta":{"footnotes":""},"class_list":["post-12442","page","type-page","status-publish","has-post-thumbnail","hentry"],"_links":{"self":[{"href":"https:\/\/wmzpn.pl\/index.php?rest_route=\/wp\/v2\/pages\/12442","targetHints":{"allow":["GET"]}}],"collection":[{"href":"https:\/\/wmzpn.pl\/index.php?rest_route=\/wp\/v2\/pages"}],"about":[{"href":"https:\/\/wmzpn.pl\/index.php?rest_route=\/wp\/v2\/types\/page"}],"author":[{"embeddable":true,"href":"https:\/\/wmzpn.pl\/index.php?rest_route=\/wp\/v2\/users\/3"}],"replies":[{"embeddable":true,"href":"https:\/\/wmzpn.pl\/index.php?rest_route=%2Fwp%2Fv2%2Fcomments&post=12442"}],"version-history":[{"count":10,"href":"https:\/\/wmzpn.pl\/index.php?rest_route=\/wp\/v2\/pages\/12442\/revisions"}],"predecessor-version":[{"id":46496,"href":"https:\/\/wmzpn.pl\/index.php?rest_route=\/wp\/v2\/pages\/12442\/revisions\/46496"}],"wp:featuredmedia":[{"embeddable":true,"href":"https:\/\/wmzpn.pl\/index.php?rest_route=\/wp\/v2\/media\/14003"}],"wp:attachment":[{"href":"https:\/\/wmzpn.pl\/index.php?rest_route=%2Fwp%2Fv2%2Fmedia&parent=12442"}],"curies":[{"name":"wp","href":"https:\/\/api.w.org\/{rel}","templated":true}]}}