{"id":12364,"date":"2020-04-27T12:18:08","date_gmt":"2020-04-27T12:18:08","guid":{"rendered":"http:\/\/wmzpn.pl\/?page_id=12364"},"modified":"2025-08-18T08:59:51","modified_gmt":"2025-08-18T08:59:51","slug":"gks-kozlowo","status":"publish","type":"page","link":"https:\/\/wmzpn.pl\/?page_id=12364","title":{"rendered":"GKS Colet Koz\u0142owo"},"content":{"rendered":"<div class=\"wpb-content-wrapper\"><p>[vc_row content_placement=&#8221;middle&#8221;][vc_column][vc_separator border_width=&#8221;2&#8243;][\/vc_column][\/vc_row][vc_row][vc_column width=&#8221;1\/3&#8243;][vc_raw_html]JTVCd3BkcmVhbXNfYWpheHNlYXJjaGxpdGUlNUQ=[\/vc_raw_html][vc_raw_html]JTVCaWtzX21lbnUlMjBpZCUzRCUyMjEyMDE4JTIyJTVE[\/vc_raw_html][\/vc_column][vc_column width=&#8221;1\/3&#8243;][vc_single_image image=&#8221;45851&#8243; img_size=&#8221;full&#8221;][vc_text_separator title=&#8221;pobierz herb&#8221;][vc_row_inner][vc_column_inner width=&#8221;1\/2&#8243;][vc_btn title=&#8221;png&#8221; align=&#8221;center&#8221; button_block=&#8221;true&#8221; link=&#8221;url:https%3A%2F%2Fwmzpn.pl%2Fwp-content%2Fuploads%2F2025%2F06%2Fcolet-kozlowo.png|target:_blank&#8221;][\/vc_column_inner][vc_column_inner width=&#8221;1\/2&#8243;][vc_btn title=&#8221;jpg&#8221; align=&#8221;center&#8221; button_block=&#8221;true&#8221; link=&#8221;url:http%3A%2F%2Fwmzpn.pl%2Fwp-content%2Fuploads%2F2023%2F03%2FHerb-Colet-final-1.jpg|target:_blank&#8221;][\/vc_column_inner][\/vc_row_inner][vc_separator][vc_wp_text]<strong>Boisko Gminne w Koz\u0142owie<\/strong><\/p>\n<p><strong>adres:\u00a0<\/strong>ul. Sportowa 8, 13-124 Koz\u0142owo<\/p>\n<p><strong>pojemno\u015b\u0107:\u00a0<\/strong>700 miejsc<\/p>\n<p><strong>wymiar boiska:\u00a0<\/strong>100&#215;60 m<\/p>\n<p><strong>o\u015bwietlenie:\u00a0<\/strong>brak[\/vc_wp_text][\/vc_column][vc_column width=&#8221;1\/3&#8243;][vc_wp_text]<strong>GKS Colet Koz\u0142owo<\/strong><\/p>\n<p><strong>barwy:\u00a0<\/strong><\/p>\n<p><strong>rok za\u0142o\u017cenia:\u00a0<\/strong>2004<\/p>\n<p><strong>adres:\u00a0<\/strong>ul. Nidzicka 31, 13-124 Koz\u0142owo<\/p>\n<p><strong>e-mail:\u00a0<\/strong>gminakozlowo@wmzpn.pl<\/p>\n<p><strong>Prezes: <\/strong>Piotr R\u00f3lka[\/vc_wp_text][vc_wp_text]<strong>Media klubu:\u00a0 \u00a0<\/strong><a href=\"https:\/\/www.facebook.com\/GksKozlowo\/\" target=\"_blank\" rel=\"noopener noreferrer\"><img loading=\"lazy\" decoding=\"async\" class=\"alignnone wp-image-12846\" src=\"http:\/\/wmzpn.pl\/wp-content\/uploads\/2020\/04\/facebook2.png\" alt=\"\" width=\"35\" height=\"35\" \/><\/a>[\/vc_wp_text][vc_separator][vc_gmaps link=&#8221;#E-8_JTNDaWZyYW1lJTIwc3JjJTNEJTIyaHR0cHMlM0ElMkYlMkZ3d3cuZ29vZ2xlLmNvbSUyRm1hcHMlMkZlbWJlZCUzRnBiJTNEJTIxMW0xOCUyMTFtMTIlMjExbTMlMjExZDIzODIuNDYxMzk1MjI5NTc1JTIxMmQyMC4yNzgzMDM1NTI3OTQ4MjQlMjEzZDUzLjI5NTczOTE0NTMyMDM2JTIxMm0zJTIxMWYwJTIxMmYwJTIxM2YwJTIxM20yJTIxMWkxMDI0JTIxMmk3NjglMjE0ZjEzLjElMjEzbTMlMjExbTIlMjExczB4NDcxZGJiNDQ4NmIxNTgzYiUyNTNBMHhkNDYxMWVlNzExMDc1NzRjJTIxMnNTdGFkaW9uJTIxNWUwJTIxM20yJTIxMXNwbCUyMTJzcGwlMjE0djE1ODk3OTE3NDM1OTYlMjE1bTIlMjExc3BsJTIxMnNwbCUyMiUyMHdpZHRoJTNEJTIyNjAwJTIyJTIwaGVpZ2h0JTNEJTIyNDUwJTIyJTIwZnJhbWVib3JkZXIlM0QlMjIwJTIyJTIwc3R5bGUlM0QlMjJib3JkZXIlM0EwJTNCJTIyJTIwYWxsb3dmdWxsc2NyZWVuJTNEJTIyJTIyJTIwYXJpYS1oaWRkZW4lM0QlMjJmYWxzZSUyMiUyMHRhYmluZGV4JTNEJTIyMCUyMiUzRSUzQyUyRmlmcmFtZSUzRQ==&#8221; size=&#8221;300&#8243;][vc_message]<strong>Dane nieaktualne?<\/strong><br \/>\nNapisz do nas na email: <a href=\"mailto:kamil.zawalich@wmzpn.pl\"><span style=\"color: #56b0ee;\">kamil.zawalich@wmzpn.pl<\/span><\/a><br \/>\ni daj zna\u0107 co nale\u017cy poprawi\u0107![\/vc_message][\/vc_column][\/vc_row][vc_row][vc_column][vc_zigzag][\/vc_column][\/vc_row]<\/p>\n<\/div>","protected":false},"excerpt":{"rendered":"<p>[vc_row content_placement=&#8221;middle&#8221;][vc_column][vc_separator border_width=&#8221;2&#8243;][\/vc_column][\/vc_row][vc_row][vc_column width=&#8221;1\/3&#8243;][vc_raw_html]JTVCd3BkcmVhbXNfYWpheHNlYXJjaGxpdGUlNUQ=[\/vc_raw_html][vc_raw_html]JTVCaWtzX21lbnUlMjBpZCUzRCUyMjEyMDE4JTIyJTVE[\/vc_raw_html][\/vc_column][vc_column width=&#8221;1\/3&#8243;][vc_single_image image=&#8221;45851&#8243; img_size=&#8221;full&#8221;][vc_text_separator title=&#8221;pobierz herb&#8221;][vc_row_inner][vc_column_inner width=&#8221;1\/2&#8243;][vc_btn title=&#8221;png&#8221; align=&#8221;center&#8221; button_block=&#8221;true&#8221; link=&#8221;url:https%3A%2F%2Fwmzpn.pl%2Fwp-content%2Fuploads%2F2025%2F06%2Fcolet-kozlowo.png|target:_blank&#8221;][\/vc_column_inner][vc_column_inner width=&#8221;1\/2&#8243;][vc_btn title=&#8221;jpg&#8221; align=&#8221;center&#8221; button_block=&#8221;true&#8221; link=&#8221;url:http%3A%2F%2Fwmzpn.pl%2Fwp-content%2Fuploads%2F2023%2F03%2FHerb-Colet-final-1.jpg|target:_blank&#8221;][\/vc_column_inner][\/vc_row_inner][vc_separator][vc_wp_text]Boisko Gminne w Koz\u0142owie adres:\u00a0ul. Sportowa 8, 13-124 Koz\u0142owo pojemno\u015b\u0107:\u00a0700 miejsc wymiar boiska:\u00a0100&#215;60 m o\u015bwietlenie:\u00a0brak[\/vc_wp_text][\/vc_column][vc_column width=&#8221;1\/3&#8243;][vc_wp_text]GKS Colet Koz\u0142owo barwy:\u00a0 rok za\u0142o\u017cenia:\u00a02004 adres:\u00a0ul. Nidzicka 31, 13-124 Koz\u0142owo e-mail:\u00a0gminakozlowo@wmzpn.pl Prezes: Piotr R\u00f3lka[\/vc_wp_text][vc_wp_text]Media klubu:\u00a0 \u00a0[\/vc_wp_text][vc_separator][vc_gmaps link=&#8221;#E-8_JTNDaWZyYW1lJTIwc3JjJTNEJTIyaHR0cHMlM0ElMkYlMkZ3d3cuZ29vZ2xlLmNvbSUyRm1hcHMlMkZlbWJlZCUzRnBiJTNEJTIxMW0xOCUyMTFtMTIlMjExbTMlMjExZDIzODIuNDYxMzk1MjI5NTc1JTIxMmQyMC4yNzgzMDM1NTI3OTQ4MjQlMjEzZDUzLjI5NTczOTE0NTMyMDM2JTIxMm0zJTIxMWYwJTIxMmYwJTIxM2YwJTIxM20yJTIxMWkxMDI0JTIxMmk3NjglMjE0ZjEzLjElMjEzbTMlMjExbTIlMjExczB4NDcxZGJiNDQ4NmIxNTgzYiUyNTNBMHhkNDYxMWVlNzExMDc1NzRjJTIxMnNTdGFkaW9uJTIxNWUwJTIxM20yJTIxMXNwbCUyMTJzcGwlMjE0djE1ODk3OTE3NDM1OTYlMjE1bTIlMjExc3BsJTIxMnNwbCUyMiUyMHdpZHRoJTNEJTIyNjAwJTIyJTIwaGVpZ2h0JTNEJTIyNDUwJTIyJTIwZnJhbWVib3JkZXIlM0QlMjIwJTIyJTIwc3R5bGUlM0QlMjJib3JkZXIlM0EwJTNCJTIyJTIwYWxsb3dmdWxsc2NyZWVuJTNEJTIyJTIyJTIwYXJpYS1oaWRkZW4lM0QlMjJmYWxzZSUyMiUyMHRhYmluZGV4JTNEJTIyMCUyMiUzRSUzQyUyRmlmcmFtZSUzRQ==&#8221; size=&#8221;300&#8243;][vc_message]Dane nieaktualne? Napisz do [&hellip;]<\/p>\n","protected":false},"author":3,"featured_media":35225,"parent":0,"menu_order":0,"comment_status":"closed","ping_status":"closed","template":"","meta":{"footnotes":""},"class_list":["post-12364","page","type-page","status-publish","has-post-thumbnail","hentry"],"_links":{"self":[{"href":"https:\/\/wmzpn.pl\/index.php?rest_route=\/wp\/v2\/pages\/12364","targetHints":{"allow":["GET"]}}],"collection":[{"href":"https:\/\/wmzpn.pl\/index.php?rest_route=\/wp\/v2\/pages"}],"about":[{"href":"https:\/\/wmzpn.pl\/index.php?rest_route=\/wp\/v2\/types\/page"}],"author":[{"embeddable":true,"href":"https:\/\/wmzpn.pl\/index.php?rest_route=\/wp\/v2\/users\/3"}],"replies":[{"embeddable":true,"href":"https:\/\/wmzpn.pl\/index.php?rest_route=%2Fwp%2Fv2%2Fcomments&post=12364"}],"version-history":[{"count":13,"href":"https:\/\/wmzpn.pl\/index.php?rest_route=\/wp\/v2\/pages\/12364\/revisions"}],"predecessor-version":[{"id":46480,"href":"https:\/\/wmzpn.pl\/index.php?rest_route=\/wp\/v2\/pages\/12364\/revisions\/46480"}],"wp:featuredmedia":[{"embeddable":true,"href":"https:\/\/wmzpn.pl\/index.php?rest_route=\/wp\/v2\/media\/35225"}],"wp:attachment":[{"href":"https:\/\/wmzpn.pl\/index.php?rest_route=%2Fwp%2Fv2%2Fmedia&parent=12364"}],"curies":[{"name":"wp","href":"https:\/\/api.w.org\/{rel}","templated":true}]}}