{"id":12317,"date":"2020-04-27T12:08:27","date_gmt":"2020-04-27T12:08:27","guid":{"rendered":"http:\/\/wmzpn.pl\/?page_id=12317"},"modified":"2025-08-18T09:50:05","modified_gmt":"2025-08-18T09:50:05","slug":"zalew-frombork","status":"publish","type":"page","link":"https:\/\/wmzpn.pl\/?page_id=12317","title":{"rendered":"Zalew Frombork"},"content":{"rendered":"<div class=\"wpb-content-wrapper\"><p>[vc_row content_placement=&#8221;middle&#8221;][vc_column][vc_separator border_width=&#8221;2&#8243;][\/vc_column][\/vc_row][vc_row][vc_column width=&#8221;1\/3&#8243;][vc_raw_html]JTVCd3BkcmVhbXNfYWpheHNlYXJjaGxpdGUlNUQ=[\/vc_raw_html][vc_raw_html]JTVCaWtzX21lbnUlMjBpZCUzRCUyMjEyMDE4JTIyJTVE[\/vc_raw_html][\/vc_column][vc_column width=&#8221;1\/3&#8243;][vc_single_image image=&#8221;13507&#8243; img_size=&#8221;full&#8221;][vc_text_separator title=&#8221;pobierz herb&#8221;][vc_row_inner][vc_column_inner width=&#8221;1\/2&#8243;][vc_btn title=&#8221;png&#8221; align=&#8221;center&#8221; button_block=&#8221;true&#8221; link=&#8221;url:http%3A%2F%2Fwmzpn.pl%2Fwp-content%2Fuploads%2F2020%2F05%2Fzalew-frombork.png||target:%20_blank|&#8221;][\/vc_column_inner][vc_column_inner width=&#8221;1\/2&#8243;][vc_btn title=&#8221;jpg&#8221; align=&#8221;center&#8221; button_block=&#8221;true&#8221; link=&#8221;url:http%3A%2F%2Fwmzpn.pl%2Fwp-content%2Fuploads%2F2020%2F05%2Fzalew-frombork.jpg||target:%20_blank|&#8221;][\/vc_column_inner][\/vc_row_inner][vc_separator][vc_wp_text]<strong>Stadion Pi\u0142karski we Fromborku<\/strong><\/p>\n<p><strong>adres:\u00a0<\/strong>ul. M\u0142ynarska 32, 14-530 Frombork<\/p>\n<p><strong>pojemno\u015b\u0107:\u00a0<\/strong>198 miejsc<\/p>\n<p><strong>wymiar boiska: <\/strong>104&#215;64 m<\/p>\n<p><strong>o\u015bwietlenie:\u00a0<\/strong>brak[\/vc_wp_text][\/vc_column][vc_column width=&#8221;1\/3&#8243;][vc_wp_text]<strong>KS Zalew Frombork<\/strong><\/p>\n<p><strong>barwy: <\/strong>bia\u0142o-niebieskie<\/p>\n<p><strong>rok za\u0142o\u017cenia:<\/strong><\/p>\n<p><strong>adres:\u00a0<\/strong>ul. Le\u015bna 28, 14-530 Frombork<\/p>\n<p><strong>e-mail:\u00a0<\/strong>zalewfrombork@wmzpn.pl<\/p>\n<p><strong>Prezes:\u00a0<\/strong>Micha\u0142 Blumerski[\/vc_wp_text][vc_wp_text]<strong>Media klubu: <\/strong>\u00a0 <a href=\"https:\/\/www.facebook.com\/Zalew-Frombork-165280546953593\/\" target=\"_blank\" rel=\"noopener noreferrer\"><img loading=\"lazy\" decoding=\"async\" class=\"alignnone wp-image-12846\" src=\"http:\/\/wmzpn.pl\/wp-content\/uploads\/2020\/04\/facebook2.png\" alt=\"\" width=\"35\" height=\"35\" \/><\/a>[\/vc_wp_text][vc_separator][vc_gmaps link=&#8221;#E-8_JTNDaWZyYW1lJTIwc3JjJTNEJTIyaHR0cHMlM0ElMkYlMkZ3d3cuZ29vZ2xlLmNvbSUyRm1hcHMlMkZlbWJlZCUzRnBiJTNEJTIxMW0xOCUyMTFtMTIlMjExbTMlMjExZDIzMjUuMzc4MzQ3MjY5MTc3JTIxMmQxOS42ODQzMjQyMTU3NzA4MDglMjEzZDU0LjM1MDI5NDk4MDIwMTY0JTIxMm0zJTIxMWYwJTIxMmYwJTIxM2YwJTIxM20yJTIxMWkxMDI0JTIxMmk3NjglMjE0ZjEzLjElMjEzbTMlMjExbTIlMjExczB4NDZlMmNkMGMzMTJhYjY3YiUyNTNBMHg0YWEyMzVmZDAzYmEwMjEwJTIxMnNTdGFkaW9uJTI1MjBaYWxld3UlMjUyMEZyb21ib3JrJTIxNWUwJTIxM20yJTIxMXNwbCUyMTJzcGwlMjE0djE1OTAzOTc2MjQxMTElMjE1bTIlMjExc3BsJTIxMnNwbCUyMiUyMHdpZHRoJTNEJTIyNjAwJTIyJTIwaGVpZ2h0JTNEJTIyNDUwJTIyJTIwZnJhbWVib3JkZXIlM0QlMjIwJTIyJTIwc3R5bGUlM0QlMjJib3JkZXIlM0EwJTNCJTIyJTIwYWxsb3dmdWxsc2NyZWVuJTNEJTIyJTIyJTIwYXJpYS1oaWRkZW4lM0QlMjJmYWxzZSUyMiUyMHRhYmluZGV4JTNEJTIyMCUyMiUzRSUzQyUyRmlmcmFtZSUzRQ==&#8221; size=&#8221;300&#8243;][vc_message]<strong>Dane nieaktualne?<\/strong><br \/>\nNapisz do nas na email: <a href=\"mailto:kamil.zawalich@wmzpn.pl\"><span style=\"color: #56b0ee;\">kamil.zawalich@wmzpn.pl<\/span><\/a><br \/>\ni daj zna\u0107 co nale\u017cy poprawi\u0107![\/vc_message][\/vc_column][\/vc_row][vc_row][vc_column][vc_zigzag][\/vc_column][\/vc_row]<\/p>\n<\/div>","protected":false},"excerpt":{"rendered":"<p>[vc_row content_placement=&#8221;middle&#8221;][vc_column][vc_separator border_width=&#8221;2&#8243;][\/vc_column][\/vc_row][vc_row][vc_column width=&#8221;1\/3&#8243;][vc_raw_html]JTVCd3BkcmVhbXNfYWpheHNlYXJjaGxpdGUlNUQ=[\/vc_raw_html][vc_raw_html]JTVCaWtzX21lbnUlMjBpZCUzRCUyMjEyMDE4JTIyJTVE[\/vc_raw_html][\/vc_column][vc_column width=&#8221;1\/3&#8243;][vc_single_image image=&#8221;13507&#8243; img_size=&#8221;full&#8221;][vc_text_separator title=&#8221;pobierz herb&#8221;][vc_row_inner][vc_column_inner width=&#8221;1\/2&#8243;][vc_btn title=&#8221;png&#8221; align=&#8221;center&#8221; button_block=&#8221;true&#8221; link=&#8221;url:http%3A%2F%2Fwmzpn.pl%2Fwp-content%2Fuploads%2F2020%2F05%2Fzalew-frombork.png||target:%20_blank|&#8221;][\/vc_column_inner][vc_column_inner width=&#8221;1\/2&#8243;][vc_btn title=&#8221;jpg&#8221; align=&#8221;center&#8221; button_block=&#8221;true&#8221; link=&#8221;url:http%3A%2F%2Fwmzpn.pl%2Fwp-content%2Fuploads%2F2020%2F05%2Fzalew-frombork.jpg||target:%20_blank|&#8221;][\/vc_column_inner][\/vc_row_inner][vc_separator][vc_wp_text]Stadion Pi\u0142karski we Fromborku adres:\u00a0ul. M\u0142ynarska 32, 14-530 Frombork pojemno\u015b\u0107:\u00a0198 miejsc wymiar boiska: 104&#215;64 m o\u015bwietlenie:\u00a0brak[\/vc_wp_text][\/vc_column][vc_column width=&#8221;1\/3&#8243;][vc_wp_text]KS Zalew Frombork barwy: bia\u0142o-niebieskie rok za\u0142o\u017cenia: adres:\u00a0ul. Le\u015bna 28, 14-530 Frombork e-mail:\u00a0zalewfrombork@wmzpn.pl Prezes:\u00a0Micha\u0142 Blumerski[\/vc_wp_text][vc_wp_text]Media klubu: \u00a0 [\/vc_wp_text][vc_separator][vc_gmaps link=&#8221;#E-8_JTNDaWZyYW1lJTIwc3JjJTNEJTIyaHR0cHMlM0ElMkYlMkZ3d3cuZ29vZ2xlLmNvbSUyRm1hcHMlMkZlbWJlZCUzRnBiJTNEJTIxMW0xOCUyMTFtMTIlMjExbTMlMjExZDIzMjUuMzc4MzQ3MjY5MTc3JTIxMmQxOS42ODQzMjQyMTU3NzA4MDglMjEzZDU0LjM1MDI5NDk4MDIwMTY0JTIxMm0zJTIxMWYwJTIxMmYwJTIxM2YwJTIxM20yJTIxMWkxMDI0JTIxMmk3NjglMjE0ZjEzLjElMjEzbTMlMjExbTIlMjExczB4NDZlMmNkMGMzMTJhYjY3YiUyNTNBMHg0YWEyMzVmZDAzYmEwMjEwJTIxMnNTdGFkaW9uJTI1MjBaYWxld3UlMjUyMEZyb21ib3JrJTIxNWUwJTIxM20yJTIxMXNwbCUyMTJzcGwlMjE0djE1OTAzOTc2MjQxMTElMjE1bTIlMjExc3BsJTIxMnNwbCUyMiUyMHdpZHRoJTNEJTIyNjAwJTIyJTIwaGVpZ2h0JTNEJTIyNDUwJTIyJTIwZnJhbWVib3JkZXIlM0QlMjIwJTIyJTIwc3R5bGUlM0QlMjJib3JkZXIlM0EwJTNCJTIyJTIwYWxsb3dmdWxsc2NyZWVuJTNEJTIyJTIyJTIwYXJpYS1oaWRkZW4lM0QlMjJmYWxzZSUyMiUyMHRhYmluZGV4JTNEJTIyMCUyMiUzRSUzQyUyRmlmcmFtZSUzRQ==&#8221; size=&#8221;300&#8243;][vc_message]Dane nieaktualne? [&hellip;]<\/p>\n","protected":false},"author":3,"featured_media":0,"parent":0,"menu_order":0,"comment_status":"closed","ping_status":"closed","template":"","meta":{"footnotes":""},"class_list":["post-12317","page","type-page","status-publish","hentry"],"_links":{"self":[{"href":"https:\/\/wmzpn.pl\/index.php?rest_route=\/wp\/v2\/pages\/12317","targetHints":{"allow":["GET"]}}],"collection":[{"href":"https:\/\/wmzpn.pl\/index.php?rest_route=\/wp\/v2\/pages"}],"about":[{"href":"https:\/\/wmzpn.pl\/index.php?rest_route=\/wp\/v2\/types\/page"}],"author":[{"embeddable":true,"href":"https:\/\/wmzpn.pl\/index.php?rest_route=\/wp\/v2\/users\/3"}],"replies":[{"embeddable":true,"href":"https:\/\/wmzpn.pl\/index.php?rest_route=%2Fwp%2Fv2%2Fcomments&post=12317"}],"version-history":[{"count":10,"href":"https:\/\/wmzpn.pl\/index.php?rest_route=\/wp\/v2\/pages\/12317\/revisions"}],"predecessor-version":[{"id":46517,"href":"https:\/\/wmzpn.pl\/index.php?rest_route=\/wp\/v2\/pages\/12317\/revisions\/46517"}],"wp:attachment":[{"href":"https:\/\/wmzpn.pl\/index.php?rest_route=%2Fwp%2Fv2%2Fmedia&parent=12317"}],"curies":[{"name":"wp","href":"https:\/\/api.w.org\/{rel}","templated":true}]}}