{"id":12295,"date":"2020-04-27T12:03:39","date_gmt":"2020-04-27T12:03:39","guid":{"rendered":"http:\/\/wmzpn.pl\/?page_id=12295"},"modified":"2025-08-18T08:38:45","modified_gmt":"2025-08-18T08:38:45","slug":"reduta-bisztynek","status":"publish","type":"page","link":"https:\/\/wmzpn.pl\/?page_id=12295","title":{"rendered":"Reduta Bisztynek"},"content":{"rendered":"<div class=\"wpb-content-wrapper\"><p>[vc_row content_placement=&#8221;middle&#8221;][vc_column][vc_separator border_width=&#8221;2&#8243;][\/vc_column][\/vc_row][vc_row][vc_column width=&#8221;1\/3&#8243;][vc_raw_html]JTVCd3BkcmVhbXNfYWpheHNlYXJjaGxpdGUlNUQ=[\/vc_raw_html][vc_raw_html]JTVCaWtzX21lbnUlMjBpZCUzRCUyMjEyMDE4JTIyJTVE[\/vc_raw_html][\/vc_column][vc_column width=&#8221;1\/3&#8243;][vc_single_image image=&#8221;14886&#8243; img_size=&#8221;full&#8221;][vc_text_separator title=&#8221;pobierz herb&#8221;][vc_row_inner][vc_column_inner width=&#8221;1\/2&#8243;][vc_btn title=&#8221;png&#8221; align=&#8221;center&#8221; button_block=&#8221;true&#8221; link=&#8221;url:http%3A%2F%2Fwmzpn.pl%2Fwp-content%2Fuploads%2F2020%2F05%2Freduta-bisztynek.png||target:%20_blank|&#8221;][\/vc_column_inner][vc_column_inner width=&#8221;1\/2&#8243;][vc_btn title=&#8221;jpg&#8221; align=&#8221;center&#8221; button_block=&#8221;true&#8221; link=&#8221;url:http%3A%2F%2Fwmzpn.pl%2Fwp-content%2Fuploads%2F2020%2F05%2Freduta-bisztynek.jpg||target:%20_blank|&#8221;][\/vc_column_inner][\/vc_row_inner][vc_separator][vc_wp_text]<strong>Stadion Miejski w Bisztynku<\/strong><\/p>\n<p><strong>adres:<\/strong> ul. Wojska Polskiego 7A,<br \/>\n11-230 Bisztynek<\/p>\n<p><strong>pojemno\u015b\u0107:<\/strong> 300 miejsc<\/p>\n<p><strong>wymiar boiska: <\/strong>100&#215;63 m<\/p>\n<p><strong>o\u015bwietlenie:\u00a0<\/strong>brak[\/vc_wp_text][\/vc_column][vc_column width=&#8221;1\/3&#8243;][vc_wp_text]<strong>LKS Reduta Bisztynek<\/strong><\/p>\n<p><strong>barwy:\u00a0<\/strong>bia\u0142o-niebieskie<\/p>\n<p><strong>rok za\u0142o\u017cenia:\u00a0<\/strong>1948<\/p>\n<p><strong>adres:\u00a0<\/strong>ul. Wojska Polskiego 7A,<br \/>\n11-230 Bisztynek<\/p>\n<p><strong>e-mail: <\/strong>redutabisztynek@wmzpn.pl<\/p>\n<p><strong>Prezes:\u00a0<\/strong>Jerzy Subocz[\/vc_wp_text][vc_wp_text]<strong>Media klubu: <\/strong>\u00a0 <a href=\"https:\/\/www.facebook.com\/RedutaBisztynek\/\" target=\"_blank\" rel=\"noopener noreferrer\"><img loading=\"lazy\" decoding=\"async\" class=\"alignnone wp-image-12846\" src=\"http:\/\/wmzpn.pl\/wp-content\/uploads\/2020\/04\/facebook2.png\" alt=\"\" width=\"35\" height=\"35\" \/><\/a>[\/vc_wp_text][vc_separator][vc_gmaps link=&#8221;#E-8_JTNDaWZyYW1lJTIwc3JjJTNEJTIyaHR0cHMlM0ElMkYlMkZ3d3cuZ29vZ2xlLmNvbSUyRm1hcHMlMkZlbWJlZCUzRnBiJTNEJTIxMW0xOCUyMTFtMTIlMjExbTMlMjExZDIzNDAuMzA0NTA2MzU4NiUyMTJkMjAuOTA3Mzk5NzE1NzYwMDclMjEzZDU0LjA4NjA3NjI4MDE0MDY5NSUyMTJtMyUyMTFmMCUyMTJmMCUyMTNmMCUyMTNtMiUyMTFpMTAyNCUyMTJpNzY4JTIxNGYxMy4xJTIxM20zJTIxMW0yJTIxMXMweDQ2ZTI0MzQyMzA0YmY5YWIlMjUzQTB4ZTU1ZjE4YTc0OWQ0ZjkyZSUyMTJzU3RhZGlvbiUyNTIwUmVkdXRhJTIxNWUwJTIxM20yJTIxMXNwbCUyMTJzcGwlMjE0djE1ODkyNzgyMzg2NzQlMjE1bTIlMjExc3BsJTIxMnNwbCUyMiUyMHdpZHRoJTNEJTIyNjAwJTIyJTIwaGVpZ2h0JTNEJTIyNDUwJTIyJTIwZnJhbWVib3JkZXIlM0QlMjIwJTIyJTIwc3R5bGUlM0QlMjJib3JkZXIlM0EwJTNCJTIyJTIwYWxsb3dmdWxsc2NyZWVuJTNEJTIyJTIyJTIwYXJpYS1oaWRkZW4lM0QlMjJmYWxzZSUyMiUyMHRhYmluZGV4JTNEJTIyMCUyMiUzRSUzQyUyRmlmcmFtZSUzRQ==&#8221; size=&#8221;300&#8243;][vc_message]<strong>Dane nieaktualne?<\/strong><br \/>\nNapisz do nas na email: <a href=\"mailto:kamil.zawalich@wmzpn.pl\"><span style=\"color: #56b0ee;\">kamil.zawalich@wmzpn.pl<\/span><\/a><br \/>\ni daj zna\u0107 co nale\u017cy poprawi\u0107![\/vc_message][\/vc_column][\/vc_row][vc_row][vc_column][vc_zigzag][\/vc_column][\/vc_row]<\/p>\n<\/div>","protected":false},"excerpt":{"rendered":"<p>[vc_row content_placement=&#8221;middle&#8221;][vc_column][vc_separator border_width=&#8221;2&#8243;][\/vc_column][\/vc_row][vc_row][vc_column width=&#8221;1\/3&#8243;][vc_raw_html]JTVCd3BkcmVhbXNfYWpheHNlYXJjaGxpdGUlNUQ=[\/vc_raw_html][vc_raw_html]JTVCaWtzX21lbnUlMjBpZCUzRCUyMjEyMDE4JTIyJTVE[\/vc_raw_html][\/vc_column][vc_column width=&#8221;1\/3&#8243;][vc_single_image image=&#8221;14886&#8243; img_size=&#8221;full&#8221;][vc_text_separator title=&#8221;pobierz herb&#8221;][vc_row_inner][vc_column_inner width=&#8221;1\/2&#8243;][vc_btn title=&#8221;png&#8221; align=&#8221;center&#8221; button_block=&#8221;true&#8221; link=&#8221;url:http%3A%2F%2Fwmzpn.pl%2Fwp-content%2Fuploads%2F2020%2F05%2Freduta-bisztynek.png||target:%20_blank|&#8221;][\/vc_column_inner][vc_column_inner width=&#8221;1\/2&#8243;][vc_btn title=&#8221;jpg&#8221; align=&#8221;center&#8221; button_block=&#8221;true&#8221; link=&#8221;url:http%3A%2F%2Fwmzpn.pl%2Fwp-content%2Fuploads%2F2020%2F05%2Freduta-bisztynek.jpg||target:%20_blank|&#8221;][\/vc_column_inner][\/vc_row_inner][vc_separator][vc_wp_text]Stadion Miejski w Bisztynku adres: ul. Wojska Polskiego 7A, 11-230 Bisztynek pojemno\u015b\u0107: 300 miejsc wymiar boiska: 100&#215;63 m o\u015bwietlenie:\u00a0brak[\/vc_wp_text][\/vc_column][vc_column width=&#8221;1\/3&#8243;][vc_wp_text]LKS Reduta Bisztynek barwy:\u00a0bia\u0142o-niebieskie rok za\u0142o\u017cenia:\u00a01948 adres:\u00a0ul. Wojska Polskiego 7A, 11-230 Bisztynek e-mail: redutabisztynek@wmzpn.pl Prezes:\u00a0Jerzy Subocz[\/vc_wp_text][vc_wp_text]Media klubu: \u00a0 [&hellip;]<\/p>\n","protected":false},"author":3,"featured_media":0,"parent":0,"menu_order":0,"comment_status":"closed","ping_status":"closed","template":"","meta":{"footnotes":""},"class_list":["post-12295","page","type-page","status-publish","hentry"],"_links":{"self":[{"href":"https:\/\/wmzpn.pl\/index.php?rest_route=\/wp\/v2\/pages\/12295","targetHints":{"allow":["GET"]}}],"collection":[{"href":"https:\/\/wmzpn.pl\/index.php?rest_route=\/wp\/v2\/pages"}],"about":[{"href":"https:\/\/wmzpn.pl\/index.php?rest_route=\/wp\/v2\/types\/page"}],"author":[{"embeddable":true,"href":"https:\/\/wmzpn.pl\/index.php?rest_route=\/wp\/v2\/users\/3"}],"replies":[{"embeddable":true,"href":"https:\/\/wmzpn.pl\/index.php?rest_route=%2Fwp%2Fv2%2Fcomments&post=12295"}],"version-history":[{"count":10,"href":"https:\/\/wmzpn.pl\/index.php?rest_route=\/wp\/v2\/pages\/12295\/revisions"}],"predecessor-version":[{"id":46461,"href":"https:\/\/wmzpn.pl\/index.php?rest_route=\/wp\/v2\/pages\/12295\/revisions\/46461"}],"wp:attachment":[{"href":"https:\/\/wmzpn.pl\/index.php?rest_route=%2Fwp%2Fv2%2Fmedia&parent=12295"}],"curies":[{"name":"wp","href":"https:\/\/api.w.org\/{rel}","templated":true}]}}