{"id":12219,"date":"2020-04-27T11:45:50","date_gmt":"2020-04-27T11:45:50","guid":{"rendered":"http:\/\/wmzpn.pl\/?page_id=12219"},"modified":"2025-08-18T08:42:00","modified_gmt":"2025-08-18T08:42:00","slug":"zagiel-piecki","status":"publish","type":"page","link":"https:\/\/wmzpn.pl\/?page_id=12219","title":{"rendered":"\u017bagiel Piecki"},"content":{"rendered":"<div class=\"wpb-content-wrapper\"><p>[vc_row content_placement=&#8221;middle&#8221;][vc_column][vc_separator border_width=&#8221;2&#8243;][\/vc_column][\/vc_row][vc_row][vc_column width=&#8221;1\/3&#8243;][vc_raw_html]JTVCd3BkcmVhbXNfYWpheHNlYXJjaGxpdGUlNUQ=[\/vc_raw_html][vc_raw_html]JTVCaWtzX21lbnUlMjBpZCUzRCUyMjEyMDE4JTIyJTVE[\/vc_raw_html][\/vc_column][vc_column width=&#8221;1\/3&#8243;][vc_single_image image=&#8221;13236&#8243; img_size=&#8221;full&#8221;][vc_text_separator title=&#8221;pobierz herb&#8221;][vc_row_inner][vc_column_inner width=&#8221;1\/2&#8243;][vc_btn title=&#8221;png&#8221; align=&#8221;center&#8221; button_block=&#8221;true&#8221; link=&#8221;url:http%3A%2F%2Fwmzpn.pl%2Fwp-content%2Fuploads%2F2020%2F05%2Fzagiel-piecki.png||target:%20_blank|&#8221;][\/vc_column_inner][vc_column_inner width=&#8221;1\/2&#8243;][vc_btn title=&#8221;jpg&#8221; align=&#8221;center&#8221; button_block=&#8221;true&#8221; link=&#8221;url:http%3A%2F%2Fwmzpn.pl%2Fwp-content%2Fuploads%2F2020%2F05%2Fzagiel-piecki.jpg||target:%20_blank|&#8221;][\/vc_column_inner][\/vc_row_inner][vc_separator][vc_wp_text]<strong>Stadion Gminny w Pieckach<\/strong><\/p>\n<p><strong>adres:<\/strong> ul. Zwyci\u0119stwa 35A, 11-710 Piecki<\/p>\n<p><strong>pojemno\u015b\u0107:<\/strong> 500 miejsc<\/p>\n<p><strong>wymiar boiska: <\/strong>95&#215;60 m<\/p>\n<p><strong>o\u015bwietlenie: <\/strong>brak[\/vc_wp_text][\/vc_column][vc_column width=&#8221;1\/3&#8243;][vc_wp_text]<b>KS \u017bagiel Piecki<\/b><\/p>\n<p><strong>barwy: <\/strong>\u017c\u00f3\u0142to-czarno-niebieskie<\/p>\n<p><strong>rok za\u0142o\u017cenia:\u00a0<\/strong>2012<\/p>\n<p><strong>adres:<\/strong> ul. Zwyci\u0119stwa 35A, 11-710 Piecki<\/p>\n<p><strong>e-mail:<\/strong> zagielpiecki@wmzpn.pl<\/p>\n<p><strong>Prezes:<\/strong> Adrian Berk[\/vc_wp_text][vc_wp_text]<strong>Media klubu:\u00a0 \u00a0<\/strong><a href=\"http:\/\/zagielpiecki.futbolowo.pl\/\" target=\"_blank\" rel=\"noopener noreferrer\"><img loading=\"lazy\" decoding=\"async\" class=\"alignnone wp-image-12842\" src=\"http:\/\/wmzpn.pl\/wp-content\/uploads\/2020\/04\/seo-sem.png\" alt=\"\" width=\"35\" height=\"35\" \/><\/a>\u00a0 <a href=\"https:\/\/www.facebook.com\/KS-%C5%BBagiel-Piecki-314354695277282\/\" target=\"_blank\" rel=\"noopener noreferrer\"><img loading=\"lazy\" decoding=\"async\" class=\"alignnone wp-image-12846\" src=\"http:\/\/wmzpn.pl\/wp-content\/uploads\/2020\/04\/facebook2.png\" alt=\"\" width=\"35\" height=\"35\" \/><\/a>\u00a0\u00a0<a href=\"https:\/\/twitter.com\/kszagielpiecki\" target=\"_blank\" rel=\"noopener noreferrer\"><img loading=\"lazy\" decoding=\"async\" class=\"alignnone wp-image-12843\" src=\"http:\/\/wmzpn.pl\/wp-content\/uploads\/2020\/04\/windows-media-audio.png\" alt=\"\" width=\"35\" height=\"35\" \/><\/a>[\/vc_wp_text][vc_separator][vc_gmaps link=&#8221;#E-8_JTNDaWZyYW1lJTIwc3JjJTNEJTIyaHR0cHMlM0ElMkYlMkZ3d3cuZ29vZ2xlLmNvbSUyRm1hcHMlMkZlbWJlZCUzRnBiJTNEJTIxMW0xOCUyMTFtMTIlMjExbTMlMjExZDE2NjcuNzcxODY1NTM2NDg2OCUyMTJkMjEuMzM2ODQyNjYwNzYwMzg2JTIxM2Q1My43NjEyNjE4MTMwODAwNyUyMTJtMyUyMTFmMCUyMTJmMCUyMTNmMCUyMTNtMiUyMTFpMTAyNCUyMTJpNzY4JTIxNGYxMy4xJTIxM20zJTIxMW0yJTIxMXMweDQ2ZTIxYjVhMDdiZDMxZjUlMjUzQTB4OTVjODM0ZTYyNzU0MmU5YyUyMTJzU3RhZGlvbiUyNTIwWkFHSUVMJTI1MjBBUkVOQSUyMTVlMCUyMTNtMiUyMTFzcGwlMjEyc3BsJTIxNHYxNTg5MTk4NDkyMDEwJTIxNW0yJTIxMXNwbCUyMTJzcGwlMjIlMjB3aWR0aCUzRCUyMjYwMCUyMiUyMGhlaWdodCUzRCUyMjQ1MCUyMiUyMGZyYW1lYm9yZGVyJTNEJTIyMCUyMiUyMHN0eWxlJTNEJTIyYm9yZGVyJTNBMCUzQiUyMiUyMGFsbG93ZnVsbHNjcmVlbiUzRCUyMiUyMiUyMGFyaWEtaGlkZGVuJTNEJTIyZmFsc2UlMjIlMjB0YWJpbmRleCUzRCUyMjAlMjIlM0UlM0MlMkZpZnJhbWUlM0U=&#8221; size=&#8221;300&#8243;][vc_message]<strong>Dane nieaktualne?<\/strong><br \/>\nNapisz do nas na email: <a href=\"mailto:kamil.zawalich@wmzpn.pl\"><span style=\"color: #56b0ee;\">kamil.zawalich@wmzpn.pl<\/span><\/a><br \/>\ni daj zna\u0107 co nale\u017cy poprawi\u0107![\/vc_message][\/vc_column][\/vc_row][vc_row][vc_column][vc_zigzag][\/vc_column][\/vc_row]<\/p>\n<\/div>","protected":false},"excerpt":{"rendered":"<p>[vc_row content_placement=&#8221;middle&#8221;][vc_column][vc_separator border_width=&#8221;2&#8243;][\/vc_column][\/vc_row][vc_row][vc_column width=&#8221;1\/3&#8243;][vc_raw_html]JTVCd3BkcmVhbXNfYWpheHNlYXJjaGxpdGUlNUQ=[\/vc_raw_html][vc_raw_html]JTVCaWtzX21lbnUlMjBpZCUzRCUyMjEyMDE4JTIyJTVE[\/vc_raw_html][\/vc_column][vc_column width=&#8221;1\/3&#8243;][vc_single_image image=&#8221;13236&#8243; img_size=&#8221;full&#8221;][vc_text_separator title=&#8221;pobierz herb&#8221;][vc_row_inner][vc_column_inner width=&#8221;1\/2&#8243;][vc_btn title=&#8221;png&#8221; align=&#8221;center&#8221; button_block=&#8221;true&#8221; link=&#8221;url:http%3A%2F%2Fwmzpn.pl%2Fwp-content%2Fuploads%2F2020%2F05%2Fzagiel-piecki.png||target:%20_blank|&#8221;][\/vc_column_inner][vc_column_inner width=&#8221;1\/2&#8243;][vc_btn title=&#8221;jpg&#8221; align=&#8221;center&#8221; button_block=&#8221;true&#8221; link=&#8221;url:http%3A%2F%2Fwmzpn.pl%2Fwp-content%2Fuploads%2F2020%2F05%2Fzagiel-piecki.jpg||target:%20_blank|&#8221;][\/vc_column_inner][\/vc_row_inner][vc_separator][vc_wp_text]Stadion Gminny w Pieckach adres: ul. Zwyci\u0119stwa 35A, 11-710 Piecki pojemno\u015b\u0107: 500 miejsc wymiar boiska: 95&#215;60 m o\u015bwietlenie: brak[\/vc_wp_text][\/vc_column][vc_column width=&#8221;1\/3&#8243;][vc_wp_text]KS \u017bagiel Piecki barwy: \u017c\u00f3\u0142to-czarno-niebieskie rok za\u0142o\u017cenia:\u00a02012 adres: ul. Zwyci\u0119stwa 35A, 11-710 Piecki e-mail: zagielpiecki@wmzpn.pl Prezes: Adrian Berk[\/vc_wp_text][vc_wp_text]Media [&hellip;]<\/p>\n","protected":false},"author":3,"featured_media":13236,"parent":0,"menu_order":0,"comment_status":"closed","ping_status":"closed","template":"","meta":{"footnotes":""},"class_list":["post-12219","page","type-page","status-publish","has-post-thumbnail","hentry"],"_links":{"self":[{"href":"https:\/\/wmzpn.pl\/index.php?rest_route=\/wp\/v2\/pages\/12219","targetHints":{"allow":["GET"]}}],"collection":[{"href":"https:\/\/wmzpn.pl\/index.php?rest_route=\/wp\/v2\/pages"}],"about":[{"href":"https:\/\/wmzpn.pl\/index.php?rest_route=\/wp\/v2\/types\/page"}],"author":[{"embeddable":true,"href":"https:\/\/wmzpn.pl\/index.php?rest_route=\/wp\/v2\/users\/3"}],"replies":[{"embeddable":true,"href":"https:\/\/wmzpn.pl\/index.php?rest_route=%2Fwp%2Fv2%2Fcomments&post=12219"}],"version-history":[{"count":10,"href":"https:\/\/wmzpn.pl\/index.php?rest_route=\/wp\/v2\/pages\/12219\/revisions"}],"predecessor-version":[{"id":46466,"href":"https:\/\/wmzpn.pl\/index.php?rest_route=\/wp\/v2\/pages\/12219\/revisions\/46466"}],"wp:featuredmedia":[{"embeddable":true,"href":"https:\/\/wmzpn.pl\/index.php?rest_route=\/wp\/v2\/media\/13236"}],"wp:attachment":[{"href":"https:\/\/wmzpn.pl\/index.php?rest_route=%2Fwp%2Fv2%2Fmedia&parent=12219"}],"curies":[{"name":"wp","href":"https:\/\/api.w.org\/{rel}","templated":true}]}}