{"id":12205,"date":"2020-04-27T11:43:17","date_gmt":"2020-04-27T11:43:17","guid":{"rendered":"http:\/\/wmzpn.pl\/?page_id=12205"},"modified":"2025-08-18T07:10:56","modified_gmt":"2025-08-18T07:10:56","slug":"sokol-ostroda","status":"publish","type":"page","link":"https:\/\/wmzpn.pl\/?page_id=12205","title":{"rendered":"Sok\u00f3\u0142 Ostr\u00f3da"},"content":{"rendered":"<div class=\"wpb-content-wrapper\"><p>[vc_row content_placement=&#8221;middle&#8221;][vc_column][vc_separator border_width=&#8221;2&#8243;][\/vc_column][\/vc_row][vc_row][vc_column width=&#8221;1\/3&#8243;][vc_raw_html]JTVCd3BkcmVhbXNfYWpheHNlYXJjaGxpdGUlNUQ=[\/vc_raw_html][vc_raw_html]JTVCaWtzX21lbnUlMjBpZCUzRCUyMjEyMDE4JTIyJTVE[\/vc_raw_html][\/vc_column][vc_column width=&#8221;1\/3&#8243;][vc_single_image image=&#8221;13063&#8243; img_size=&#8221;full&#8221;][vc_text_separator title=&#8221;pobierz herb&#8221;][vc_row_inner][vc_column_inner width=&#8221;1\/2&#8243;][vc_btn title=&#8221;png&#8221; align=&#8221;center&#8221; button_block=&#8221;true&#8221; link=&#8221;url:http%3A%2F%2Fwmzpn.pl%2Fwp-content%2Fuploads%2F2020%2F05%2Fsokol-ostroda.png||target:%20_blank|&#8221;][\/vc_column_inner][vc_column_inner width=&#8221;1\/2&#8243;][vc_btn title=&#8221;jpg&#8221; align=&#8221;center&#8221; button_block=&#8221;true&#8221; link=&#8221;url:http%3A%2F%2Fwmzpn.pl%2Fwp-content%2Fuploads%2F2020%2F05%2Fsokol-ostroda.jpg||target:%20_blank|&#8221;][\/vc_column_inner][\/vc_row_inner][vc_separator][vc_wp_text]<strong>Stadion OCSiR w Ostr\u00f3dzie<\/strong><\/p>\n<p><strong>adres: <\/strong>ul. 3 Maja 19,\u00a014-100 Ostr\u00f3da<\/p>\n<p><strong>pojemno\u015b\u0107: <\/strong>4998 miejsc<\/p>\n<p><strong>wymiar boiska:\u00a0<\/strong>105&#215;68 m<\/p>\n<p><strong>o\u015bwietlenie: <\/strong>tak (1235 lux)[\/vc_wp_text][vc_single_image image=&#8221;14766&#8243; img_size=&#8221;full&#8221; onclick=&#8221;link_image&#8221;][\/vc_column][vc_column width=&#8221;1\/3&#8243;][vc_wp_text]<b>OKS Sok\u00f3\u0142 Ostr\u00f3da<\/b><\/p>\n<p><strong>barwy:\u00a0<\/strong>wi\u015bniowo-bia\u0142o-niebieskie<\/p>\n<p><strong>rok za\u0142o\u017cenia:\u00a0<\/strong>1945<\/p>\n<p><strong>adres:\u00a0<\/strong>3 Maja 19, 14-100 Ostr\u00f3da<\/p>\n<p><strong>e-mail:\u00a0<\/strong>sokolostroda@wmzpn.pl<\/p>\n<p><strong>Prezes:\u00a0<\/strong>Tomasz Harazim[\/vc_wp_text][vc_wp_text]<strong>Media klubu: \u00a0\u00a0<\/strong><a href=\"http:\/\/www.sokolostroda.com\/\" target=\"_blank\" rel=\"noopener noreferrer\"><img loading=\"lazy\" decoding=\"async\" class=\"alignnone wp-image-12842\" src=\"http:\/\/wmzpn.pl\/wp-content\/uploads\/2020\/04\/seo-sem.png\" alt=\"\" width=\"35\" height=\"35\" \/><\/a>\u00a0 <a href=\"https:\/\/www.facebook.com\/sokol.ostroda.1945\/\" target=\"_blank\" rel=\"noopener noreferrer\"><img loading=\"lazy\" decoding=\"async\" class=\"alignnone wp-image-12846\" src=\"http:\/\/wmzpn.pl\/wp-content\/uploads\/2020\/04\/facebook2.png\" alt=\"\" width=\"35\" height=\"35\" \/><\/a> <a href=\"https:\/\/twitter.com\/sokolostroda\" target=\"_blank\" rel=\"noopener noreferrer\"><img loading=\"lazy\" decoding=\"async\" class=\"alignnone wp-image-12843\" src=\"http:\/\/wmzpn.pl\/wp-content\/uploads\/2020\/04\/windows-media-audio.png\" alt=\"\" width=\"35\" height=\"35\" \/><\/a>\u00a0 <a href=\"https:\/\/www.youtube.com\/user\/TheWichmand\" target=\"_blank\" rel=\"noopener noreferrer\"><img loading=\"lazy\" decoding=\"async\" class=\"alignnone wp-image-12844\" src=\"http:\/\/wmzpn.pl\/wp-content\/uploads\/2020\/04\/youtube1.png\" alt=\"\" width=\"35\" height=\"35\" \/><\/a> <a href=\"https:\/\/www.instagram.com\/sokolostroda\/\" target=\"_blank\" rel=\"noopener noreferrer\"><img loading=\"lazy\" decoding=\"async\" class=\"alignnone wp-image-12845\" src=\"http:\/\/wmzpn.pl\/wp-content\/uploads\/2020\/04\/logos2.png\" alt=\"\" width=\"35\" height=\"35\" \/><\/a>[\/vc_wp_text][vc_separator][vc_gmaps link=&#8221;#E-8_JTNDaWZyYW1lJTIwc3JjJTNEJTIyaHR0cHMlM0ElMkYlMkZ3d3cuZ29vZ2xlLmNvbSUyRm1hcHMlMkZlbWJlZCUzRnBiJTNEJTIxMW0xOCUyMTFtMTIlMjExbTMlMjExZDMzMzkuODY0MzI4OTkwNDM2NyUyMTJkMTkuOTQ4NjIyODEzNjEzMTUyJTIxM2Q1My43MDY4NDc1ODI5OTAxNyUyMTJtMyUyMTFmMCUyMTJmMCUyMTNmMCUyMTNtMiUyMTFpMTAyNCUyMTJpNzY4JTIxNGYxMy4xJTIxM20zJTIxMW0yJTIxMXMweDAlMjUzQTB4OTg4NTI5ZWQzNmZjNjY0MiUyMTJzU3RhZGlvbiUyNTIwTWllanNraSUyNTIwT0NTaVIlMjE1ZTAlMjEzbTIlMjExc3BsJTIxMnNwbCUyMTR2MTU4OTk3NzMwNjAzMiUyMTVtMiUyMTFzcGwlMjEyc3BsJTIyJTIwd2lkdGglM0QlMjI2MDAlMjIlMjBoZWlnaHQlM0QlMjI0NTAlMjIlMjBmcmFtZWJvcmRlciUzRCUyMjAlMjIlMjBzdHlsZSUzRCUyMmJvcmRlciUzQTAlM0IlMjIlMjBhbGxvd2Z1bGxzY3JlZW4lM0QlMjIlMjIlMjBhcmlhLWhpZGRlbiUzRCUyMmZhbHNlJTIyJTIwdGFiaW5kZXglM0QlMjIwJTIyJTNFJTNDJTJGaWZyYW1lJTNF&#8221; size=&#8221;340&#8243;][vc_message]<strong>Dane nieaktualne?<\/strong><br \/>\nNapisz do nas na email: <a href=\"mailto:kamil.zawalich@wmzpn.pl\"><span style=\"color: #56b0ee;\">kamil.zawalich@wmzpn.pl<\/span><\/a><br \/>\ni daj zna\u0107 co nale\u017cy poprawi\u0107![\/vc_message][\/vc_column][\/vc_row][vc_row][vc_column][vc_zigzag][\/vc_column][\/vc_row]<\/p>\n<\/div>","protected":false},"excerpt":{"rendered":"<p>[vc_row content_placement=&#8221;middle&#8221;][vc_column][vc_separator border_width=&#8221;2&#8243;][\/vc_column][\/vc_row][vc_row][vc_column width=&#8221;1\/3&#8243;][vc_raw_html]JTVCd3BkcmVhbXNfYWpheHNlYXJjaGxpdGUlNUQ=[\/vc_raw_html][vc_raw_html]JTVCaWtzX21lbnUlMjBpZCUzRCUyMjEyMDE4JTIyJTVE[\/vc_raw_html][\/vc_column][vc_column width=&#8221;1\/3&#8243;][vc_single_image image=&#8221;13063&#8243; img_size=&#8221;full&#8221;][vc_text_separator title=&#8221;pobierz herb&#8221;][vc_row_inner][vc_column_inner width=&#8221;1\/2&#8243;][vc_btn title=&#8221;png&#8221; align=&#8221;center&#8221; button_block=&#8221;true&#8221; link=&#8221;url:http%3A%2F%2Fwmzpn.pl%2Fwp-content%2Fuploads%2F2020%2F05%2Fsokol-ostroda.png||target:%20_blank|&#8221;][\/vc_column_inner][vc_column_inner width=&#8221;1\/2&#8243;][vc_btn title=&#8221;jpg&#8221; align=&#8221;center&#8221; button_block=&#8221;true&#8221; link=&#8221;url:http%3A%2F%2Fwmzpn.pl%2Fwp-content%2Fuploads%2F2020%2F05%2Fsokol-ostroda.jpg||target:%20_blank|&#8221;][\/vc_column_inner][\/vc_row_inner][vc_separator][vc_wp_text]Stadion OCSiR w Ostr\u00f3dzie adres: ul. 3 Maja 19,\u00a014-100 Ostr\u00f3da pojemno\u015b\u0107: 4998 miejsc wymiar boiska:\u00a0105&#215;68 m o\u015bwietlenie: tak (1235 lux)[\/vc_wp_text][vc_single_image image=&#8221;14766&#8243; img_size=&#8221;full&#8221; onclick=&#8221;link_image&#8221;][\/vc_column][vc_column width=&#8221;1\/3&#8243;][vc_wp_text]OKS Sok\u00f3\u0142 Ostr\u00f3da barwy:\u00a0wi\u015bniowo-bia\u0142o-niebieskie rok za\u0142o\u017cenia:\u00a01945 adres:\u00a03 Maja 19, 14-100 Ostr\u00f3da e-mail:\u00a0sokolostroda@wmzpn.pl Prezes:\u00a0Tomasz Harazim[\/vc_wp_text][vc_wp_text]Media [&hellip;]<\/p>\n","protected":false},"author":3,"featured_media":13063,"parent":0,"menu_order":0,"comment_status":"closed","ping_status":"closed","template":"","meta":{"footnotes":""},"class_list":["post-12205","page","type-page","status-publish","has-post-thumbnail","hentry"],"_links":{"self":[{"href":"https:\/\/wmzpn.pl\/index.php?rest_route=\/wp\/v2\/pages\/12205","targetHints":{"allow":["GET"]}}],"collection":[{"href":"https:\/\/wmzpn.pl\/index.php?rest_route=\/wp\/v2\/pages"}],"about":[{"href":"https:\/\/wmzpn.pl\/index.php?rest_route=\/wp\/v2\/types\/page"}],"author":[{"embeddable":true,"href":"https:\/\/wmzpn.pl\/index.php?rest_route=\/wp\/v2\/users\/3"}],"replies":[{"embeddable":true,"href":"https:\/\/wmzpn.pl\/index.php?rest_route=%2Fwp%2Fv2%2Fcomments&post=12205"}],"version-history":[{"count":14,"href":"https:\/\/wmzpn.pl\/index.php?rest_route=\/wp\/v2\/pages\/12205\/revisions"}],"predecessor-version":[{"id":46405,"href":"https:\/\/wmzpn.pl\/index.php?rest_route=\/wp\/v2\/pages\/12205\/revisions\/46405"}],"wp:featuredmedia":[{"embeddable":true,"href":"https:\/\/wmzpn.pl\/index.php?rest_route=\/wp\/v2\/media\/13063"}],"wp:attachment":[{"href":"https:\/\/wmzpn.pl\/index.php?rest_route=%2Fwp%2Fv2%2Fmedia&parent=12205"}],"curies":[{"name":"wp","href":"https:\/\/api.w.org\/{rel}","templated":true}]}}