{"id":12195,"date":"2020-04-27T11:41:19","date_gmt":"2020-04-27T11:41:19","guid":{"rendered":"http:\/\/wmzpn.pl\/?page_id=12195"},"modified":"2026-03-06T09:31:45","modified_gmt":"2026-03-06T09:31:45","slug":"olimpia-elblag","status":"publish","type":"page","link":"https:\/\/wmzpn.pl\/?page_id=12195","title":{"rendered":"Olimpia Elbl\u0105g"},"content":{"rendered":"<div class=\"wpb-content-wrapper\"><p>[vc_row content_placement=&#8221;middle&#8221;][vc_column][vc_separator border_width=&#8221;2&#8243;][\/vc_column][\/vc_row][vc_row][vc_column width=&#8221;1\/3&#8243;][vc_raw_html]JTVCd3BkcmVhbXNfYWpheHNlYXJjaGxpdGUlNUQ=[\/vc_raw_html][vc_raw_html]JTVCaWtzX21lbnUlMjBpZCUzRCUyMjEyMDE4JTIyJTVE[\/vc_raw_html][\/vc_column][vc_column width=&#8221;1\/3&#8243;][vc_single_image image=&#8221;13053&#8243; img_size=&#8221;full&#8221;][vc_text_separator title=&#8221;pobierz herb&#8221;][vc_row_inner][vc_column_inner width=&#8221;1\/2&#8243;][vc_btn title=&#8221;png&#8221; align=&#8221;center&#8221; button_block=&#8221;true&#8221; link=&#8221;url:http%3A%2F%2Fwmzpn.pl%2Fwp-content%2Fuploads%2F2020%2F05%2Folimpia-elblag.png||target:%20_blank|&#8221;][\/vc_column_inner][vc_column_inner width=&#8221;1\/2&#8243;][vc_btn title=&#8221;jpg&#8221; align=&#8221;center&#8221; button_block=&#8221;true&#8221; link=&#8221;url:http%3A%2F%2Fwmzpn.pl%2Fwp-content%2Fuploads%2F2020%2F05%2Folimpia-elblag.jpg||target:%20_blank|&#8221;][\/vc_column_inner][\/vc_row_inner][vc_separator][vc_wp_text]<strong>Stadion Miejski w Elbl\u0105gu<\/strong><\/p>\n<p><strong>adres:<\/strong> ul. Agrykola 8, 82-300 Elbl\u0105g<\/p>\n<p><strong>pojemno\u015b\u0107:<\/strong> 3000 miejsc<\/p>\n<p><strong>wymiar boiska: <\/strong>105&#215;68 m<\/p>\n<p><strong>o\u015bwietlenie: <\/strong>tak[\/vc_wp_text][vc_single_image image=&#8221;14745&#8243; img_size=&#8221;full&#8221; onclick=&#8221;link_image&#8221;][\/vc_column][vc_column width=&#8221;1\/3&#8243;][vc_wp_text]<strong>ZKS Olimpia Elbl\u0105g<\/strong><\/p>\n<p><strong>barwy:<\/strong> \u017c\u00f3\u0142to-bia\u0142o-niebieskie<\/p>\n<p><strong>rok za\u0142o\u017cenia:<\/strong> 1945<\/p>\n<p><strong>adres:<\/strong> ul. Agrykola 8, 82-300 Elbl\u0105g<\/p>\n<p><strong>e-mail:<\/strong> olimpiaelblag@wmzpn.pl<\/p>\n<p><strong>Wiceprezes:<\/strong> Dariusz Kaczmarczyk<\/p>\n<p><strong>Cz\u0142onek Zarz\u0105du:<\/strong> Robert Krawczyk[\/vc_wp_text][vc_wp_text]<strong>Media klubu:<\/strong><\/p>\n<p><a href=\"http:\/\/zksolimpia.pl\/\" target=\"_blank\" rel=\"noopener noreferrer\"><img loading=\"lazy\" decoding=\"async\" class=\"alignnone wp-image-12842\" src=\"http:\/\/wmzpn.pl\/wp-content\/uploads\/2020\/04\/seo-sem.png\" alt=\"\" width=\"35\" height=\"35\" \/><\/a>\u00a0 <a href=\"https:\/\/www.facebook.com\/zksolimpiaelblag\/\" target=\"_blank\" rel=\"noopener noreferrer\"><img loading=\"lazy\" decoding=\"async\" class=\"alignnone wp-image-12846\" src=\"http:\/\/wmzpn.pl\/wp-content\/uploads\/2020\/04\/facebook2.png\" alt=\"\" width=\"35\" height=\"35\" \/><\/a>\u00a0 <a href=\"https:\/\/www.instagram.com\/zksolimpiaelblag\/?hl=pl\" target=\"_blank\" rel=\"noopener noreferrer\"><img loading=\"lazy\" decoding=\"async\" class=\"alignnone wp-image-12845\" src=\"http:\/\/wmzpn.pl\/wp-content\/uploads\/2020\/04\/logos2.png\" alt=\"\" width=\"35\" height=\"35\" \/><\/a>\u00a0 <a href=\"https:\/\/twitter.com\/zksolimpia\" target=\"_blank\" rel=\"noopener noreferrer\"><img loading=\"lazy\" decoding=\"async\" class=\"alignnone wp-image-12843\" src=\"http:\/\/wmzpn.pl\/wp-content\/uploads\/2020\/04\/windows-media-audio.png\" alt=\"\" width=\"35\" height=\"35\" \/><\/a>\u00a0 <a href=\"https:\/\/www.youtube.com\/channel\/UCvmO0LpNJkB9H3GTf1znhqQ\" target=\"_blank\" rel=\"noopener noreferrer\"><img loading=\"lazy\" decoding=\"async\" class=\"alignnone wp-image-12844\" src=\"http:\/\/wmzpn.pl\/wp-content\/uploads\/2020\/04\/youtube1.png\" alt=\"\" width=\"35\" height=\"35\" \/><\/a>[\/vc_wp_text][vc_separator][vc_gmaps link=&#8221;#E-8_JTNDaWZyYW1lJTIwc3JjJTNEJTIyaHR0cHMlM0ElMkYlMkZ3d3cuZ29vZ2xlLmNvbSUyRm1hcHMlMkZlbWJlZCUzRnBiJTNEJTIxMW0xOCUyMTFtMTIlMjExbTMlMjExZDI5MS45NzUyMjg4NDU2MjE4JTIxMmQxOS40MjEwODk1NzU3ODY0MSUyMTNkNTQuMTY1ODczOTg2MDE2OTIlMjEybTMlMjExZjAlMjEyZjAlMjEzZjAlMjEzbTIlMjExaTEwMjQlMjEyaTc2OCUyMTRmMTMuMSUyMTNtMyUyMTFtMiUyMTFzMHgwJTI1M0EweDVhNDdhYjAzMjFkODY5NGMlMjEyc09saW1waWElMjUyMEVsYmwlMjVDNCUyNTg1ZyUyMTVlMCUyMTNtMiUyMTFzcGwlMjEyc3BsJTIxNHYxNTg4OTYxODU0ODU1JTIxNW0yJTIxMXNwbCUyMTJzcGwlMjIlMjB3aWR0aCUzRCUyMjYwMCUyMiUyMGhlaWdodCUzRCUyMjQ1MCUyMiUyMGZyYW1lYm9yZGVyJTNEJTIyMCUyMiUyMHN0eWxlJTNEJTIyYm9yZGVyJTNBMCUzQiUyMiUyMGFsbG93ZnVsbHNjcmVlbiUzRCUyMiUyMiUyMGFyaWEtaGlkZGVuJTNEJTIyZmFsc2UlMjIlMjB0YWJpbmRleCUzRCUyMjAlMjIlM0UlM0MlMkZpZnJhbWUlM0U=&#8221; size=&#8221;300&#8243;][vc_message]<strong>Dane nieaktualne?<\/strong><br \/>\nNapisz do nas na email: <a href=\"mailto:kamil.zawalich@wmzpn.pl\"><span style=\"color: #56b0ee;\">kamil.zawalich@wmzpn.pl<\/span><\/a><br \/>\ni daj zna\u0107 co nale\u017cy poprawi\u0107![\/vc_message][\/vc_column][\/vc_row][vc_row][vc_column][vc_zigzag][\/vc_column][\/vc_row]<\/p>\n<\/div>","protected":false},"excerpt":{"rendered":"<p>[vc_row content_placement=&#8221;middle&#8221;][vc_column][vc_separator border_width=&#8221;2&#8243;][\/vc_column][\/vc_row][vc_row][vc_column width=&#8221;1\/3&#8243;][vc_raw_html]JTVCd3BkcmVhbXNfYWpheHNlYXJjaGxpdGUlNUQ=[\/vc_raw_html][vc_raw_html]JTVCaWtzX21lbnUlMjBpZCUzRCUyMjEyMDE4JTIyJTVE[\/vc_raw_html][\/vc_column][vc_column width=&#8221;1\/3&#8243;][vc_single_image image=&#8221;13053&#8243; img_size=&#8221;full&#8221;][vc_text_separator title=&#8221;pobierz herb&#8221;][vc_row_inner][vc_column_inner width=&#8221;1\/2&#8243;][vc_btn title=&#8221;png&#8221; align=&#8221;center&#8221; button_block=&#8221;true&#8221; link=&#8221;url:http%3A%2F%2Fwmzpn.pl%2Fwp-content%2Fuploads%2F2020%2F05%2Folimpia-elblag.png||target:%20_blank|&#8221;][\/vc_column_inner][vc_column_inner width=&#8221;1\/2&#8243;][vc_btn title=&#8221;jpg&#8221; align=&#8221;center&#8221; button_block=&#8221;true&#8221; link=&#8221;url:http%3A%2F%2Fwmzpn.pl%2Fwp-content%2Fuploads%2F2020%2F05%2Folimpia-elblag.jpg||target:%20_blank|&#8221;][\/vc_column_inner][\/vc_row_inner][vc_separator][vc_wp_text]Stadion Miejski w Elbl\u0105gu adres: ul. Agrykola 8, 82-300 Elbl\u0105g pojemno\u015b\u0107: 3000 miejsc wymiar boiska: 105&#215;68 m o\u015bwietlenie: tak[\/vc_wp_text][vc_single_image image=&#8221;14745&#8243; img_size=&#8221;full&#8221; onclick=&#8221;link_image&#8221;][\/vc_column][vc_column width=&#8221;1\/3&#8243;][vc_wp_text]ZKS Olimpia Elbl\u0105g barwy: \u017c\u00f3\u0142to-bia\u0142o-niebieskie rok za\u0142o\u017cenia: 1945 adres: ul. Agrykola 8, 82-300 Elbl\u0105g e-mail: [&hellip;]<\/p>\n","protected":false},"author":3,"featured_media":0,"parent":0,"menu_order":0,"comment_status":"closed","ping_status":"closed","template":"","meta":{"footnotes":""},"class_list":["post-12195","page","type-page","status-publish","hentry"],"_links":{"self":[{"href":"https:\/\/wmzpn.pl\/index.php?rest_route=\/wp\/v2\/pages\/12195","targetHints":{"allow":["GET"]}}],"collection":[{"href":"https:\/\/wmzpn.pl\/index.php?rest_route=\/wp\/v2\/pages"}],"about":[{"href":"https:\/\/wmzpn.pl\/index.php?rest_route=\/wp\/v2\/types\/page"}],"author":[{"embeddable":true,"href":"https:\/\/wmzpn.pl\/index.php?rest_route=\/wp\/v2\/users\/3"}],"replies":[{"embeddable":true,"href":"https:\/\/wmzpn.pl\/index.php?rest_route=%2Fwp%2Fv2%2Fcomments&post=12195"}],"version-history":[{"count":14,"href":"https:\/\/wmzpn.pl\/index.php?rest_route=\/wp\/v2\/pages\/12195\/revisions"}],"predecessor-version":[{"id":48285,"href":"https:\/\/wmzpn.pl\/index.php?rest_route=\/wp\/v2\/pages\/12195\/revisions\/48285"}],"wp:attachment":[{"href":"https:\/\/wmzpn.pl\/index.php?rest_route=%2Fwp%2Fv2%2Fmedia&parent=12195"}],"curies":[{"name":"wp","href":"https:\/\/api.w.org\/{rel}","templated":true}]}}