{"id":12177,"date":"2020-04-27T11:37:57","date_gmt":"2020-04-27T11:37:57","guid":{"rendered":"http:\/\/wmzpn.pl\/?page_id=12177"},"modified":"2025-08-18T07:14:09","modified_gmt":"2025-08-18T07:14:09","slug":"stomil-olsztyn","status":"publish","type":"page","link":"https:\/\/wmzpn.pl\/?page_id=12177","title":{"rendered":"Stomil Olsztyn"},"content":{"rendered":"<div class=\"wpb-content-wrapper\"><p>[vc_row content_placement=&#8221;middle&#8221;][vc_column][vc_separator border_width=&#8221;2&#8243;][\/vc_column][\/vc_row][vc_row][vc_column width=&#8221;1\/3&#8243;][vc_raw_html]JTVCd3BkcmVhbXNfYWpheHNlYXJjaGxpdGUlNUQ=[\/vc_raw_html][vc_raw_html]JTVCaWtzX21lbnUlMjBpZCUzRCUyMjEyMDE4JTIyJTVE[\/vc_raw_html][\/vc_column][vc_column width=&#8221;1\/3&#8243;][vc_single_image image=&#8221;13055&#8243; img_size=&#8221;full&#8221;][vc_text_separator title=&#8221;pobierz herb&#8221;][vc_row_inner][vc_column_inner width=&#8221;1\/2&#8243;][vc_btn title=&#8221;png&#8221; align=&#8221;center&#8221; button_block=&#8221;true&#8221; link=&#8221;url:http%3A%2F%2Fwmzpn.pl%2Fwp-content%2Fuploads%2F2020%2F05%2Fstomil-olsztyn.png||target:%20_blank|&#8221;][\/vc_column_inner][vc_column_inner width=&#8221;1\/2&#8243;][vc_btn title=&#8221;jpg&#8221; align=&#8221;center&#8221; button_block=&#8221;true&#8221; link=&#8221;url:http%3A%2F%2Fwmzpn.pl%2Fwp-content%2Fuploads%2F2020%2F05%2Fstomil-olsztyn.jpg||target:%20_blank|&#8221;][\/vc_column_inner][\/vc_row_inner][vc_separator][vc_wp_text]<strong>Stadion OSiR w Olsztynie<\/strong><\/p>\n<p><strong>adres:<\/strong> al. Pi\u0142sudskiego 69A, 10-569 Olsztyn<\/p>\n<p><strong>pojemno\u015b\u0107:<\/strong> 2973 miejsc<\/p>\n<p><strong>wymiar boiska: <\/strong>105&#215;68 m<\/p>\n<p><strong>o\u015bwietlenie: <\/strong>tak (2200 lux)[\/vc_wp_text][vc_single_image image=&#8221;14744&#8243; img_size=&#8221;full&#8221; onclick=&#8221;link_image&#8221;][\/vc_column][vc_column width=&#8221;1\/3&#8243;][vc_wp_text]<strong>Stomil Olsztyn SA<\/strong><\/p>\n<p><strong>barwy:<\/strong> bia\u0142o-niebieskie<\/p>\n<p><strong>rok za\u0142o\u017cenia:<\/strong> 15 lipca 1945<\/p>\n<p><strong>adres:<\/strong> al. Pi\u0142sudskiego 69A, 10-569 Olsztyn<\/p>\n<p><strong>e-mail:<\/strong> stomilolsztynsa@wmzpn.pl, biuro@stomilolsztyn.com<\/p>\n<p><strong>Prezes:<\/strong> Marcin Burza[\/vc_wp_text][vc_wp_text]<strong>Media klubu:<\/strong><\/p>\n<p><a href=\"http:\/\/www.stomilolsztyn.com\/\" target=\"_blank\" rel=\"noopener noreferrer\"><img loading=\"lazy\" decoding=\"async\" class=\"alignnone wp-image-12842\" src=\"http:\/\/wmzpn.pl\/wp-content\/uploads\/2020\/04\/seo-sem.png\" alt=\"\" width=\"35\" height=\"35\" \/><\/a>\u00a0 <a href=\"https:\/\/www.facebook.com\/stomilolsztynsa\/\" target=\"_blank\" rel=\"noopener noreferrer\"><img loading=\"lazy\" decoding=\"async\" class=\"alignnone wp-image-12846\" src=\"http:\/\/wmzpn.pl\/wp-content\/uploads\/2020\/04\/facebook2.png\" alt=\"\" width=\"35\" height=\"35\" \/><\/a>\u00a0 <a href=\"https:\/\/www.instagram.com\/stomil_olsztyn_sa\/?hl=pl\" target=\"_blank\" rel=\"noopener noreferrer\"><img loading=\"lazy\" decoding=\"async\" class=\"alignnone wp-image-12845\" src=\"http:\/\/wmzpn.pl\/wp-content\/uploads\/2020\/04\/logos2.png\" alt=\"\" width=\"35\" height=\"35\" \/><\/a>\u00a0 <a href=\"https:\/\/twitter.com\/StomilOlsztynSA\" target=\"_blank\" rel=\"noopener noreferrer\"><img loading=\"lazy\" decoding=\"async\" class=\"alignnone wp-image-12843\" src=\"http:\/\/wmzpn.pl\/wp-content\/uploads\/2020\/04\/windows-media-audio.png\" alt=\"\" width=\"35\" height=\"35\" \/><\/a>\u00a0 <a href=\"https:\/\/www.youtube.com\/user\/stomilolsztynTV\" target=\"_blank\" rel=\"noopener noreferrer\"><img loading=\"lazy\" decoding=\"async\" class=\"alignnone wp-image-12844\" src=\"http:\/\/wmzpn.pl\/wp-content\/uploads\/2020\/04\/youtube1.png\" alt=\"\" width=\"35\" height=\"35\" \/><\/a>[\/vc_wp_text][vc_separator][vc_gmaps link=&#8221;#E-8_JTNDaWZyYW1lJTIwc3JjJTNEJTIyaHR0cHMlM0ElMkYlMkZ3d3cuZ29vZ2xlLmNvbSUyRm1hcHMlMkZlbWJlZCUzRnBiJTNEJTIxMW0xOCUyMTFtMTIlMjExbTMlMjExZDM5NjUuNTcwNDYyODQyOTM1MyUyMTJkMjAuNTA3NTI5ODA4MjIyMjElMjEzZDUzLjc3MjcxNDQzNjg0OTI1JTIxMm0zJTIxMWYwJTIxMmYwJTIxM2YwJTIxM20yJTIxMWkxMDI0JTIxMmk3NjglMjE0ZjEzLjElMjEzbTMlMjExbTIlMjExczB4MCUyNTNBMHg4MzBiNTAxYzc1MDRlNmUyJTIxMnNTdGFkaW9uJTI1MjBTdG9taWwlMjUyME9sc3p0eW4lMjE1ZTAlMjEzbTIlMjExc3BsJTIxMnNwbCUyMTR2MTU4ODk2MTY5MjE3NyUyMTVtMiUyMTFzcGwlMjEyc3BsJTIyJTIwd2lkdGglM0QlMjI2MDAlMjIlMjBoZWlnaHQlM0QlMjI0NTAlMjIlMjBmcmFtZWJvcmRlciUzRCUyMjAlMjIlMjBzdHlsZSUzRCUyMmJvcmRlciUzQTAlM0IlMjIlMjBhbGxvd2Z1bGxzY3JlZW4lM0QlMjIlMjIlMjBhcmlhLWhpZGRlbiUzRCUyMmZhbHNlJTIyJTIwdGFiaW5kZXglM0QlMjIwJTIyJTNFJTNDJTJGaWZyYW1lJTNF&#8221; size=&#8221;300&#8243;][vc_message]<strong>Dane nieaktualne?<\/strong><br \/>\nNapisz do nas na email: <a href=\"mailto:kamil.zawalich@wmzpn.pl\"><span style=\"color: #56b0ee;\">kamil.zawalich@wmzpn.pl<\/span><\/a><br \/>\ni daj zna\u0107 co nale\u017cy poprawi\u0107![\/vc_message][\/vc_column][\/vc_row][vc_row][vc_column][vc_zigzag][\/vc_column][\/vc_row]<\/p>\n<\/div>","protected":false},"excerpt":{"rendered":"<p>[vc_row content_placement=&#8221;middle&#8221;][vc_column][vc_separator border_width=&#8221;2&#8243;][\/vc_column][\/vc_row][vc_row][vc_column width=&#8221;1\/3&#8243;][vc_raw_html]JTVCd3BkcmVhbXNfYWpheHNlYXJjaGxpdGUlNUQ=[\/vc_raw_html][vc_raw_html]JTVCaWtzX21lbnUlMjBpZCUzRCUyMjEyMDE4JTIyJTVE[\/vc_raw_html][\/vc_column][vc_column width=&#8221;1\/3&#8243;][vc_single_image image=&#8221;13055&#8243; img_size=&#8221;full&#8221;][vc_text_separator title=&#8221;pobierz herb&#8221;][vc_row_inner][vc_column_inner width=&#8221;1\/2&#8243;][vc_btn title=&#8221;png&#8221; align=&#8221;center&#8221; button_block=&#8221;true&#8221; link=&#8221;url:http%3A%2F%2Fwmzpn.pl%2Fwp-content%2Fuploads%2F2020%2F05%2Fstomil-olsztyn.png||target:%20_blank|&#8221;][\/vc_column_inner][vc_column_inner width=&#8221;1\/2&#8243;][vc_btn title=&#8221;jpg&#8221; align=&#8221;center&#8221; button_block=&#8221;true&#8221; link=&#8221;url:http%3A%2F%2Fwmzpn.pl%2Fwp-content%2Fuploads%2F2020%2F05%2Fstomil-olsztyn.jpg||target:%20_blank|&#8221;][\/vc_column_inner][\/vc_row_inner][vc_separator][vc_wp_text]Stadion OSiR w Olsztynie adres: al. Pi\u0142sudskiego 69A, 10-569 Olsztyn pojemno\u015b\u0107: 2973 miejsc wymiar boiska: 105&#215;68 m o\u015bwietlenie: tak (2200 lux)[\/vc_wp_text][vc_single_image image=&#8221;14744&#8243; img_size=&#8221;full&#8221; onclick=&#8221;link_image&#8221;][\/vc_column][vc_column width=&#8221;1\/3&#8243;][vc_wp_text]Stomil Olsztyn SA barwy: bia\u0142o-niebieskie rok za\u0142o\u017cenia: 15 lipca 1945 adres: al. Pi\u0142sudskiego [&hellip;]<\/p>\n","protected":false},"author":3,"featured_media":0,"parent":0,"menu_order":0,"comment_status":"closed","ping_status":"closed","template":"","meta":{"footnotes":""},"class_list":["post-12177","page","type-page","status-publish","hentry"],"_links":{"self":[{"href":"https:\/\/wmzpn.pl\/index.php?rest_route=\/wp\/v2\/pages\/12177","targetHints":{"allow":["GET"]}}],"collection":[{"href":"https:\/\/wmzpn.pl\/index.php?rest_route=\/wp\/v2\/pages"}],"about":[{"href":"https:\/\/wmzpn.pl\/index.php?rest_route=\/wp\/v2\/types\/page"}],"author":[{"embeddable":true,"href":"https:\/\/wmzpn.pl\/index.php?rest_route=\/wp\/v2\/users\/3"}],"replies":[{"embeddable":true,"href":"https:\/\/wmzpn.pl\/index.php?rest_route=%2Fwp%2Fv2%2Fcomments&post=12177"}],"version-history":[{"count":18,"href":"https:\/\/wmzpn.pl\/index.php?rest_route=\/wp\/v2\/pages\/12177\/revisions"}],"predecessor-version":[{"id":46407,"href":"https:\/\/wmzpn.pl\/index.php?rest_route=\/wp\/v2\/pages\/12177\/revisions\/46407"}],"wp:attachment":[{"href":"https:\/\/wmzpn.pl\/index.php?rest_route=%2Fwp%2Fv2%2Fmedia&parent=12177"}],"curies":[{"name":"wp","href":"https:\/\/api.w.org\/{rel}","templated":true}]}}